{"id":3928,"date":"2025-09-02T12:25:34","date_gmt":"2025-09-02T12:25:34","guid":{"rendered":"https:\/\/www.pinturaselbex.com\/sitionuevo\/?post_type=product&#038;p=3928"},"modified":"2025-09-02T14:54:39","modified_gmt":"2025-09-02T14:54:39","slug":"hidroelbex-satinado","status":"publish","type":"product","link":"https:\/\/www.pinturaselbex.com\/sitionuevo\/producto\/hidroelbex-satinado\/","title":{"rendered":"HidroElbex &#8211; Satinado"},"content":{"rendered":"","protected":false},"excerpt":{"rendered":"<p class=\"tiDesc\">Esmalte acr\u00edlico satinado para metal, madera y mamposter\u00eda, base acuosa. Pel\u00edcula de \u00f3ptima resistencia a la suciedad y al desgaste, sin amarilleo, apta para uso interior y exterior.<\/p>\n<p>&nbsp;<\/p>\n<div class=\"row contentExtra\">\n<div class=\"col-md-6\">\n<p class=\"tiLabel\">Presentaciones<\/p>\n<p class=\"tiInput\">1 LTS, 4 LTS<\/p>\n<div class=\"tiInput\">\n<div><\/div>\n<div class=\"paletasContent\">Rendimiento<\/div>\n<\/div>\n<\/div>\n<div class=\"col-md-6\">\n<p class=\"tiInput\">10 a 12 m\u00b2 por litro<\/p>\n<\/div>\n<div class=\"col-md-6\">\n<div class=\"tiInput\">\n<div class=\"paletasContent\">\n<div class=\"paletaProd ulti \" title=\"Negro\"><\/div>\n<\/div>\n<\/div>\n<\/div>\n<div class=\"col-md-6\">\n<p class=\"tiLabel\">Rendimiento<\/p>\n<p class=\"tiInput\">10 a 14 m2 por litro y por mano<\/p>\n<p>&nbsp;<\/p>\n<p class=\"tiLabel\">Terminaci\u00f3n<\/p>\n<p>Satinado<\/p>\n<p>&nbsp;<\/p>\n<\/div>\n<table>\n<tbody>\n<tr>\n<th><a style=\"font-weight: 400;\" href=\"https:\/\/www.pinturaselbex.com\/sitionuevo\/wp-content\/uploads\/2022\/07\/ELBEX-Ficha-tecnica-RindePlus_2.pdf\" target=\"_blank\" rel=\"noopener\"><span style=\"color: #333333;\"><img loading=\"lazy\" decoding=\"async\" class=\"alignnone size-full wp-image-3117\" src=\"https:\/\/www.pinturaselbex.com\/sitionuevo\/wp-content\/uploads\/2022\/01\/Icono-PDF.png\" alt=\"\" width=\"50\" height=\"50\" \/><\/span><\/a><\/th>\n<th><a href=\"https:\/\/www.pinturaselbex.com\/sitionuevo\/wp-content\/uploads\/2025\/09\/HidroElbex-SATINADO-Feciha-tecnica.pdf\"><span style=\"color: #333333;\"><strong>Ficha t\u00e9cnica<\/strong><\/span><\/a><\/th>\n<\/tr>\n<\/tbody>\n<\/table>\n<p>&nbsp;<\/p>\n<\/div>\n","protected":false},"featured_media":3929,"template":"","meta":{"_monsterinsights_skip_tracking":false,"_monsterinsights_sitenote_active":false,"_monsterinsights_sitenote_note":"","_monsterinsights_sitenote_category":0},"product_brand":[],"product_cat":[73,118],"product_tag":[],"class_list":{"0":"post-3928","1":"product","2":"type-product","3":"status-publish","4":"has-post-thumbnail","6":"product_cat-esmaltes","7":"product_cat-hidroesmalte-arquitectonica","9":"first","10":"instock","11":"shipping-taxable","12":"product-type-simple"},"yoast_head":"<!-- This site is optimized with the Yoast SEO plugin v24.4 - https:\/\/yoast.com\/wordpress\/plugins\/seo\/ -->\n<title>HidroElbex - Satinado - ELBEX Pinturas<\/title>\n<meta name=\"robots\" content=\"index, follow, max-snippet:-1, max-image-preview:large, max-video-preview:-1\" \/>\n<link rel=\"canonical\" href=\"https:\/\/www.pinturaselbex.com\/sitionuevo\/producto\/hidroelbex-satinado\/\" \/>\n<meta property=\"og:locale\" content=\"es_ES\" \/>\n<meta property=\"og:type\" content=\"article\" \/>\n<meta property=\"og:title\" content=\"HidroElbex - Satinado - ELBEX Pinturas\" \/>\n<meta property=\"og:description\" content=\"Esmalte acr\u00edlico satinado para metal, madera y mamposter\u00eda, base acuosa. Pel\u00edcula de \u00f3ptima resistencia a la suciedad y al desgaste, sin amarilleo, apta para uso interior y exterior. &nbsp;   Presentaciones 1 LTS, 4 LTS    Rendimiento    10 a 12 m\u00b2 por litro           Rendimiento 10 a 14 m2 por litro y por mano &nbsp; Terminaci\u00f3n Satinado  &nbsp;       Ficha t\u00e9cnica    &nbsp;\" \/>\n<meta property=\"og:url\" content=\"https:\/\/www.pinturaselbex.com\/sitionuevo\/producto\/hidroelbex-satinado\/\" \/>\n<meta property=\"og:site_name\" content=\"ELBEX Pinturas\" \/>\n<meta property=\"article:modified_time\" content=\"2025-09-02T14:54:39+00:00\" \/>\n<meta property=\"og:image\" content=\"https:\/\/www.pinturaselbex.com\/sitionuevo\/wp-content\/uploads\/2025\/09\/HIDROELBEX-web-1024x1024.png\" \/>\n\t<meta property=\"og:image:width\" content=\"1024\" \/>\n\t<meta property=\"og:image:height\" content=\"1024\" \/>\n\t<meta property=\"og:image:type\" content=\"image\/png\" \/>\n<meta name=\"twitter:card\" content=\"summary_large_image\" \/>\n<meta name=\"twitter:label1\" content=\"Tiempo de lectura\" \/>\n\t<meta name=\"twitter:data1\" content=\"1 minuto\" \/>\n<script type=\"application\/ld+json\" class=\"yoast-schema-graph\">{\"@context\":\"https:\/\/schema.org\",\"@graph\":[{\"@type\":\"WebPage\",\"@id\":\"https:\/\/www.pinturaselbex.com\/sitionuevo\/producto\/hidroelbex-satinado\/\",\"url\":\"https:\/\/www.pinturaselbex.com\/sitionuevo\/producto\/hidroelbex-satinado\/\",\"name\":\"HidroElbex - Satinado - ELBEX Pinturas\",\"isPartOf\":{\"@id\":\"https:\/\/www.pinturaselbex.com\/sitionuevo\/#website\"},\"primaryImageOfPage\":{\"@id\":\"https:\/\/www.pinturaselbex.com\/sitionuevo\/producto\/hidroelbex-satinado\/#primaryimage\"},\"image\":{\"@id\":\"https:\/\/www.pinturaselbex.com\/sitionuevo\/producto\/hidroelbex-satinado\/#primaryimage\"},\"thumbnailUrl\":\"https:\/\/www.pinturaselbex.com\/sitionuevo\/wp-content\/uploads\/2025\/09\/HIDROELBEX-web.png\",\"datePublished\":\"2025-09-02T12:25:34+00:00\",\"dateModified\":\"2025-09-02T14:54:39+00:00\",\"breadcrumb\":{\"@id\":\"https:\/\/www.pinturaselbex.com\/sitionuevo\/producto\/hidroelbex-satinado\/#breadcrumb\"},\"inLanguage\":\"es\",\"potentialAction\":[{\"@type\":\"ReadAction\",\"target\":[\"https:\/\/www.pinturaselbex.com\/sitionuevo\/producto\/hidroelbex-satinado\/\"]}]},{\"@type\":\"ImageObject\",\"inLanguage\":\"es\",\"@id\":\"https:\/\/www.pinturaselbex.com\/sitionuevo\/producto\/hidroelbex-satinado\/#primaryimage\",\"url\":\"https:\/\/www.pinturaselbex.com\/sitionuevo\/wp-content\/uploads\/2025\/09\/HIDROELBEX-web.png\",\"contentUrl\":\"https:\/\/www.pinturaselbex.com\/sitionuevo\/wp-content\/uploads\/2025\/09\/HIDROELBEX-web.png\",\"width\":2500,\"height\":2500},{\"@type\":\"BreadcrumbList\",\"@id\":\"https:\/\/www.pinturaselbex.com\/sitionuevo\/producto\/hidroelbex-satinado\/#breadcrumb\",\"itemListElement\":[{\"@type\":\"ListItem\",\"position\":1,\"name\":\"Portada\",\"item\":\"https:\/\/www.pinturaselbex.com\/sitionuevo\/\"},{\"@type\":\"ListItem\",\"position\":2,\"name\":\"Tienda\",\"item\":\"https:\/\/www.pinturaselbex.com\/sitionuevo\/tienda\/\"},{\"@type\":\"ListItem\",\"position\":3,\"name\":\"HidroElbex &#8211; Satinado\"}]},{\"@type\":\"WebSite\",\"@id\":\"https:\/\/www.pinturaselbex.com\/sitionuevo\/#website\",\"url\":\"https:\/\/www.pinturaselbex.com\/sitionuevo\/\",\"name\":\"ELBEX Pinturas\",\"description\":\"Pinturas para interiores y exteriores\",\"potentialAction\":[{\"@type\":\"SearchAction\",\"target\":{\"@type\":\"EntryPoint\",\"urlTemplate\":\"https:\/\/www.pinturaselbex.com\/sitionuevo\/?s={search_term_string}\"},\"query-input\":{\"@type\":\"PropertyValueSpecification\",\"valueRequired\":true,\"valueName\":\"search_term_string\"}}],\"inLanguage\":\"es\"}]}<\/script>\n<!-- \/ Yoast SEO plugin. -->","yoast_head_json":{"title":"HidroElbex - Satinado - ELBEX Pinturas","robots":{"index":"index","follow":"follow","max-snippet":"max-snippet:-1","max-image-preview":"max-image-preview:large","max-video-preview":"max-video-preview:-1"},"canonical":"https:\/\/www.pinturaselbex.com\/sitionuevo\/producto\/hidroelbex-satinado\/","og_locale":"es_ES","og_type":"article","og_title":"HidroElbex - Satinado - ELBEX Pinturas","og_description":"Esmalte acr\u00edlico satinado para metal, madera y mamposter\u00eda, base acuosa. Pel\u00edcula de \u00f3ptima resistencia a la suciedad y al desgaste, sin amarilleo, apta para uso interior y exterior. &nbsp;   Presentaciones 1 LTS, 4 LTS    Rendimiento    10 a 12 m\u00b2 por litro           Rendimiento 10 a 14 m2 por litro y por mano &nbsp; Terminaci\u00f3n Satinado  &nbsp;       Ficha t\u00e9cnica    &nbsp;","og_url":"https:\/\/www.pinturaselbex.com\/sitionuevo\/producto\/hidroelbex-satinado\/","og_site_name":"ELBEX Pinturas","article_modified_time":"2025-09-02T14:54:39+00:00","og_image":[{"width":1024,"height":1024,"url":"https:\/\/www.pinturaselbex.com\/sitionuevo\/wp-content\/uploads\/2025\/09\/HIDROELBEX-web-1024x1024.png","type":"image\/png"}],"twitter_card":"summary_large_image","twitter_misc":{"Tiempo de lectura":"1 minuto"},"schema":{"@context":"https:\/\/schema.org","@graph":[{"@type":"WebPage","@id":"https:\/\/www.pinturaselbex.com\/sitionuevo\/producto\/hidroelbex-satinado\/","url":"https:\/\/www.pinturaselbex.com\/sitionuevo\/producto\/hidroelbex-satinado\/","name":"HidroElbex - Satinado - ELBEX Pinturas","isPartOf":{"@id":"https:\/\/www.pinturaselbex.com\/sitionuevo\/#website"},"primaryImageOfPage":{"@id":"https:\/\/www.pinturaselbex.com\/sitionuevo\/producto\/hidroelbex-satinado\/#primaryimage"},"image":{"@id":"https:\/\/www.pinturaselbex.com\/sitionuevo\/producto\/hidroelbex-satinado\/#primaryimage"},"thumbnailUrl":"https:\/\/www.pinturaselbex.com\/sitionuevo\/wp-content\/uploads\/2025\/09\/HIDROELBEX-web.png","datePublished":"2025-09-02T12:25:34+00:00","dateModified":"2025-09-02T14:54:39+00:00","breadcrumb":{"@id":"https:\/\/www.pinturaselbex.com\/sitionuevo\/producto\/hidroelbex-satinado\/#breadcrumb"},"inLanguage":"es","potentialAction":[{"@type":"ReadAction","target":["https:\/\/www.pinturaselbex.com\/sitionuevo\/producto\/hidroelbex-satinado\/"]}]},{"@type":"ImageObject","inLanguage":"es","@id":"https:\/\/www.pinturaselbex.com\/sitionuevo\/producto\/hidroelbex-satinado\/#primaryimage","url":"https:\/\/www.pinturaselbex.com\/sitionuevo\/wp-content\/uploads\/2025\/09\/HIDROELBEX-web.png","contentUrl":"https:\/\/www.pinturaselbex.com\/sitionuevo\/wp-content\/uploads\/2025\/09\/HIDROELBEX-web.png","width":2500,"height":2500},{"@type":"BreadcrumbList","@id":"https:\/\/www.pinturaselbex.com\/sitionuevo\/producto\/hidroelbex-satinado\/#breadcrumb","itemListElement":[{"@type":"ListItem","position":1,"name":"Portada","item":"https:\/\/www.pinturaselbex.com\/sitionuevo\/"},{"@type":"ListItem","position":2,"name":"Tienda","item":"https:\/\/www.pinturaselbex.com\/sitionuevo\/tienda\/"},{"@type":"ListItem","position":3,"name":"HidroElbex &#8211; Satinado"}]},{"@type":"WebSite","@id":"https:\/\/www.pinturaselbex.com\/sitionuevo\/#website","url":"https:\/\/www.pinturaselbex.com\/sitionuevo\/","name":"ELBEX Pinturas","description":"Pinturas para interiores y exteriores","potentialAction":[{"@type":"SearchAction","target":{"@type":"EntryPoint","urlTemplate":"https:\/\/www.pinturaselbex.com\/sitionuevo\/?s={search_term_string}"},"query-input":{"@type":"PropertyValueSpecification","valueRequired":true,"valueName":"search_term_string"}}],"inLanguage":"es"}]}},"_links":{"self":[{"href":"https:\/\/www.pinturaselbex.com\/sitionuevo\/wp-json\/wp\/v2\/product\/3928","targetHints":{"allow":["GET"]}}],"collection":[{"href":"https:\/\/www.pinturaselbex.com\/sitionuevo\/wp-json\/wp\/v2\/product"}],"about":[{"href":"https:\/\/www.pinturaselbex.com\/sitionuevo\/wp-json\/wp\/v2\/types\/product"}],"wp:featuredmedia":[{"embeddable":true,"href":"https:\/\/www.pinturaselbex.com\/sitionuevo\/wp-json\/wp\/v2\/media\/3929"}],"wp:attachment":[{"href":"https:\/\/www.pinturaselbex.com\/sitionuevo\/wp-json\/wp\/v2\/media?parent=3928"}],"wp:term":[{"taxonomy":"product_brand","embeddable":true,"href":"https:\/\/www.pinturaselbex.com\/sitionuevo\/wp-json\/wp\/v2\/product_brand?post=3928"},{"taxonomy":"product_cat","embeddable":true,"href":"https:\/\/www.pinturaselbex.com\/sitionuevo\/wp-json\/wp\/v2\/product_cat?post=3928"},{"taxonomy":"product_tag","embeddable":true,"href":"https:\/\/www.pinturaselbex.com\/sitionuevo\/wp-json\/wp\/v2\/product_tag?post=3928"}],"curies":[{"name":"wp","href":"https:\/\/api.w.org\/{rel}","templated":true}]}}