{"id":3923,"date":"2025-09-01T20:09:44","date_gmt":"2025-09-01T20:09:44","guid":{"rendered":"https:\/\/www.pinturaselbex.com\/sitionuevo\/?post_type=product&#038;p=3923"},"modified":"2025-09-02T14:55:47","modified_gmt":"2025-09-02T14:55:47","slug":"hidroelbex-brillante","status":"publish","type":"product","link":"https:\/\/www.pinturaselbex.com\/sitionuevo\/producto\/hidroelbex-brillante\/","title":{"rendered":"HidroElbex &#8211; Brillante"},"content":{"rendered":"","protected":false},"excerpt":{"rendered":"<p class=\"tiDesc\">Fondo universal al agua de doble funci\u00f3n: anti\u00f3xido para la preparaci\u00f3n de superficies met\u00e1licas y nivelador de absorci\u00f3n y relleno para superficies de madera.<\/p>\n<p>&nbsp;<\/p>\n<div class=\"row contentExtra\">\n<div class=\"col-md-6\">\n<p class=\"tiLabel\">Presentaciones<\/p>\n<p class=\"tiInput\">1 LTS, 4 LTS<\/p>\n<div class=\"tiInput\">\n<div><\/div>\n<div class=\"paletasContent\">Rendimiento<\/div>\n<\/div>\n<\/div>\n<div class=\"col-md-6\">\n<p class=\"tiInput\">10 a 12 m\u00b2 por litro<\/p>\n<\/div>\n<p>&nbsp;<\/p>\n<table>\n<tbody>\n<tr>\n<th><a style=\"font-weight: 400;\" href=\"https:\/\/www.pinturaselbex.com\/sitionuevo\/wp-content\/uploads\/2022\/07\/ELBEX-Ficha-tecnica-RindePlus_2.pdf\" target=\"_blank\" rel=\"noopener\"><span style=\"color: #333333;\"><img loading=\"lazy\" decoding=\"async\" class=\"alignnone size-full wp-image-3117\" src=\"https:\/\/www.pinturaselbex.com\/sitionuevo\/wp-content\/uploads\/2022\/01\/Icono-PDF.png\" alt=\"\" width=\"50\" height=\"50\" \/><\/span><\/a><\/th>\n<th><a href=\"https:\/\/www.pinturaselbex.com\/sitionuevo\/wp-content\/uploads\/2025\/09\/HidroElbex-Feciha-tecnica.pdf\"><span style=\"color: #333333;\"><strong>Ficha t\u00e9cnica<\/strong><\/span><\/a><\/th>\n<\/tr>\n<\/tbody>\n<\/table>\n<p>&nbsp;<\/p>\n<\/div>\n","protected":false},"featured_media":3924,"template":"","meta":{"_monsterinsights_skip_tracking":false,"_monsterinsights_sitenote_active":false,"_monsterinsights_sitenote_note":"","_monsterinsights_sitenote_category":0},"product_brand":[],"product_cat":[73,118],"product_tag":[],"class_list":{"0":"post-3923","1":"product","2":"type-product","3":"status-publish","4":"has-post-thumbnail","6":"product_cat-esmaltes","7":"product_cat-hidroesmalte-arquitectonica","9":"first","10":"instock","11":"shipping-taxable","12":"product-type-simple"},"yoast_head":"<!-- This site is optimized with the Yoast SEO plugin v24.4 - https:\/\/yoast.com\/wordpress\/plugins\/seo\/ -->\n<title>HidroElbex - Brillante - ELBEX Pinturas<\/title>\n<meta name=\"robots\" content=\"index, follow, max-snippet:-1, max-image-preview:large, max-video-preview:-1\" \/>\n<link rel=\"canonical\" href=\"https:\/\/www.pinturaselbex.com\/sitionuevo\/producto\/hidroelbex-brillante\/\" \/>\n<meta property=\"og:locale\" content=\"es_ES\" \/>\n<meta property=\"og:type\" content=\"article\" \/>\n<meta property=\"og:title\" content=\"HidroElbex - Brillante - ELBEX Pinturas\" \/>\n<meta property=\"og:description\" content=\"Fondo universal al agua de doble funci\u00f3n: anti\u00f3xido para la preparaci\u00f3n de superficies met\u00e1licas y nivelador de absorci\u00f3n y relleno para superficies de madera. &nbsp;   Presentaciones 1 LTS, 4 LTS    Rendimiento    10 a 12 m\u00b2 por litro   &nbsp;     Ficha t\u00e9cnica    &nbsp;\" \/>\n<meta property=\"og:url\" content=\"https:\/\/www.pinturaselbex.com\/sitionuevo\/producto\/hidroelbex-brillante\/\" \/>\n<meta property=\"og:site_name\" content=\"ELBEX Pinturas\" \/>\n<meta property=\"article:modified_time\" content=\"2025-09-02T14:55:47+00:00\" \/>\n<meta property=\"og:image\" content=\"https:\/\/www.pinturaselbex.com\/sitionuevo\/wp-content\/uploads\/2025\/09\/HIDROELBEX-brillante-1024x1024.png\" \/>\n\t<meta property=\"og:image:width\" content=\"1024\" \/>\n\t<meta property=\"og:image:height\" content=\"1024\" \/>\n\t<meta property=\"og:image:type\" content=\"image\/png\" \/>\n<meta name=\"twitter:card\" content=\"summary_large_image\" \/>\n<meta name=\"twitter:label1\" content=\"Tiempo de lectura\" \/>\n\t<meta name=\"twitter:data1\" content=\"1 minuto\" \/>\n<script type=\"application\/ld+json\" class=\"yoast-schema-graph\">{\"@context\":\"https:\/\/schema.org\",\"@graph\":[{\"@type\":\"WebPage\",\"@id\":\"https:\/\/www.pinturaselbex.com\/sitionuevo\/producto\/hidroelbex-brillante\/\",\"url\":\"https:\/\/www.pinturaselbex.com\/sitionuevo\/producto\/hidroelbex-brillante\/\",\"name\":\"HidroElbex - Brillante - ELBEX Pinturas\",\"isPartOf\":{\"@id\":\"https:\/\/www.pinturaselbex.com\/sitionuevo\/#website\"},\"primaryImageOfPage\":{\"@id\":\"https:\/\/www.pinturaselbex.com\/sitionuevo\/producto\/hidroelbex-brillante\/#primaryimage\"},\"image\":{\"@id\":\"https:\/\/www.pinturaselbex.com\/sitionuevo\/producto\/hidroelbex-brillante\/#primaryimage\"},\"thumbnailUrl\":\"https:\/\/www.pinturaselbex.com\/sitionuevo\/wp-content\/uploads\/2025\/09\/HIDROELBEX-brillante.png\",\"datePublished\":\"2025-09-01T20:09:44+00:00\",\"dateModified\":\"2025-09-02T14:55:47+00:00\",\"breadcrumb\":{\"@id\":\"https:\/\/www.pinturaselbex.com\/sitionuevo\/producto\/hidroelbex-brillante\/#breadcrumb\"},\"inLanguage\":\"es\",\"potentialAction\":[{\"@type\":\"ReadAction\",\"target\":[\"https:\/\/www.pinturaselbex.com\/sitionuevo\/producto\/hidroelbex-brillante\/\"]}]},{\"@type\":\"ImageObject\",\"inLanguage\":\"es\",\"@id\":\"https:\/\/www.pinturaselbex.com\/sitionuevo\/producto\/hidroelbex-brillante\/#primaryimage\",\"url\":\"https:\/\/www.pinturaselbex.com\/sitionuevo\/wp-content\/uploads\/2025\/09\/HIDROELBEX-brillante.png\",\"contentUrl\":\"https:\/\/www.pinturaselbex.com\/sitionuevo\/wp-content\/uploads\/2025\/09\/HIDROELBEX-brillante.png\",\"width\":2500,\"height\":2500},{\"@type\":\"BreadcrumbList\",\"@id\":\"https:\/\/www.pinturaselbex.com\/sitionuevo\/producto\/hidroelbex-brillante\/#breadcrumb\",\"itemListElement\":[{\"@type\":\"ListItem\",\"position\":1,\"name\":\"Portada\",\"item\":\"https:\/\/www.pinturaselbex.com\/sitionuevo\/\"},{\"@type\":\"ListItem\",\"position\":2,\"name\":\"Tienda\",\"item\":\"https:\/\/www.pinturaselbex.com\/sitionuevo\/tienda\/\"},{\"@type\":\"ListItem\",\"position\":3,\"name\":\"HidroElbex &#8211; Brillante\"}]},{\"@type\":\"WebSite\",\"@id\":\"https:\/\/www.pinturaselbex.com\/sitionuevo\/#website\",\"url\":\"https:\/\/www.pinturaselbex.com\/sitionuevo\/\",\"name\":\"ELBEX Pinturas\",\"description\":\"Pinturas para interiores y exteriores\",\"potentialAction\":[{\"@type\":\"SearchAction\",\"target\":{\"@type\":\"EntryPoint\",\"urlTemplate\":\"https:\/\/www.pinturaselbex.com\/sitionuevo\/?s={search_term_string}\"},\"query-input\":{\"@type\":\"PropertyValueSpecification\",\"valueRequired\":true,\"valueName\":\"search_term_string\"}}],\"inLanguage\":\"es\"}]}<\/script>\n<!-- \/ Yoast SEO plugin. -->","yoast_head_json":{"title":"HidroElbex - Brillante - ELBEX Pinturas","robots":{"index":"index","follow":"follow","max-snippet":"max-snippet:-1","max-image-preview":"max-image-preview:large","max-video-preview":"max-video-preview:-1"},"canonical":"https:\/\/www.pinturaselbex.com\/sitionuevo\/producto\/hidroelbex-brillante\/","og_locale":"es_ES","og_type":"article","og_title":"HidroElbex - Brillante - ELBEX Pinturas","og_description":"Fondo universal al agua de doble funci\u00f3n: anti\u00f3xido para la preparaci\u00f3n de superficies met\u00e1licas y nivelador de absorci\u00f3n y relleno para superficies de madera. &nbsp;   Presentaciones 1 LTS, 4 LTS    Rendimiento    10 a 12 m\u00b2 por litro   &nbsp;     Ficha t\u00e9cnica    &nbsp;","og_url":"https:\/\/www.pinturaselbex.com\/sitionuevo\/producto\/hidroelbex-brillante\/","og_site_name":"ELBEX Pinturas","article_modified_time":"2025-09-02T14:55:47+00:00","og_image":[{"width":1024,"height":1024,"url":"https:\/\/www.pinturaselbex.com\/sitionuevo\/wp-content\/uploads\/2025\/09\/HIDROELBEX-brillante-1024x1024.png","type":"image\/png"}],"twitter_card":"summary_large_image","twitter_misc":{"Tiempo de lectura":"1 minuto"},"schema":{"@context":"https:\/\/schema.org","@graph":[{"@type":"WebPage","@id":"https:\/\/www.pinturaselbex.com\/sitionuevo\/producto\/hidroelbex-brillante\/","url":"https:\/\/www.pinturaselbex.com\/sitionuevo\/producto\/hidroelbex-brillante\/","name":"HidroElbex - Brillante - ELBEX Pinturas","isPartOf":{"@id":"https:\/\/www.pinturaselbex.com\/sitionuevo\/#website"},"primaryImageOfPage":{"@id":"https:\/\/www.pinturaselbex.com\/sitionuevo\/producto\/hidroelbex-brillante\/#primaryimage"},"image":{"@id":"https:\/\/www.pinturaselbex.com\/sitionuevo\/producto\/hidroelbex-brillante\/#primaryimage"},"thumbnailUrl":"https:\/\/www.pinturaselbex.com\/sitionuevo\/wp-content\/uploads\/2025\/09\/HIDROELBEX-brillante.png","datePublished":"2025-09-01T20:09:44+00:00","dateModified":"2025-09-02T14:55:47+00:00","breadcrumb":{"@id":"https:\/\/www.pinturaselbex.com\/sitionuevo\/producto\/hidroelbex-brillante\/#breadcrumb"},"inLanguage":"es","potentialAction":[{"@type":"ReadAction","target":["https:\/\/www.pinturaselbex.com\/sitionuevo\/producto\/hidroelbex-brillante\/"]}]},{"@type":"ImageObject","inLanguage":"es","@id":"https:\/\/www.pinturaselbex.com\/sitionuevo\/producto\/hidroelbex-brillante\/#primaryimage","url":"https:\/\/www.pinturaselbex.com\/sitionuevo\/wp-content\/uploads\/2025\/09\/HIDROELBEX-brillante.png","contentUrl":"https:\/\/www.pinturaselbex.com\/sitionuevo\/wp-content\/uploads\/2025\/09\/HIDROELBEX-brillante.png","width":2500,"height":2500},{"@type":"BreadcrumbList","@id":"https:\/\/www.pinturaselbex.com\/sitionuevo\/producto\/hidroelbex-brillante\/#breadcrumb","itemListElement":[{"@type":"ListItem","position":1,"name":"Portada","item":"https:\/\/www.pinturaselbex.com\/sitionuevo\/"},{"@type":"ListItem","position":2,"name":"Tienda","item":"https:\/\/www.pinturaselbex.com\/sitionuevo\/tienda\/"},{"@type":"ListItem","position":3,"name":"HidroElbex &#8211; Brillante"}]},{"@type":"WebSite","@id":"https:\/\/www.pinturaselbex.com\/sitionuevo\/#website","url":"https:\/\/www.pinturaselbex.com\/sitionuevo\/","name":"ELBEX Pinturas","description":"Pinturas para interiores y exteriores","potentialAction":[{"@type":"SearchAction","target":{"@type":"EntryPoint","urlTemplate":"https:\/\/www.pinturaselbex.com\/sitionuevo\/?s={search_term_string}"},"query-input":{"@type":"PropertyValueSpecification","valueRequired":true,"valueName":"search_term_string"}}],"inLanguage":"es"}]}},"_links":{"self":[{"href":"https:\/\/www.pinturaselbex.com\/sitionuevo\/wp-json\/wp\/v2\/product\/3923","targetHints":{"allow":["GET"]}}],"collection":[{"href":"https:\/\/www.pinturaselbex.com\/sitionuevo\/wp-json\/wp\/v2\/product"}],"about":[{"href":"https:\/\/www.pinturaselbex.com\/sitionuevo\/wp-json\/wp\/v2\/types\/product"}],"wp:featuredmedia":[{"embeddable":true,"href":"https:\/\/www.pinturaselbex.com\/sitionuevo\/wp-json\/wp\/v2\/media\/3924"}],"wp:attachment":[{"href":"https:\/\/www.pinturaselbex.com\/sitionuevo\/wp-json\/wp\/v2\/media?parent=3923"}],"wp:term":[{"taxonomy":"product_brand","embeddable":true,"href":"https:\/\/www.pinturaselbex.com\/sitionuevo\/wp-json\/wp\/v2\/product_brand?post=3923"},{"taxonomy":"product_cat","embeddable":true,"href":"https:\/\/www.pinturaselbex.com\/sitionuevo\/wp-json\/wp\/v2\/product_cat?post=3923"},{"taxonomy":"product_tag","embeddable":true,"href":"https:\/\/www.pinturaselbex.com\/sitionuevo\/wp-json\/wp\/v2\/product_tag?post=3923"}],"curies":[{"name":"wp","href":"https:\/\/api.w.org\/{rel}","templated":true}]}}