{"id":3849,"date":"2023-05-29T13:34:03","date_gmt":"2023-05-29T13:34:03","guid":{"rendered":"https:\/\/www.pinturaselbex.com\/sitionuevo\/?post_type=product&#038;p=3849"},"modified":"2023-05-29T13:35:11","modified_gmt":"2023-05-29T13:35:11","slug":"protelbex-techos-ultra","status":"publish","type":"product","link":"https:\/\/www.pinturaselbex.com\/sitionuevo\/producto\/protelbex-techos-ultra\/","title":{"rendered":"PROTELBEX Techos ULTRA"},"content":{"rendered":"","protected":false},"excerpt":{"rendered":"<p>Impermeabilizante acr\u00edlico de calidad Premium. Al ser aplicado en la cantidad recomendada forma una capa el\u00e1stica, de alta resistencia mec\u00e1nica y a los factores clim\u00e1ticos, que impermeabiliza la superficie durante aproximadamente 10 a\u00f1os, siempre y cuando no se vea afectado por factores externos que puedan deteriorar su calidad inicial. Este producto tiene un alto volumen de s\u00f3lidos, lo que permite aprovechar al m\u00e1ximo la mano de obra empleada en su aplicaci\u00f3n..<\/p>\n<p class=\"tiLabel\" style=\"text-align: left;\"><strong>PRESENTACIONES:<\/strong><\/p>\n<p>4 Y 20 kgs.<\/p>\n<p class=\"tiLabel\" style=\"text-align: left;\"><strong>RENDIMIENTO:<\/strong><\/p>\n<p class=\"tiInput\" style=\"text-align: left;\">1 kilo por 1 m2 de superficie (trabajo terminado)<\/p>\n<p class=\"tiLabel\" style=\"text-align: left;\"><strong>SECADO:<\/strong><\/p>\n<p class=\"tiInput\" style=\"text-align: left;\">Al tacto: 30 minutos<\/p>\n<p class=\"tiLabel\" style=\"text-align: left;\"><strong>COLORES:<\/strong><\/p>\n<p class=\"tiInput\" style=\"text-align: left;\">Blanco y Teja<\/p>\n<p class=\"tiLabel\" style=\"text-align: left;\"><strong>SISTEMA DE COLOR:<\/strong><\/p>\n<p class=\"tiInput\" style=\"text-align: left;\">Pude entonarse con Entonador universal TONELBEX, hasta 1 sachet por 1.5 Kg de impermeabilizante.<\/p>\n<p>&nbsp;<\/p>\n<table>\n<tbody>\n<tr>\n<th><a href=\"https:\/\/www.pinturaselbex.com\/sitionuevo\/wp-content\/uploads\/2023\/05\/ELBEX-Ficha-tecnica-Protelbex-ULTRA.pdf\" target=\"_blank\" rel=\"noopener\"><img loading=\"lazy\" decoding=\"async\" class=\"alignnone size-full wp-image-3117\" src=\"https:\/\/www.pinturaselbex.com\/sitionuevo\/wp-content\/uploads\/2022\/01\/Icono-PDF.png\" alt=\"\" width=\"50\" height=\"50\" \/><\/a><\/th>\n<th><a href=\"https:\/\/www.pinturaselbex.com\/sitionuevo\/wp-content\/uploads\/2023\/05\/ELBEX-Ficha-tecnica-Protelbex-ULTRA.pdf\" target=\"_blank\" rel=\"noopener\">Ficha t\u00e9cnica<\/a><\/th>\n<\/tr>\n<\/tbody>\n<\/table>\n<p>&nbsp;<\/p>\n<p>&nbsp;<\/p>\n","protected":false},"featured_media":3851,"template":"","meta":{"_monsterinsights_skip_tracking":false,"_monsterinsights_sitenote_active":false,"_monsterinsights_sitenote_note":"","_monsterinsights_sitenote_category":0},"product_brand":[],"product_cat":[40,89],"product_tag":[],"class_list":{"0":"post-3849","1":"product","2":"type-product","3":"status-publish","4":"has-post-thumbnail","6":"product_cat-arquitectonica","7":"product_cat-impermeabilizantes","9":"first","10":"instock","11":"shipping-taxable","12":"product-type-simple"},"yoast_head":"<!-- This site is optimized with the Yoast SEO plugin v24.4 - https:\/\/yoast.com\/wordpress\/plugins\/seo\/ -->\n<title>PROTELBEX Techos ULTRA - ELBEX Pinturas<\/title>\n<meta name=\"robots\" content=\"index, follow, max-snippet:-1, max-image-preview:large, max-video-preview:-1\" \/>\n<link rel=\"canonical\" href=\"https:\/\/www.pinturaselbex.com\/sitionuevo\/producto\/protelbex-techos-ultra\/\" \/>\n<meta property=\"og:locale\" content=\"es_ES\" \/>\n<meta property=\"og:type\" content=\"article\" \/>\n<meta property=\"og:title\" content=\"PROTELBEX Techos ULTRA - ELBEX Pinturas\" \/>\n<meta property=\"og:description\" content=\"Impermeabilizante acr\u00edlico de calidad Premium. Al ser aplicado en la cantidad recomendada forma una capa el\u00e1stica, de alta resistencia mec\u00e1nica y a los factores clim\u00e1ticos, que impermeabiliza la superficie durante aproximadamente 10 a\u00f1os, siempre y cuando no se vea afectado por factores externos que puedan deteriorar su calidad inicial. Este producto tiene un alto volumen de s\u00f3lidos, lo que permite aprovechar al m\u00e1ximo la mano de obra empleada en su aplicaci\u00f3n.. PRESENTACIONES: 4 Y 20 kgs. RENDIMIENTO: 1 kilo por 1 m2 de superficie (trabajo terminado) SECADO: Al tacto: 30 minutos COLORES: Blanco y Teja SISTEMA DE COLOR: Pude entonarse con Entonador universal TONELBEX, hasta 1 sachet por 1.5 Kg de impermeabilizante. &nbsp;     Ficha t\u00e9cnica    &nbsp;  &nbsp;\" \/>\n<meta property=\"og:url\" content=\"https:\/\/www.pinturaselbex.com\/sitionuevo\/producto\/protelbex-techos-ultra\/\" \/>\n<meta property=\"og:site_name\" content=\"ELBEX Pinturas\" \/>\n<meta property=\"article:modified_time\" content=\"2023-05-29T13:35:11+00:00\" \/>\n<meta property=\"og:image\" content=\"http:\/\/www.pinturaselbex.com\/sitionuevo\/wp-content\/uploads\/2023\/05\/PROTELBEX-Ultra.jpg\" \/>\n\t<meta property=\"og:image:width\" content=\"800\" \/>\n\t<meta property=\"og:image:height\" content=\"800\" \/>\n\t<meta property=\"og:image:type\" content=\"image\/jpeg\" \/>\n<meta name=\"twitter:card\" content=\"summary_large_image\" \/>\n<script type=\"application\/ld+json\" class=\"yoast-schema-graph\">{\"@context\":\"https:\/\/schema.org\",\"@graph\":[{\"@type\":\"WebPage\",\"@id\":\"https:\/\/www.pinturaselbex.com\/sitionuevo\/producto\/protelbex-techos-ultra\/\",\"url\":\"https:\/\/www.pinturaselbex.com\/sitionuevo\/producto\/protelbex-techos-ultra\/\",\"name\":\"PROTELBEX Techos ULTRA - ELBEX Pinturas\",\"isPartOf\":{\"@id\":\"https:\/\/www.pinturaselbex.com\/sitionuevo\/#website\"},\"primaryImageOfPage\":{\"@id\":\"https:\/\/www.pinturaselbex.com\/sitionuevo\/producto\/protelbex-techos-ultra\/#primaryimage\"},\"image\":{\"@id\":\"https:\/\/www.pinturaselbex.com\/sitionuevo\/producto\/protelbex-techos-ultra\/#primaryimage\"},\"thumbnailUrl\":\"https:\/\/www.pinturaselbex.com\/sitionuevo\/wp-content\/uploads\/2023\/05\/PROTELBEX-Ultra.jpg\",\"datePublished\":\"2023-05-29T13:34:03+00:00\",\"dateModified\":\"2023-05-29T13:35:11+00:00\",\"breadcrumb\":{\"@id\":\"https:\/\/www.pinturaselbex.com\/sitionuevo\/producto\/protelbex-techos-ultra\/#breadcrumb\"},\"inLanguage\":\"es\",\"potentialAction\":[{\"@type\":\"ReadAction\",\"target\":[\"https:\/\/www.pinturaselbex.com\/sitionuevo\/producto\/protelbex-techos-ultra\/\"]}]},{\"@type\":\"ImageObject\",\"inLanguage\":\"es\",\"@id\":\"https:\/\/www.pinturaselbex.com\/sitionuevo\/producto\/protelbex-techos-ultra\/#primaryimage\",\"url\":\"https:\/\/www.pinturaselbex.com\/sitionuevo\/wp-content\/uploads\/2023\/05\/PROTELBEX-Ultra.jpg\",\"contentUrl\":\"https:\/\/www.pinturaselbex.com\/sitionuevo\/wp-content\/uploads\/2023\/05\/PROTELBEX-Ultra.jpg\",\"width\":800,\"height\":800},{\"@type\":\"BreadcrumbList\",\"@id\":\"https:\/\/www.pinturaselbex.com\/sitionuevo\/producto\/protelbex-techos-ultra\/#breadcrumb\",\"itemListElement\":[{\"@type\":\"ListItem\",\"position\":1,\"name\":\"Portada\",\"item\":\"https:\/\/www.pinturaselbex.com\/sitionuevo\/\"},{\"@type\":\"ListItem\",\"position\":2,\"name\":\"Tienda\",\"item\":\"https:\/\/www.pinturaselbex.com\/sitionuevo\/tienda\/\"},{\"@type\":\"ListItem\",\"position\":3,\"name\":\"PROTELBEX Techos ULTRA\"}]},{\"@type\":\"WebSite\",\"@id\":\"https:\/\/www.pinturaselbex.com\/sitionuevo\/#website\",\"url\":\"https:\/\/www.pinturaselbex.com\/sitionuevo\/\",\"name\":\"ELBEX Pinturas\",\"description\":\"Pinturas para interiores y exteriores\",\"potentialAction\":[{\"@type\":\"SearchAction\",\"target\":{\"@type\":\"EntryPoint\",\"urlTemplate\":\"https:\/\/www.pinturaselbex.com\/sitionuevo\/?s={search_term_string}\"},\"query-input\":{\"@type\":\"PropertyValueSpecification\",\"valueRequired\":true,\"valueName\":\"search_term_string\"}}],\"inLanguage\":\"es\"}]}<\/script>\n<!-- \/ Yoast SEO plugin. -->","yoast_head_json":{"title":"PROTELBEX Techos ULTRA - ELBEX Pinturas","robots":{"index":"index","follow":"follow","max-snippet":"max-snippet:-1","max-image-preview":"max-image-preview:large","max-video-preview":"max-video-preview:-1"},"canonical":"https:\/\/www.pinturaselbex.com\/sitionuevo\/producto\/protelbex-techos-ultra\/","og_locale":"es_ES","og_type":"article","og_title":"PROTELBEX Techos ULTRA - ELBEX Pinturas","og_description":"Impermeabilizante acr\u00edlico de calidad Premium. Al ser aplicado en la cantidad recomendada forma una capa el\u00e1stica, de alta resistencia mec\u00e1nica y a los factores clim\u00e1ticos, que impermeabiliza la superficie durante aproximadamente 10 a\u00f1os, siempre y cuando no se vea afectado por factores externos que puedan deteriorar su calidad inicial. Este producto tiene un alto volumen de s\u00f3lidos, lo que permite aprovechar al m\u00e1ximo la mano de obra empleada en su aplicaci\u00f3n.. PRESENTACIONES: 4 Y 20 kgs. RENDIMIENTO: 1 kilo por 1 m2 de superficie (trabajo terminado) SECADO: Al tacto: 30 minutos COLORES: Blanco y Teja SISTEMA DE COLOR: Pude entonarse con Entonador universal TONELBEX, hasta 1 sachet por 1.5 Kg de impermeabilizante. &nbsp;     Ficha t\u00e9cnica    &nbsp;  &nbsp;","og_url":"https:\/\/www.pinturaselbex.com\/sitionuevo\/producto\/protelbex-techos-ultra\/","og_site_name":"ELBEX Pinturas","article_modified_time":"2023-05-29T13:35:11+00:00","og_image":[{"width":800,"height":800,"url":"http:\/\/www.pinturaselbex.com\/sitionuevo\/wp-content\/uploads\/2023\/05\/PROTELBEX-Ultra.jpg","type":"image\/jpeg"}],"twitter_card":"summary_large_image","schema":{"@context":"https:\/\/schema.org","@graph":[{"@type":"WebPage","@id":"https:\/\/www.pinturaselbex.com\/sitionuevo\/producto\/protelbex-techos-ultra\/","url":"https:\/\/www.pinturaselbex.com\/sitionuevo\/producto\/protelbex-techos-ultra\/","name":"PROTELBEX Techos ULTRA - ELBEX Pinturas","isPartOf":{"@id":"https:\/\/www.pinturaselbex.com\/sitionuevo\/#website"},"primaryImageOfPage":{"@id":"https:\/\/www.pinturaselbex.com\/sitionuevo\/producto\/protelbex-techos-ultra\/#primaryimage"},"image":{"@id":"https:\/\/www.pinturaselbex.com\/sitionuevo\/producto\/protelbex-techos-ultra\/#primaryimage"},"thumbnailUrl":"https:\/\/www.pinturaselbex.com\/sitionuevo\/wp-content\/uploads\/2023\/05\/PROTELBEX-Ultra.jpg","datePublished":"2023-05-29T13:34:03+00:00","dateModified":"2023-05-29T13:35:11+00:00","breadcrumb":{"@id":"https:\/\/www.pinturaselbex.com\/sitionuevo\/producto\/protelbex-techos-ultra\/#breadcrumb"},"inLanguage":"es","potentialAction":[{"@type":"ReadAction","target":["https:\/\/www.pinturaselbex.com\/sitionuevo\/producto\/protelbex-techos-ultra\/"]}]},{"@type":"ImageObject","inLanguage":"es","@id":"https:\/\/www.pinturaselbex.com\/sitionuevo\/producto\/protelbex-techos-ultra\/#primaryimage","url":"https:\/\/www.pinturaselbex.com\/sitionuevo\/wp-content\/uploads\/2023\/05\/PROTELBEX-Ultra.jpg","contentUrl":"https:\/\/www.pinturaselbex.com\/sitionuevo\/wp-content\/uploads\/2023\/05\/PROTELBEX-Ultra.jpg","width":800,"height":800},{"@type":"BreadcrumbList","@id":"https:\/\/www.pinturaselbex.com\/sitionuevo\/producto\/protelbex-techos-ultra\/#breadcrumb","itemListElement":[{"@type":"ListItem","position":1,"name":"Portada","item":"https:\/\/www.pinturaselbex.com\/sitionuevo\/"},{"@type":"ListItem","position":2,"name":"Tienda","item":"https:\/\/www.pinturaselbex.com\/sitionuevo\/tienda\/"},{"@type":"ListItem","position":3,"name":"PROTELBEX Techos ULTRA"}]},{"@type":"WebSite","@id":"https:\/\/www.pinturaselbex.com\/sitionuevo\/#website","url":"https:\/\/www.pinturaselbex.com\/sitionuevo\/","name":"ELBEX Pinturas","description":"Pinturas para interiores y exteriores","potentialAction":[{"@type":"SearchAction","target":{"@type":"EntryPoint","urlTemplate":"https:\/\/www.pinturaselbex.com\/sitionuevo\/?s={search_term_string}"},"query-input":{"@type":"PropertyValueSpecification","valueRequired":true,"valueName":"search_term_string"}}],"inLanguage":"es"}]}},"_links":{"self":[{"href":"https:\/\/www.pinturaselbex.com\/sitionuevo\/wp-json\/wp\/v2\/product\/3849","targetHints":{"allow":["GET"]}}],"collection":[{"href":"https:\/\/www.pinturaselbex.com\/sitionuevo\/wp-json\/wp\/v2\/product"}],"about":[{"href":"https:\/\/www.pinturaselbex.com\/sitionuevo\/wp-json\/wp\/v2\/types\/product"}],"wp:featuredmedia":[{"embeddable":true,"href":"https:\/\/www.pinturaselbex.com\/sitionuevo\/wp-json\/wp\/v2\/media\/3851"}],"wp:attachment":[{"href":"https:\/\/www.pinturaselbex.com\/sitionuevo\/wp-json\/wp\/v2\/media?parent=3849"}],"wp:term":[{"taxonomy":"product_brand","embeddable":true,"href":"https:\/\/www.pinturaselbex.com\/sitionuevo\/wp-json\/wp\/v2\/product_brand?post=3849"},{"taxonomy":"product_cat","embeddable":true,"href":"https:\/\/www.pinturaselbex.com\/sitionuevo\/wp-json\/wp\/v2\/product_cat?post=3849"},{"taxonomy":"product_tag","embeddable":true,"href":"https:\/\/www.pinturaselbex.com\/sitionuevo\/wp-json\/wp\/v2\/product_tag?post=3849"}],"curies":[{"name":"wp","href":"https:\/\/api.w.org\/{rel}","templated":true}]}}