{"id":3514,"date":"2022-03-17T12:45:19","date_gmt":"2022-03-17T12:45:19","guid":{"rendered":"http:\/\/www.pinturaselbex.com\/sitionuevo\/?post_type=product&#038;p=3514"},"modified":"2022-03-17T12:45:21","modified_gmt":"2022-03-17T12:45:21","slug":"polish-tradicional-lustre-para-autos","status":"publish","type":"product","link":"https:\/\/www.pinturaselbex.com\/sitionuevo\/producto\/polish-tradicional-lustre-para-autos\/","title":{"rendered":"Polish Tradicional &#8211; Lustre para autos"},"content":{"rendered":"","protected":false},"excerpt":{"rendered":"<p>Trimas Polish Lustre para Autos, es un producto destinado a proteger y realza el aspecto y brillo de las pinturas de los acabados de automotores y lacas brillantes en general. Su delicada acci\u00f3n abrasiva elimina peque\u00f1as rayas y devuelve a las superficies pintadas el brillo y el color original removiendo la suciedad y las part\u00edculas de pintura envejecida, dejando una pel\u00edcula protectora suave y duradera.<\/p>\n<p>&nbsp;<\/p>\n<p style=\"text-align: left;\"><strong>PRESENTACIONES:<\/strong><\/p>\n<ul>\n<li style=\"text-align: left;\">450 cc<\/li>\n<\/ul>\n<p>&nbsp;<\/p>\n<table>\n<tbody>\n<tr>\n<th><a href=\"https:\/\/www.pinturaselbex.com\/sitionuevo\/wp-content\/uploads\/2022\/03\/Trimas-Polish-Lustre-Autos.pdf\" target=\"_blank\" rel=\"noopener\"><img loading=\"lazy\" decoding=\"async\" class=\"alignnone size-full wp-image-3117\" src=\"https:\/\/www.pinturaselbex.com\/sitionuevo\/wp-content\/uploads\/2022\/01\/Icono-PDF.png\" alt=\"\" width=\"50\" height=\"50\" \/><\/a><\/th>\n<th><a href=\"https:\/\/www.pinturaselbex.com\/sitionuevo\/wp-content\/uploads\/2022\/03\/Trimas-Polish-Lustre-Autos.pdf\" target=\"_blank\" rel=\"noopener\">Ficha t\u00e9cnica<\/a><\/th>\n<\/tr>\n<\/tbody>\n<\/table>\n<p>&nbsp;<\/p>\n","protected":false},"featured_media":3515,"template":"","meta":{"_monsterinsights_skip_tracking":false,"_monsterinsights_sitenote_active":false,"_monsterinsights_sitenote_note":"","_monsterinsights_sitenote_category":0},"product_brand":[],"product_cat":[43],"product_tag":[105],"class_list":{"0":"post-3514","1":"product","2":"type-product","3":"status-publish","4":"has-post-thumbnail","6":"product_cat-automotriz","7":"product_tag-automotriz","9":"first","10":"instock","11":"shipping-taxable","12":"product-type-simple"},"yoast_head":"<!-- This site is optimized with the Yoast SEO plugin v24.4 - https:\/\/yoast.com\/wordpress\/plugins\/seo\/ -->\n<title>Polish Tradicional - Lustre para autos - ELBEX Pinturas<\/title>\n<meta name=\"description\" content=\"Trimas Polish Lustre para Autos, es un producto destinado a proteger y realza el aspecto y brillo de las pinturas de los acabados de automotores y lacas brillantes en general. Su delicada acci\u00f3n abrasiva elimina peque\u00f1as rayas y devuelve a las superficies pintadas el brillo y el color original removiendo la suciedad y las part\u00edculas de pintura envejecida, dejando una pel\u00edcula protectora suave y duradera.\" \/>\n<meta name=\"robots\" content=\"index, follow, max-snippet:-1, max-image-preview:large, max-video-preview:-1\" \/>\n<link rel=\"canonical\" href=\"https:\/\/www.pinturaselbex.com\/sitionuevo\/producto\/polish-tradicional-lustre-para-autos\/\" \/>\n<meta property=\"og:locale\" content=\"es_ES\" \/>\n<meta property=\"og:type\" content=\"article\" \/>\n<meta property=\"og:title\" content=\"Polish Tradicional - Lustre para autos - ELBEX Pinturas\" \/>\n<meta property=\"og:description\" content=\"Trimas Polish Lustre para Autos, es un producto destinado a proteger y realza el aspecto y brillo de las pinturas de los acabados de automotores y lacas brillantes en general. Su delicada acci\u00f3n abrasiva elimina peque\u00f1as rayas y devuelve a las superficies pintadas el brillo y el color original removiendo la suciedad y las part\u00edculas de pintura envejecida, dejando una pel\u00edcula protectora suave y duradera.\" \/>\n<meta property=\"og:url\" content=\"https:\/\/www.pinturaselbex.com\/sitionuevo\/producto\/polish-tradicional-lustre-para-autos\/\" \/>\n<meta property=\"og:site_name\" content=\"ELBEX Pinturas\" \/>\n<meta property=\"article:modified_time\" content=\"2022-03-17T12:45:21+00:00\" \/>\n<meta property=\"og:image\" content=\"http:\/\/www.pinturaselbex.com\/sitionuevo\/wp-content\/uploads\/2022\/03\/Trimas_Polish_Autos.jpg\" \/>\n\t<meta property=\"og:image:width\" content=\"500\" \/>\n\t<meta property=\"og:image:height\" content=\"750\" \/>\n\t<meta property=\"og:image:type\" content=\"image\/jpeg\" \/>\n<meta name=\"twitter:card\" content=\"summary_large_image\" \/>\n<script type=\"application\/ld+json\" class=\"yoast-schema-graph\">{\"@context\":\"https:\/\/schema.org\",\"@graph\":[{\"@type\":\"WebPage\",\"@id\":\"https:\/\/www.pinturaselbex.com\/sitionuevo\/producto\/polish-tradicional-lustre-para-autos\/\",\"url\":\"https:\/\/www.pinturaselbex.com\/sitionuevo\/producto\/polish-tradicional-lustre-para-autos\/\",\"name\":\"Polish Tradicional - Lustre para autos - ELBEX Pinturas\",\"isPartOf\":{\"@id\":\"https:\/\/www.pinturaselbex.com\/sitionuevo\/#website\"},\"primaryImageOfPage\":{\"@id\":\"https:\/\/www.pinturaselbex.com\/sitionuevo\/producto\/polish-tradicional-lustre-para-autos\/#primaryimage\"},\"image\":{\"@id\":\"https:\/\/www.pinturaselbex.com\/sitionuevo\/producto\/polish-tradicional-lustre-para-autos\/#primaryimage\"},\"thumbnailUrl\":\"https:\/\/www.pinturaselbex.com\/sitionuevo\/wp-content\/uploads\/2022\/03\/Trimas_Polish_Autos.jpg\",\"datePublished\":\"2022-03-17T12:45:19+00:00\",\"dateModified\":\"2022-03-17T12:45:21+00:00\",\"description\":\"Trimas Polish Lustre para Autos, es un producto destinado a proteger y realza el aspecto y brillo de las pinturas de los acabados de automotores y lacas brillantes en general. Su delicada acci\u00f3n abrasiva elimina peque\u00f1as rayas y devuelve a las superficies pintadas el brillo y el color original removiendo la suciedad y las part\u00edculas de pintura envejecida, dejando una pel\u00edcula protectora suave y duradera.\",\"breadcrumb\":{\"@id\":\"https:\/\/www.pinturaselbex.com\/sitionuevo\/producto\/polish-tradicional-lustre-para-autos\/#breadcrumb\"},\"inLanguage\":\"es\",\"potentialAction\":[{\"@type\":\"ReadAction\",\"target\":[\"https:\/\/www.pinturaselbex.com\/sitionuevo\/producto\/polish-tradicional-lustre-para-autos\/\"]}]},{\"@type\":\"ImageObject\",\"inLanguage\":\"es\",\"@id\":\"https:\/\/www.pinturaselbex.com\/sitionuevo\/producto\/polish-tradicional-lustre-para-autos\/#primaryimage\",\"url\":\"https:\/\/www.pinturaselbex.com\/sitionuevo\/wp-content\/uploads\/2022\/03\/Trimas_Polish_Autos.jpg\",\"contentUrl\":\"https:\/\/www.pinturaselbex.com\/sitionuevo\/wp-content\/uploads\/2022\/03\/Trimas_Polish_Autos.jpg\",\"width\":500,\"height\":750},{\"@type\":\"BreadcrumbList\",\"@id\":\"https:\/\/www.pinturaselbex.com\/sitionuevo\/producto\/polish-tradicional-lustre-para-autos\/#breadcrumb\",\"itemListElement\":[{\"@type\":\"ListItem\",\"position\":1,\"name\":\"Portada\",\"item\":\"https:\/\/www.pinturaselbex.com\/sitionuevo\/\"},{\"@type\":\"ListItem\",\"position\":2,\"name\":\"Tienda\",\"item\":\"https:\/\/www.pinturaselbex.com\/sitionuevo\/tienda\/\"},{\"@type\":\"ListItem\",\"position\":3,\"name\":\"Polish Tradicional &#8211; Lustre para autos\"}]},{\"@type\":\"WebSite\",\"@id\":\"https:\/\/www.pinturaselbex.com\/sitionuevo\/#website\",\"url\":\"https:\/\/www.pinturaselbex.com\/sitionuevo\/\",\"name\":\"ELBEX Pinturas\",\"description\":\"Pinturas para interiores y exteriores\",\"potentialAction\":[{\"@type\":\"SearchAction\",\"target\":{\"@type\":\"EntryPoint\",\"urlTemplate\":\"https:\/\/www.pinturaselbex.com\/sitionuevo\/?s={search_term_string}\"},\"query-input\":{\"@type\":\"PropertyValueSpecification\",\"valueRequired\":true,\"valueName\":\"search_term_string\"}}],\"inLanguage\":\"es\"}]}<\/script>\n<!-- \/ Yoast SEO plugin. -->","yoast_head_json":{"title":"Polish Tradicional - Lustre para autos - ELBEX Pinturas","description":"Trimas Polish Lustre para Autos, es un producto destinado a proteger y realza el aspecto y brillo de las pinturas de los acabados de automotores y lacas brillantes en general. Su delicada acci\u00f3n abrasiva elimina peque\u00f1as rayas y devuelve a las superficies pintadas el brillo y el color original removiendo la suciedad y las part\u00edculas de pintura envejecida, dejando una pel\u00edcula protectora suave y duradera.","robots":{"index":"index","follow":"follow","max-snippet":"max-snippet:-1","max-image-preview":"max-image-preview:large","max-video-preview":"max-video-preview:-1"},"canonical":"https:\/\/www.pinturaselbex.com\/sitionuevo\/producto\/polish-tradicional-lustre-para-autos\/","og_locale":"es_ES","og_type":"article","og_title":"Polish Tradicional - Lustre para autos - ELBEX Pinturas","og_description":"Trimas Polish Lustre para Autos, es un producto destinado a proteger y realza el aspecto y brillo de las pinturas de los acabados de automotores y lacas brillantes en general. Su delicada acci\u00f3n abrasiva elimina peque\u00f1as rayas y devuelve a las superficies pintadas el brillo y el color original removiendo la suciedad y las part\u00edculas de pintura envejecida, dejando una pel\u00edcula protectora suave y duradera.","og_url":"https:\/\/www.pinturaselbex.com\/sitionuevo\/producto\/polish-tradicional-lustre-para-autos\/","og_site_name":"ELBEX Pinturas","article_modified_time":"2022-03-17T12:45:21+00:00","og_image":[{"width":500,"height":750,"url":"http:\/\/www.pinturaselbex.com\/sitionuevo\/wp-content\/uploads\/2022\/03\/Trimas_Polish_Autos.jpg","type":"image\/jpeg"}],"twitter_card":"summary_large_image","schema":{"@context":"https:\/\/schema.org","@graph":[{"@type":"WebPage","@id":"https:\/\/www.pinturaselbex.com\/sitionuevo\/producto\/polish-tradicional-lustre-para-autos\/","url":"https:\/\/www.pinturaselbex.com\/sitionuevo\/producto\/polish-tradicional-lustre-para-autos\/","name":"Polish Tradicional - Lustre para autos - ELBEX Pinturas","isPartOf":{"@id":"https:\/\/www.pinturaselbex.com\/sitionuevo\/#website"},"primaryImageOfPage":{"@id":"https:\/\/www.pinturaselbex.com\/sitionuevo\/producto\/polish-tradicional-lustre-para-autos\/#primaryimage"},"image":{"@id":"https:\/\/www.pinturaselbex.com\/sitionuevo\/producto\/polish-tradicional-lustre-para-autos\/#primaryimage"},"thumbnailUrl":"https:\/\/www.pinturaselbex.com\/sitionuevo\/wp-content\/uploads\/2022\/03\/Trimas_Polish_Autos.jpg","datePublished":"2022-03-17T12:45:19+00:00","dateModified":"2022-03-17T12:45:21+00:00","description":"Trimas Polish Lustre para Autos, es un producto destinado a proteger y realza el aspecto y brillo de las pinturas de los acabados de automotores y lacas brillantes en general. Su delicada acci\u00f3n abrasiva elimina peque\u00f1as rayas y devuelve a las superficies pintadas el brillo y el color original removiendo la suciedad y las part\u00edculas de pintura envejecida, dejando una pel\u00edcula protectora suave y duradera.","breadcrumb":{"@id":"https:\/\/www.pinturaselbex.com\/sitionuevo\/producto\/polish-tradicional-lustre-para-autos\/#breadcrumb"},"inLanguage":"es","potentialAction":[{"@type":"ReadAction","target":["https:\/\/www.pinturaselbex.com\/sitionuevo\/producto\/polish-tradicional-lustre-para-autos\/"]}]},{"@type":"ImageObject","inLanguage":"es","@id":"https:\/\/www.pinturaselbex.com\/sitionuevo\/producto\/polish-tradicional-lustre-para-autos\/#primaryimage","url":"https:\/\/www.pinturaselbex.com\/sitionuevo\/wp-content\/uploads\/2022\/03\/Trimas_Polish_Autos.jpg","contentUrl":"https:\/\/www.pinturaselbex.com\/sitionuevo\/wp-content\/uploads\/2022\/03\/Trimas_Polish_Autos.jpg","width":500,"height":750},{"@type":"BreadcrumbList","@id":"https:\/\/www.pinturaselbex.com\/sitionuevo\/producto\/polish-tradicional-lustre-para-autos\/#breadcrumb","itemListElement":[{"@type":"ListItem","position":1,"name":"Portada","item":"https:\/\/www.pinturaselbex.com\/sitionuevo\/"},{"@type":"ListItem","position":2,"name":"Tienda","item":"https:\/\/www.pinturaselbex.com\/sitionuevo\/tienda\/"},{"@type":"ListItem","position":3,"name":"Polish Tradicional &#8211; Lustre para autos"}]},{"@type":"WebSite","@id":"https:\/\/www.pinturaselbex.com\/sitionuevo\/#website","url":"https:\/\/www.pinturaselbex.com\/sitionuevo\/","name":"ELBEX Pinturas","description":"Pinturas para interiores y exteriores","potentialAction":[{"@type":"SearchAction","target":{"@type":"EntryPoint","urlTemplate":"https:\/\/www.pinturaselbex.com\/sitionuevo\/?s={search_term_string}"},"query-input":{"@type":"PropertyValueSpecification","valueRequired":true,"valueName":"search_term_string"}}],"inLanguage":"es"}]}},"_links":{"self":[{"href":"https:\/\/www.pinturaselbex.com\/sitionuevo\/wp-json\/wp\/v2\/product\/3514","targetHints":{"allow":["GET"]}}],"collection":[{"href":"https:\/\/www.pinturaselbex.com\/sitionuevo\/wp-json\/wp\/v2\/product"}],"about":[{"href":"https:\/\/www.pinturaselbex.com\/sitionuevo\/wp-json\/wp\/v2\/types\/product"}],"wp:featuredmedia":[{"embeddable":true,"href":"https:\/\/www.pinturaselbex.com\/sitionuevo\/wp-json\/wp\/v2\/media\/3515"}],"wp:attachment":[{"href":"https:\/\/www.pinturaselbex.com\/sitionuevo\/wp-json\/wp\/v2\/media?parent=3514"}],"wp:term":[{"taxonomy":"product_brand","embeddable":true,"href":"https:\/\/www.pinturaselbex.com\/sitionuevo\/wp-json\/wp\/v2\/product_brand?post=3514"},{"taxonomy":"product_cat","embeddable":true,"href":"https:\/\/www.pinturaselbex.com\/sitionuevo\/wp-json\/wp\/v2\/product_cat?post=3514"},{"taxonomy":"product_tag","embeddable":true,"href":"https:\/\/www.pinturaselbex.com\/sitionuevo\/wp-json\/wp\/v2\/product_tag?post=3514"}],"curies":[{"name":"wp","href":"https:\/\/api.w.org\/{rel}","templated":true}]}}