{"id":3405,"date":"2022-03-04T12:20:41","date_gmt":"2022-03-04T12:20:41","guid":{"rendered":"http:\/\/www.pinturaselbex.com\/sitionuevo\/?post_type=product&#038;p=3405"},"modified":"2022-04-18T12:28:48","modified_gmt":"2022-04-18T12:28:48","slug":"esmalte-epoxi-brillante","status":"publish","type":"product","link":"https:\/\/www.pinturaselbex.com\/sitionuevo\/producto\/esmalte-epoxi-brillante\/","title":{"rendered":"Esmalte Epoxi Brillante"},"content":{"rendered":"","protected":false},"excerpt":{"rendered":"<p>Pintura bicomponente de terminaci\u00f3n para sistemas exigentes, con buena elasticidad y resistencia al impacto y a la abrasi\u00f3n.<br \/>\nTiene \u00f3ptima resistencia a agentes corrosivos (soluciones de \u00e1cidos o bases), diversos solventes, grasas, aceites, agua dulce o salada, etc.<\/p>\n<p><strong>USOS<\/strong><\/p>\n<p>Especialmente indicado donde se requieran m\u00e1xima resistencia a la suciedad y facilidad de limpieza (\u00e1reas sanitarias, laboratorios, hospitales, escuelas, exterior de tanques, etc.)<br \/>\nNo es apto para servicio de inmersi\u00f3n, ni para contacto con \u00e1cidos y bases fuertes. Puede usarse a la intemperie donde el tizado no sea limitante.<\/p>\n<p style=\"text-align: left;\"><strong>PRESENTACIONES:<\/strong><\/p>\n<ul>\n<li style=\"text-align: left;\">0,98 lts.<\/li>\n<li>3,92 lts.<\/li>\n<li>16 lts.<\/li>\n<\/ul>\n<p class=\"tiLabel\" style=\"text-align: left;\"><strong>RENDIMIENTO:<\/strong><\/p>\n<p class=\"tiInput\" style=\"text-align: left;\">10 m\u00b2 por litro por 50 micrones<\/p>\n<p class=\"tiLabel\" style=\"text-align: left;\"><strong>TERMINACIONES:<\/strong><\/p>\n<p class=\"tiInput\" style=\"text-align: left;\">Brillante<\/p>\n<p class=\"tiLabel\" style=\"text-align: left;\"><strong>SISTEMA DE COLOR:<\/strong><\/p>\n<p class=\"tiInput\" style=\"text-align: left;\">SI<\/p>\n<p>&nbsp;<\/p>\n<table>\n<tbody>\n<tr>\n<th><a href=\"https:\/\/www.pinturaselbex.com\/sitionuevo\/wp-content\/uploads\/2022\/04\/Linea_Industrial_Esmalte_Epoxi_Brillante.pdf\" target=\"_blank\" rel=\"noopener\"><img loading=\"lazy\" decoding=\"async\" class=\"alignnone size-full wp-image-3117\" src=\"https:\/\/www.pinturaselbex.com\/sitionuevo\/wp-content\/uploads\/2022\/01\/Icono-PDF.png\" alt=\"\" width=\"50\" height=\"50\" \/><\/a><\/th>\n<th><a href=\"https:\/\/www.pinturaselbex.com\/sitionuevo\/wp-content\/uploads\/2022\/04\/Linea_Industrial_Esmalte_Epoxi_Brillante.pdf\" target=\"_blank\" rel=\"noopener\">Ficha t\u00e9cnica<\/a><\/th>\n<\/tr>\n<\/tbody>\n<\/table>\n<p>&nbsp;<\/p>\n","protected":false},"featured_media":3397,"template":"","meta":{"_monsterinsights_skip_tracking":false,"_monsterinsights_sitenote_active":false,"_monsterinsights_sitenote_note":"","_monsterinsights_sitenote_category":0},"product_brand":[],"product_cat":[42],"product_tag":[100],"class_list":{"0":"post-3405","1":"product","2":"type-product","3":"status-publish","4":"has-post-thumbnail","6":"product_cat-industrial","7":"product_tag-industrial","9":"first","10":"instock","11":"shipping-taxable","12":"product-type-simple"},"yoast_head":"<!-- This site is optimized with the Yoast SEO plugin v24.4 - https:\/\/yoast.com\/wordpress\/plugins\/seo\/ -->\n<title>Esmalte Epoxi Brillante - ELBEX Pinturas<\/title>\n<meta name=\"description\" content=\"Pintura bicomponente de terminaci\u00f3n para sistemas exigentes, con buena elasticidad y resistencia al impacto y a la abrasi\u00f3n. Tiene \u00f3ptima resistencia a agentes corrosivos (soluciones de \u00e1cidos o bases), diversos solventes, grasas, aceites, agua dulce o salada, etc.\" \/>\n<meta name=\"robots\" content=\"index, follow, max-snippet:-1, max-image-preview:large, max-video-preview:-1\" \/>\n<link rel=\"canonical\" href=\"https:\/\/www.pinturaselbex.com\/sitionuevo\/producto\/esmalte-epoxi-brillante\/\" \/>\n<meta property=\"og:locale\" content=\"es_ES\" \/>\n<meta property=\"og:type\" content=\"article\" \/>\n<meta property=\"og:title\" content=\"Esmalte Epoxi Brillante - ELBEX Pinturas\" \/>\n<meta property=\"og:description\" content=\"Pintura bicomponente de terminaci\u00f3n para sistemas exigentes, con buena elasticidad y resistencia al impacto y a la abrasi\u00f3n. Tiene \u00f3ptima resistencia a agentes corrosivos (soluciones de \u00e1cidos o bases), diversos solventes, grasas, aceites, agua dulce o salada, etc.\" \/>\n<meta property=\"og:url\" content=\"https:\/\/www.pinturaselbex.com\/sitionuevo\/producto\/esmalte-epoxi-brillante\/\" \/>\n<meta property=\"og:site_name\" content=\"ELBEX Pinturas\" \/>\n<meta property=\"article:modified_time\" content=\"2022-04-18T12:28:48+00:00\" \/>\n<meta property=\"og:image\" content=\"https:\/\/www.pinturaselbex.com\/sitionuevo\/wp-content\/uploads\/2022\/03\/Industrial_Generico.jpg\" \/>\n\t<meta property=\"og:image:width\" content=\"800\" \/>\n\t<meta property=\"og:image:height\" content=\"800\" \/>\n\t<meta property=\"og:image:type\" content=\"image\/jpeg\" \/>\n<meta name=\"twitter:card\" content=\"summary_large_image\" \/>\n<script type=\"application\/ld+json\" class=\"yoast-schema-graph\">{\"@context\":\"https:\/\/schema.org\",\"@graph\":[{\"@type\":\"WebPage\",\"@id\":\"https:\/\/www.pinturaselbex.com\/sitionuevo\/producto\/esmalte-epoxi-brillante\/\",\"url\":\"https:\/\/www.pinturaselbex.com\/sitionuevo\/producto\/esmalte-epoxi-brillante\/\",\"name\":\"Esmalte Epoxi Brillante - ELBEX Pinturas\",\"isPartOf\":{\"@id\":\"https:\/\/www.pinturaselbex.com\/sitionuevo\/#website\"},\"primaryImageOfPage\":{\"@id\":\"https:\/\/www.pinturaselbex.com\/sitionuevo\/producto\/esmalte-epoxi-brillante\/#primaryimage\"},\"image\":{\"@id\":\"https:\/\/www.pinturaselbex.com\/sitionuevo\/producto\/esmalte-epoxi-brillante\/#primaryimage\"},\"thumbnailUrl\":\"https:\/\/www.pinturaselbex.com\/sitionuevo\/wp-content\/uploads\/2022\/03\/Industrial_Generico.jpg\",\"datePublished\":\"2022-03-04T12:20:41+00:00\",\"dateModified\":\"2022-04-18T12:28:48+00:00\",\"description\":\"Pintura bicomponente de terminaci\u00f3n para sistemas exigentes, con buena elasticidad y resistencia al impacto y a la abrasi\u00f3n. Tiene \u00f3ptima resistencia a agentes corrosivos (soluciones de \u00e1cidos o bases), diversos solventes, grasas, aceites, agua dulce o salada, etc.\",\"breadcrumb\":{\"@id\":\"https:\/\/www.pinturaselbex.com\/sitionuevo\/producto\/esmalte-epoxi-brillante\/#breadcrumb\"},\"inLanguage\":\"es\",\"potentialAction\":[{\"@type\":\"ReadAction\",\"target\":[\"https:\/\/www.pinturaselbex.com\/sitionuevo\/producto\/esmalte-epoxi-brillante\/\"]}]},{\"@type\":\"ImageObject\",\"inLanguage\":\"es\",\"@id\":\"https:\/\/www.pinturaselbex.com\/sitionuevo\/producto\/esmalte-epoxi-brillante\/#primaryimage\",\"url\":\"https:\/\/www.pinturaselbex.com\/sitionuevo\/wp-content\/uploads\/2022\/03\/Industrial_Generico.jpg\",\"contentUrl\":\"https:\/\/www.pinturaselbex.com\/sitionuevo\/wp-content\/uploads\/2022\/03\/Industrial_Generico.jpg\",\"width\":800,\"height\":800},{\"@type\":\"BreadcrumbList\",\"@id\":\"https:\/\/www.pinturaselbex.com\/sitionuevo\/producto\/esmalte-epoxi-brillante\/#breadcrumb\",\"itemListElement\":[{\"@type\":\"ListItem\",\"position\":1,\"name\":\"Portada\",\"item\":\"https:\/\/www.pinturaselbex.com\/sitionuevo\/\"},{\"@type\":\"ListItem\",\"position\":2,\"name\":\"Tienda\",\"item\":\"https:\/\/www.pinturaselbex.com\/sitionuevo\/tienda\/\"},{\"@type\":\"ListItem\",\"position\":3,\"name\":\"Esmalte Epoxi Brillante\"}]},{\"@type\":\"WebSite\",\"@id\":\"https:\/\/www.pinturaselbex.com\/sitionuevo\/#website\",\"url\":\"https:\/\/www.pinturaselbex.com\/sitionuevo\/\",\"name\":\"ELBEX Pinturas\",\"description\":\"Pinturas para interiores y exteriores\",\"potentialAction\":[{\"@type\":\"SearchAction\",\"target\":{\"@type\":\"EntryPoint\",\"urlTemplate\":\"https:\/\/www.pinturaselbex.com\/sitionuevo\/?s={search_term_string}\"},\"query-input\":{\"@type\":\"PropertyValueSpecification\",\"valueRequired\":true,\"valueName\":\"search_term_string\"}}],\"inLanguage\":\"es\"}]}<\/script>\n<!-- \/ Yoast SEO plugin. -->","yoast_head_json":{"title":"Esmalte Epoxi Brillante - ELBEX Pinturas","description":"Pintura bicomponente de terminaci\u00f3n para sistemas exigentes, con buena elasticidad y resistencia al impacto y a la abrasi\u00f3n. Tiene \u00f3ptima resistencia a agentes corrosivos (soluciones de \u00e1cidos o bases), diversos solventes, grasas, aceites, agua dulce o salada, etc.","robots":{"index":"index","follow":"follow","max-snippet":"max-snippet:-1","max-image-preview":"max-image-preview:large","max-video-preview":"max-video-preview:-1"},"canonical":"https:\/\/www.pinturaselbex.com\/sitionuevo\/producto\/esmalte-epoxi-brillante\/","og_locale":"es_ES","og_type":"article","og_title":"Esmalte Epoxi Brillante - ELBEX Pinturas","og_description":"Pintura bicomponente de terminaci\u00f3n para sistemas exigentes, con buena elasticidad y resistencia al impacto y a la abrasi\u00f3n. Tiene \u00f3ptima resistencia a agentes corrosivos (soluciones de \u00e1cidos o bases), diversos solventes, grasas, aceites, agua dulce o salada, etc.","og_url":"https:\/\/www.pinturaselbex.com\/sitionuevo\/producto\/esmalte-epoxi-brillante\/","og_site_name":"ELBEX Pinturas","article_modified_time":"2022-04-18T12:28:48+00:00","og_image":[{"width":800,"height":800,"url":"https:\/\/www.pinturaselbex.com\/sitionuevo\/wp-content\/uploads\/2022\/03\/Industrial_Generico.jpg","type":"image\/jpeg"}],"twitter_card":"summary_large_image","schema":{"@context":"https:\/\/schema.org","@graph":[{"@type":"WebPage","@id":"https:\/\/www.pinturaselbex.com\/sitionuevo\/producto\/esmalte-epoxi-brillante\/","url":"https:\/\/www.pinturaselbex.com\/sitionuevo\/producto\/esmalte-epoxi-brillante\/","name":"Esmalte Epoxi Brillante - ELBEX Pinturas","isPartOf":{"@id":"https:\/\/www.pinturaselbex.com\/sitionuevo\/#website"},"primaryImageOfPage":{"@id":"https:\/\/www.pinturaselbex.com\/sitionuevo\/producto\/esmalte-epoxi-brillante\/#primaryimage"},"image":{"@id":"https:\/\/www.pinturaselbex.com\/sitionuevo\/producto\/esmalte-epoxi-brillante\/#primaryimage"},"thumbnailUrl":"https:\/\/www.pinturaselbex.com\/sitionuevo\/wp-content\/uploads\/2022\/03\/Industrial_Generico.jpg","datePublished":"2022-03-04T12:20:41+00:00","dateModified":"2022-04-18T12:28:48+00:00","description":"Pintura bicomponente de terminaci\u00f3n para sistemas exigentes, con buena elasticidad y resistencia al impacto y a la abrasi\u00f3n. Tiene \u00f3ptima resistencia a agentes corrosivos (soluciones de \u00e1cidos o bases), diversos solventes, grasas, aceites, agua dulce o salada, etc.","breadcrumb":{"@id":"https:\/\/www.pinturaselbex.com\/sitionuevo\/producto\/esmalte-epoxi-brillante\/#breadcrumb"},"inLanguage":"es","potentialAction":[{"@type":"ReadAction","target":["https:\/\/www.pinturaselbex.com\/sitionuevo\/producto\/esmalte-epoxi-brillante\/"]}]},{"@type":"ImageObject","inLanguage":"es","@id":"https:\/\/www.pinturaselbex.com\/sitionuevo\/producto\/esmalte-epoxi-brillante\/#primaryimage","url":"https:\/\/www.pinturaselbex.com\/sitionuevo\/wp-content\/uploads\/2022\/03\/Industrial_Generico.jpg","contentUrl":"https:\/\/www.pinturaselbex.com\/sitionuevo\/wp-content\/uploads\/2022\/03\/Industrial_Generico.jpg","width":800,"height":800},{"@type":"BreadcrumbList","@id":"https:\/\/www.pinturaselbex.com\/sitionuevo\/producto\/esmalte-epoxi-brillante\/#breadcrumb","itemListElement":[{"@type":"ListItem","position":1,"name":"Portada","item":"https:\/\/www.pinturaselbex.com\/sitionuevo\/"},{"@type":"ListItem","position":2,"name":"Tienda","item":"https:\/\/www.pinturaselbex.com\/sitionuevo\/tienda\/"},{"@type":"ListItem","position":3,"name":"Esmalte Epoxi Brillante"}]},{"@type":"WebSite","@id":"https:\/\/www.pinturaselbex.com\/sitionuevo\/#website","url":"https:\/\/www.pinturaselbex.com\/sitionuevo\/","name":"ELBEX Pinturas","description":"Pinturas para interiores y exteriores","potentialAction":[{"@type":"SearchAction","target":{"@type":"EntryPoint","urlTemplate":"https:\/\/www.pinturaselbex.com\/sitionuevo\/?s={search_term_string}"},"query-input":{"@type":"PropertyValueSpecification","valueRequired":true,"valueName":"search_term_string"}}],"inLanguage":"es"}]}},"_links":{"self":[{"href":"https:\/\/www.pinturaselbex.com\/sitionuevo\/wp-json\/wp\/v2\/product\/3405","targetHints":{"allow":["GET"]}}],"collection":[{"href":"https:\/\/www.pinturaselbex.com\/sitionuevo\/wp-json\/wp\/v2\/product"}],"about":[{"href":"https:\/\/www.pinturaselbex.com\/sitionuevo\/wp-json\/wp\/v2\/types\/product"}],"wp:featuredmedia":[{"embeddable":true,"href":"https:\/\/www.pinturaselbex.com\/sitionuevo\/wp-json\/wp\/v2\/media\/3397"}],"wp:attachment":[{"href":"https:\/\/www.pinturaselbex.com\/sitionuevo\/wp-json\/wp\/v2\/media?parent=3405"}],"wp:term":[{"taxonomy":"product_brand","embeddable":true,"href":"https:\/\/www.pinturaselbex.com\/sitionuevo\/wp-json\/wp\/v2\/product_brand?post=3405"},{"taxonomy":"product_cat","embeddable":true,"href":"https:\/\/www.pinturaselbex.com\/sitionuevo\/wp-json\/wp\/v2\/product_cat?post=3405"},{"taxonomy":"product_tag","embeddable":true,"href":"https:\/\/www.pinturaselbex.com\/sitionuevo\/wp-json\/wp\/v2\/product_tag?post=3405"}],"curies":[{"name":"wp","href":"https:\/\/api.w.org\/{rel}","templated":true}]}}