{"id":3203,"date":"2022-02-08T14:25:10","date_gmt":"2022-02-08T14:25:10","guid":{"rendered":"http:\/\/www.pinturaselbex.com\/sitionuevo\/?post_type=product&#038;p=3203"},"modified":"2025-09-30T15:45:33","modified_gmt":"2025-09-30T15:45:33","slug":"heritage","status":"publish","type":"product","link":"https:\/\/www.pinturaselbex.com\/sitionuevo\/producto\/heritage\/","title":{"rendered":"Heritage"},"content":{"rendered":"","protected":false},"excerpt":{"rendered":"<p><strong><em>HERITAGE<\/em><\/strong> es un esmalte de secado ultra r\u00e1pido directo sobre \u00f3xido para decoraci\u00f3n y protecci\u00f3n de superficies interiores y exteriores.<\/p>\n<p>&nbsp;<\/p>\n<ul>\n<li>Total resistencia a la corrosi\u00f3n.<\/li>\n<li>Excelente resistencia a la intemperie.<\/li>\n<li>F\u00e1cil aplicaci\u00f3n.<\/li>\n<li>Secado ultra r\u00e1pido.<\/li>\n<li>Excelente adherencia.<\/li>\n<li>Alto poder cubritivo.<\/li>\n<li>Alto brillo (en terminaci\u00f3n Brillante).<\/li>\n<li>Excelente terminaci\u00f3n met\u00e1lica (Iron)<\/li>\n<\/ul>\n<p>&nbsp;<\/p>\n<p class=\"tiLabel\" style=\"text-align: left;\"><strong>PRESENTACIONES:<\/strong><\/p>\n<p>0,25 \/ 0,8 \/ 2,4 lts.<\/p>\n<p class=\"tiLabel\" style=\"text-align: left;\"><strong>HERRAMIENTAS:<\/strong><\/p>\n<p>Pincel, rodillo, soplete<\/p>\n<p class=\"tiLabel\" style=\"text-align: left;\"><strong>RENDIMIENTO:<\/strong><\/p>\n<p class=\"tiInput\" style=\"text-align: left;\">10 m2 a 12 m2 por litro, por mano<\/p>\n<p class=\"tiLabel\" style=\"text-align: left;\"><strong>SECADO:<\/strong><\/p>\n<p class=\"tiInput\" style=\"text-align: left;\">No mayor a 6 horas<\/p>\n<p class=\"tiLabel\" style=\"text-align: left;\"><strong>COLORES:<\/strong><\/p>\n<p class=\"tiInput\" style=\"text-align: left;\">Blanco, negro, bermell\u00f3n, azul, amarillo, verde ingl\u00e9s, marr\u00f3n habano, gris, argento, negro<\/p>\n<p class=\"tiLabel\" style=\"text-align: left;\"><strong>SISTEMA DE COLOR:<\/strong><\/p>\n<p class=\"tiInput\" style=\"text-align: left;\">NO<\/p>\n<p>&nbsp;<\/p>\n<table>\n<tbody>\n<tr>\n<th><a href=\"https:\/\/www.pinturaselbex.com\/sitionuevo\/wp-content\/uploads\/2022\/02\/ELBEX-Ficha-tecnica-Heritage-Final.pdf\" target=\"_blank\" rel=\"noopener\"><img loading=\"lazy\" decoding=\"async\" class=\"alignnone size-full wp-image-3117\" src=\"https:\/\/www.pinturaselbex.com\/sitionuevo\/wp-content\/uploads\/2022\/01\/Icono-PDF.png\" alt=\"\" width=\"50\" height=\"50\" \/><\/a><\/th>\n<th><a href=\"https:\/\/www.pinturaselbex.com\/sitionuevo\/wp-content\/uploads\/2022\/02\/ELBEX-Ficha-tecnica-Heritage-Final.pdf\" target=\"_blank\" rel=\"noopener\">Ficha t\u00e9cnica<\/a><\/th>\n<\/tr>\n<\/tbody>\n<\/table>\n<p>&nbsp;<\/p>\n<p><strong>CARTA DE COLORES<\/strong><\/p>\n<p>&nbsp;<\/p>\n<table class=\"default\" width=\"100%\" align=\"center\">\n<tbody>\n<tr>\n<td style=\"background-color: #ffffff;\" width=\"20%\" height=\"30\"><\/td>\n<td style=\"background-color: #f0c713;\" width=\"20%\"><\/td>\n<td style=\"background-color: #ab1e20;\" width=\"20%\"><\/td>\n<td style=\"background-color: #542114;\" width=\"20%\"><\/td>\n<td style=\"background-image: url('https:\/\/www.pinturaselbex.com\/sitionuevo\/wp-content\/uploads\/2022\/07\/Heritage_Iron_Argento_Final.jpg'); background-repeat: no-repeat; background-size: 250px 180px;\"><\/td>\n<\/tr>\n<tr>\n<td style=\"text-align: center;\"><strong style=\"font-size: 8px;\">BLANCO<\/strong><\/td>\n<td style=\"text-align: center;\"><strong style=\"font-size: 8px;\">AMARILLO<\/strong><\/td>\n<td style=\"text-align: center;\"><strong style=\"font-size: 8px;\">BERMELL\u00d3N<\/strong><\/td>\n<td style=\"text-align: center;\"><strong style=\"font-size: 8px;\">MARR\u00d3N<\/strong><\/td>\n<td style=\"text-align: center;\"><strong style=\"font-size: 8px;\">ARGENTO<\/strong><\/td>\n<\/tr>\n<tr>\n<td style=\"background-color: #868685;\" height=\"30\"><\/td>\n<td style=\"background-color: #2e3b78;\"><\/td>\n<td style=\"background-color: #0f4a24;\"><\/td>\n<td style=\"background-color: #000000;\"><\/td>\n<td style=\"background-image: url('https:\/\/www.pinturaselbex.com\/sitionuevo\/wp-content\/uploads\/2022\/07\/Heritage_Iron_Negro_Final.jpg'); background-repeat: no-repeat; background-size: 250px 180px;\"><\/td>\n<\/tr>\n<tr>\n<td style=\"text-align: center;\"><strong style=\"font-size: 8px;\">GRIS<\/strong><\/td>\n<td style=\"text-align: center;\"><strong style=\"font-size: 8px;\">AZUL<\/strong><\/td>\n<td style=\"text-align: center;\"><strong style=\"font-size: 8px;\">VERDE INGL\u00c9S<\/strong><\/td>\n<td style=\"text-align: center;\"><strong style=\"font-size: 8px;\">NEGRO<\/strong><\/td>\n<td style=\"text-align: center;\"><strong style=\"font-size: 8px;\">IRON NEGRO<\/strong><\/td>\n<\/tr>\n<\/tbody>\n<\/table>\n","protected":false},"featured_media":3930,"template":"","meta":{"_monsterinsights_skip_tracking":false,"_monsterinsights_sitenote_active":false,"_monsterinsights_sitenote_note":"","_monsterinsights_sitenote_category":0},"product_brand":[],"product_cat":[40,97,73],"product_tag":[86],"class_list":{"0":"post-3203","1":"product","2":"type-product","3":"status-publish","4":"has-post-thumbnail","6":"product_cat-arquitectonica","7":"product_cat-destacados","8":"product_cat-esmaltes","9":"product_tag-metal","11":"first","12":"instock","13":"shipping-taxable","14":"product-type-simple"},"yoast_head":"<!-- This site is optimized with the Yoast SEO plugin v24.4 - https:\/\/yoast.com\/wordpress\/plugins\/seo\/ -->\n<title>Heritage - ELBEX Pinturas<\/title>\n<meta name=\"description\" content=\"HERITAGE es un esmalte de secado ultra r\u00e1pido directo sobre \u00f3xido para decoraci\u00f3n y protecci\u00f3n de superficies interiores y exteriores.\" \/>\n<meta name=\"robots\" content=\"index, follow, max-snippet:-1, max-image-preview:large, max-video-preview:-1\" \/>\n<link rel=\"canonical\" href=\"https:\/\/www.pinturaselbex.com\/sitionuevo\/producto\/heritage\/\" \/>\n<meta property=\"og:locale\" content=\"es_ES\" \/>\n<meta property=\"og:type\" content=\"article\" \/>\n<meta property=\"og:title\" content=\"Heritage - ELBEX Pinturas\" \/>\n<meta property=\"og:description\" content=\"HERITAGE es un esmalte de secado ultra r\u00e1pido directo sobre \u00f3xido para decoraci\u00f3n y protecci\u00f3n de superficies interiores y exteriores.\" \/>\n<meta property=\"og:url\" content=\"https:\/\/www.pinturaselbex.com\/sitionuevo\/producto\/heritage\/\" \/>\n<meta property=\"og:site_name\" content=\"ELBEX Pinturas\" \/>\n<meta property=\"article:modified_time\" content=\"2025-09-30T15:45:33+00:00\" \/>\n<meta property=\"og:image\" content=\"https:\/\/www.pinturaselbex.com\/sitionuevo\/wp-content\/uploads\/2022\/02\/HERITAGE-2025-web.jpg\" \/>\n\t<meta property=\"og:image:width\" content=\"1414\" \/>\n\t<meta property=\"og:image:height\" content=\"1552\" \/>\n\t<meta property=\"og:image:type\" content=\"image\/jpeg\" \/>\n<meta name=\"twitter:card\" content=\"summary_large_image\" \/>\n<meta name=\"twitter:label1\" content=\"Tiempo de lectura\" \/>\n\t<meta name=\"twitter:data1\" content=\"1 minuto\" \/>\n<script type=\"application\/ld+json\" class=\"yoast-schema-graph\">{\"@context\":\"https:\/\/schema.org\",\"@graph\":[{\"@type\":\"WebPage\",\"@id\":\"https:\/\/www.pinturaselbex.com\/sitionuevo\/producto\/heritage\/\",\"url\":\"https:\/\/www.pinturaselbex.com\/sitionuevo\/producto\/heritage\/\",\"name\":\"Heritage - ELBEX Pinturas\",\"isPartOf\":{\"@id\":\"https:\/\/www.pinturaselbex.com\/sitionuevo\/#website\"},\"primaryImageOfPage\":{\"@id\":\"https:\/\/www.pinturaselbex.com\/sitionuevo\/producto\/heritage\/#primaryimage\"},\"image\":{\"@id\":\"https:\/\/www.pinturaselbex.com\/sitionuevo\/producto\/heritage\/#primaryimage\"},\"thumbnailUrl\":\"https:\/\/www.pinturaselbex.com\/sitionuevo\/wp-content\/uploads\/2022\/02\/HERITAGE-2025-web.jpg\",\"datePublished\":\"2022-02-08T14:25:10+00:00\",\"dateModified\":\"2025-09-30T15:45:33+00:00\",\"description\":\"HERITAGE es un esmalte de secado ultra r\u00e1pido directo sobre \u00f3xido para decoraci\u00f3n y protecci\u00f3n de superficies interiores y exteriores.\",\"breadcrumb\":{\"@id\":\"https:\/\/www.pinturaselbex.com\/sitionuevo\/producto\/heritage\/#breadcrumb\"},\"inLanguage\":\"es\",\"potentialAction\":[{\"@type\":\"ReadAction\",\"target\":[\"https:\/\/www.pinturaselbex.com\/sitionuevo\/producto\/heritage\/\"]}]},{\"@type\":\"ImageObject\",\"inLanguage\":\"es\",\"@id\":\"https:\/\/www.pinturaselbex.com\/sitionuevo\/producto\/heritage\/#primaryimage\",\"url\":\"https:\/\/www.pinturaselbex.com\/sitionuevo\/wp-content\/uploads\/2022\/02\/HERITAGE-2025-web.jpg\",\"contentUrl\":\"https:\/\/www.pinturaselbex.com\/sitionuevo\/wp-content\/uploads\/2022\/02\/HERITAGE-2025-web.jpg\",\"width\":1414,\"height\":1552},{\"@type\":\"BreadcrumbList\",\"@id\":\"https:\/\/www.pinturaselbex.com\/sitionuevo\/producto\/heritage\/#breadcrumb\",\"itemListElement\":[{\"@type\":\"ListItem\",\"position\":1,\"name\":\"Portada\",\"item\":\"https:\/\/www.pinturaselbex.com\/sitionuevo\/\"},{\"@type\":\"ListItem\",\"position\":2,\"name\":\"Tienda\",\"item\":\"https:\/\/www.pinturaselbex.com\/sitionuevo\/tienda\/\"},{\"@type\":\"ListItem\",\"position\":3,\"name\":\"Heritage\"}]},{\"@type\":\"WebSite\",\"@id\":\"https:\/\/www.pinturaselbex.com\/sitionuevo\/#website\",\"url\":\"https:\/\/www.pinturaselbex.com\/sitionuevo\/\",\"name\":\"ELBEX Pinturas\",\"description\":\"Pinturas para interiores y exteriores\",\"potentialAction\":[{\"@type\":\"SearchAction\",\"target\":{\"@type\":\"EntryPoint\",\"urlTemplate\":\"https:\/\/www.pinturaselbex.com\/sitionuevo\/?s={search_term_string}\"},\"query-input\":{\"@type\":\"PropertyValueSpecification\",\"valueRequired\":true,\"valueName\":\"search_term_string\"}}],\"inLanguage\":\"es\"}]}<\/script>\n<!-- \/ Yoast SEO plugin. -->","yoast_head_json":{"title":"Heritage - ELBEX Pinturas","description":"HERITAGE es un esmalte de secado ultra r\u00e1pido directo sobre \u00f3xido para decoraci\u00f3n y protecci\u00f3n de superficies interiores y exteriores.","robots":{"index":"index","follow":"follow","max-snippet":"max-snippet:-1","max-image-preview":"max-image-preview:large","max-video-preview":"max-video-preview:-1"},"canonical":"https:\/\/www.pinturaselbex.com\/sitionuevo\/producto\/heritage\/","og_locale":"es_ES","og_type":"article","og_title":"Heritage - ELBEX Pinturas","og_description":"HERITAGE es un esmalte de secado ultra r\u00e1pido directo sobre \u00f3xido para decoraci\u00f3n y protecci\u00f3n de superficies interiores y exteriores.","og_url":"https:\/\/www.pinturaselbex.com\/sitionuevo\/producto\/heritage\/","og_site_name":"ELBEX Pinturas","article_modified_time":"2025-09-30T15:45:33+00:00","og_image":[{"width":1414,"height":1552,"url":"https:\/\/www.pinturaselbex.com\/sitionuevo\/wp-content\/uploads\/2022\/02\/HERITAGE-2025-web.jpg","type":"image\/jpeg"}],"twitter_card":"summary_large_image","twitter_misc":{"Tiempo de lectura":"1 minuto"},"schema":{"@context":"https:\/\/schema.org","@graph":[{"@type":"WebPage","@id":"https:\/\/www.pinturaselbex.com\/sitionuevo\/producto\/heritage\/","url":"https:\/\/www.pinturaselbex.com\/sitionuevo\/producto\/heritage\/","name":"Heritage - ELBEX Pinturas","isPartOf":{"@id":"https:\/\/www.pinturaselbex.com\/sitionuevo\/#website"},"primaryImageOfPage":{"@id":"https:\/\/www.pinturaselbex.com\/sitionuevo\/producto\/heritage\/#primaryimage"},"image":{"@id":"https:\/\/www.pinturaselbex.com\/sitionuevo\/producto\/heritage\/#primaryimage"},"thumbnailUrl":"https:\/\/www.pinturaselbex.com\/sitionuevo\/wp-content\/uploads\/2022\/02\/HERITAGE-2025-web.jpg","datePublished":"2022-02-08T14:25:10+00:00","dateModified":"2025-09-30T15:45:33+00:00","description":"HERITAGE es un esmalte de secado ultra r\u00e1pido directo sobre \u00f3xido para decoraci\u00f3n y protecci\u00f3n de superficies interiores y exteriores.","breadcrumb":{"@id":"https:\/\/www.pinturaselbex.com\/sitionuevo\/producto\/heritage\/#breadcrumb"},"inLanguage":"es","potentialAction":[{"@type":"ReadAction","target":["https:\/\/www.pinturaselbex.com\/sitionuevo\/producto\/heritage\/"]}]},{"@type":"ImageObject","inLanguage":"es","@id":"https:\/\/www.pinturaselbex.com\/sitionuevo\/producto\/heritage\/#primaryimage","url":"https:\/\/www.pinturaselbex.com\/sitionuevo\/wp-content\/uploads\/2022\/02\/HERITAGE-2025-web.jpg","contentUrl":"https:\/\/www.pinturaselbex.com\/sitionuevo\/wp-content\/uploads\/2022\/02\/HERITAGE-2025-web.jpg","width":1414,"height":1552},{"@type":"BreadcrumbList","@id":"https:\/\/www.pinturaselbex.com\/sitionuevo\/producto\/heritage\/#breadcrumb","itemListElement":[{"@type":"ListItem","position":1,"name":"Portada","item":"https:\/\/www.pinturaselbex.com\/sitionuevo\/"},{"@type":"ListItem","position":2,"name":"Tienda","item":"https:\/\/www.pinturaselbex.com\/sitionuevo\/tienda\/"},{"@type":"ListItem","position":3,"name":"Heritage"}]},{"@type":"WebSite","@id":"https:\/\/www.pinturaselbex.com\/sitionuevo\/#website","url":"https:\/\/www.pinturaselbex.com\/sitionuevo\/","name":"ELBEX Pinturas","description":"Pinturas para interiores y exteriores","potentialAction":[{"@type":"SearchAction","target":{"@type":"EntryPoint","urlTemplate":"https:\/\/www.pinturaselbex.com\/sitionuevo\/?s={search_term_string}"},"query-input":{"@type":"PropertyValueSpecification","valueRequired":true,"valueName":"search_term_string"}}],"inLanguage":"es"}]}},"_links":{"self":[{"href":"https:\/\/www.pinturaselbex.com\/sitionuevo\/wp-json\/wp\/v2\/product\/3203","targetHints":{"allow":["GET"]}}],"collection":[{"href":"https:\/\/www.pinturaselbex.com\/sitionuevo\/wp-json\/wp\/v2\/product"}],"about":[{"href":"https:\/\/www.pinturaselbex.com\/sitionuevo\/wp-json\/wp\/v2\/types\/product"}],"wp:featuredmedia":[{"embeddable":true,"href":"https:\/\/www.pinturaselbex.com\/sitionuevo\/wp-json\/wp\/v2\/media\/3930"}],"wp:attachment":[{"href":"https:\/\/www.pinturaselbex.com\/sitionuevo\/wp-json\/wp\/v2\/media?parent=3203"}],"wp:term":[{"taxonomy":"product_brand","embeddable":true,"href":"https:\/\/www.pinturaselbex.com\/sitionuevo\/wp-json\/wp\/v2\/product_brand?post=3203"},{"taxonomy":"product_cat","embeddable":true,"href":"https:\/\/www.pinturaselbex.com\/sitionuevo\/wp-json\/wp\/v2\/product_cat?post=3203"},{"taxonomy":"product_tag","embeddable":true,"href":"https:\/\/www.pinturaselbex.com\/sitionuevo\/wp-json\/wp\/v2\/product_tag?post=3203"}],"curies":[{"name":"wp","href":"https:\/\/api.w.org\/{rel}","templated":true}]}}