{"id":3201,"date":"2022-02-08T14:23:21","date_gmt":"2022-02-08T14:23:21","guid":{"rendered":"http:\/\/www.pinturaselbex.com\/sitionuevo\/?post_type=product&#038;p=3201"},"modified":"2024-09-02T14:06:51","modified_gmt":"2024-09-02T14:06:51","slug":"elbelux-3-en-1","status":"publish","type":"product","link":"https:\/\/www.pinturaselbex.com\/sitionuevo\/producto\/elbelux-3-en-1\/","title":{"rendered":"Elbelux 3 en 1"},"content":{"rendered":"","protected":false},"excerpt":{"rendered":"<p><strong><em>ELBELUX 3 EN 1 <\/em><\/strong>es un Esmalte Sint\u00e9tico de primera calidad para decoraci\u00f3n y protecci\u00f3n de superficies interiores y exteriores. Ofrece la soluci\u00f3n de 3 productos en 1, porque act\u00faa como anticorrosivo, convertidor de \u00f3xido y esmalte de terminaci\u00f3n.<\/p>\n<ul>\n<li>Alto brillo,<\/li>\n<li>Excelente resistencia a la intemperie,<\/li>\n<li>F\u00e1cil aplicaci\u00f3n,<\/li>\n<li>R\u00e1pido secado,<\/li>\n<li>Excelente adherencia,<\/li>\n<li>Muy buen nivelamiento y alto poder cubritivo.<\/li>\n<li>Anticorrosivo, puede aplicarse directo sobre metal<\/li>\n<\/ul>\n<p>&nbsp;<\/p>\n<p>El agregado de siliconas en su formulaci\u00f3n, le agrega a Elbelux, una cantidad de beneficios extras, por ejemplo:<\/p>\n<ul>\n<li>Mayor dureza,<\/li>\n<li>Excelente resistencia al rayado,<\/li>\n<li>Excelente nivelaci\u00f3n,<\/li>\n<li>Suavidad al tacto,<\/li>\n<li>Mejora a\u00fan m\u00e1s el secado.<\/li>\n<\/ul>\n<p class=\"tiLabel\" style=\"text-align: left;\"><strong>PRESENTACIONES:<\/strong><\/p>\n<p>0,25 \/ 1 \/ 4 lts.<\/p>\n<p class=\"tiLabel\" style=\"text-align: left;\"><strong>HERRAMIENTAS:<\/strong><\/p>\n<p>Pincel, rodillo, soplete<\/p>\n<p class=\"tiLabel\" style=\"text-align: left;\"><strong>RENDIMIENTO:<\/strong><\/p>\n<p class=\"tiInput\" style=\"text-align: left;\">10 m2 a 12 m2 por litro, por mano<\/p>\n<p class=\"tiLabel\" style=\"text-align: left;\"><strong>SECADO:<\/strong><\/p>\n<p class=\"tiInput\" style=\"text-align: left;\">6 a 8 horas.<\/p>\n<p class=\"tiLabel\" style=\"text-align: left;\"><strong>COLORES:<\/strong><\/p>\n<p class=\"tiInput\" style=\"text-align: left;\">Ver muestrario<\/p>\n<p class=\"tiLabel\" style=\"text-align: left;\"><strong>SISTEMA DE COLOR:<\/strong><\/p>\n<p class=\"tiInput\" style=\"text-align: left;\">Es apto para ser entonado con Entonador Universal TONELBEX (hasta un m\u00e1ximo 1 sachet\/ litro) y con el Sistema de Color COLORELBEX<\/p>\n<p>&nbsp;<\/p>\n<table>\n<tbody>\n<tr>\n<th><a href=\"https:\/\/www.pinturaselbex.com\/sitionuevo\/wp-content\/uploads\/2022\/02\/ELBEX-Ficha-tecnica-Elbelux-3-1-Final.pdf\" target=\"_blank\" rel=\"noopener\"><img loading=\"lazy\" decoding=\"async\" class=\"alignnone size-full wp-image-3117\" src=\"https:\/\/www.pinturaselbex.com\/sitionuevo\/wp-content\/uploads\/2022\/01\/Icono-PDF.png\" alt=\"\" width=\"50\" height=\"50\" \/><\/a><\/th>\n<th><a href=\"https:\/\/www.pinturaselbex.com\/sitionuevo\/wp-content\/uploads\/2022\/02\/ELBEX-Ficha-tecnica-Elbelux-3-1-Final.pdf\" target=\"_blank\" rel=\"noopener\">Ficha t\u00e9cnica<\/a><\/th>\n<\/tr>\n<\/tbody>\n<\/table>\n<table>\n<tbody>\n<tr>\n<th><a href=\"https:\/\/www.pinturaselbex.com\/sitionuevo\/wp-content\/uploads\/2022\/02\/ELBEX-Ficha-tecnica-Protelbex-Frentes-Final.pdf\" target=\"_blank\" rel=\"noopener\"><img loading=\"lazy\" decoding=\"async\" class=\"alignnone size-full wp-image-3117\" src=\"https:\/\/www.pinturaselbex.com\/sitionuevo\/wp-content\/uploads\/2022\/01\/Icono-PDF.png\" alt=\"\" width=\"50\" height=\"50\" \/><\/a><\/th>\n<th><a href=\"https:\/\/www.pinturaselbex.com\/sitionuevo\/wp-content\/uploads\/2024\/09\/ELBELUX.docx.pdf\" target=\"_blank\" rel=\"noopener\">Hoja de seguridad<\/a><\/th>\n<\/tr>\n<\/tbody>\n<\/table>\n<p><strong>CARTA DE COLORES<\/strong><\/p>\n<p>&nbsp;<\/p>\n<table class=\"default\" width=\"100%\" align=\"center\">\n<tbody>\n<tr>\n<td style=\"background-color: #ffffff;\" width=\"20%\" height=\"30\"><\/td>\n<td style=\"background-color: #f0c713;\" width=\"20%\"><\/td>\n<td style=\"background-color: #ffbb00;\" width=\"20%\"><\/td>\n<td style=\"background-color: #d9890c;\" width=\"20%\"><\/td>\n<td style=\"background-color: #f55b0d;\" width=\"20%\"><\/td>\n<\/tr>\n<tr>\n<td style=\"text-align: center;\"><strong style=\"font-size: 8px;\">BLANCO<\/strong><\/td>\n<td style=\"text-align: center;\"><strong style=\"font-size: 8px;\">PAPIRO<\/strong><\/td>\n<td style=\"text-align: center;\"><strong style=\"font-size: 8px;\">AMARILLO<\/strong><\/td>\n<td style=\"text-align: center;\"><strong style=\"font-size: 8px;\">OCRE<\/strong><\/td>\n<td style=\"text-align: center;\"><strong style=\"font-size: 8px;\">NARANJA<\/strong><\/td>\n<\/tr>\n<tr>\n<td style=\"background-color: #c00a12;\" height=\"30\"><\/td>\n<td style=\"background-color: #451905;\"><\/td>\n<td style=\"background-color: #f86d47;\"><\/td>\n<td style=\"background-color: #753ad4;\"><\/td>\n<td style=\"background-color: #5d5d5d;\"><\/td>\n<\/tr>\n<tr>\n<td style=\"text-align: center;\"><strong style=\"font-size: 8px;\">BERMELL\u00d3N<\/strong><\/td>\n<td style=\"text-align: center;\"><strong style=\"font-size: 8px;\">MARR\u00d3N HABANO<\/strong><\/td>\n<td style=\"text-align: center;\"><strong style=\"font-size: 8px;\">ROSADO<\/strong><\/td>\n<td style=\"text-align: center;\"><strong style=\"font-size: 8px;\">VIOLETA<\/strong><\/td>\n<td style=\"text-align: center;\"><strong style=\"font-size: 8px;\">GRIS NUBE<\/strong><\/td>\n<\/tr>\n<tr>\n<td style=\"background-color: #414141;\" height=\"30\"><\/td>\n<td style=\"background-color: #330f00;\"><\/td>\n<td style=\"background-color: #1b99fb;\"><\/td>\n<td style=\"background-color: #127190;\"><\/td>\n<td style=\"background-color: #1b12de;\"><\/td>\n<\/tr>\n<tr>\n<td style=\"text-align: center;\"><strong style=\"font-size: 8px;\">GRIS HUMO<\/strong><\/td>\n<td style=\"text-align: center;\"><strong style=\"font-size: 8px;\">MARR\u00d3N CHOCOLATE<\/strong><\/td>\n<td style=\"text-align: center;\"><strong style=\"font-size: 8px;\">CELESTE URUGUAY<\/strong><\/td>\n<td style=\"text-align: center;\"><strong style=\"font-size: 8px;\">AZUL EGEO<\/strong><\/td>\n<td style=\"text-align: center;\"><strong style=\"font-size: 8px;\">AZUL RADIANTE<\/strong><\/td>\n<\/tr>\n<tr>\n<td style=\"background-color: #07124c;\" height=\"30\"><\/td>\n<td style=\"background-color: #032d0a;\"><\/td>\n<td style=\"background-color: #7c840a;\"><\/td>\n<td style=\"background-color: #199559;\"><\/td>\n<td style=\"background-color: #000000;\"><\/td>\n<\/tr>\n<tr>\n<td style=\"text-align: center;\"><strong style=\"font-size: 8px;\">AZUL PROFUNDO<\/strong><\/td>\n<td style=\"text-align: center;\"><strong style=\"font-size: 8px;\">VERDE INGL\u00c9S<\/strong><\/td>\n<td style=\"text-align: center;\"><strong style=\"font-size: 8px;\">VERDE MANZANA<\/strong><\/td>\n<td style=\"text-align: center;\"><strong style=\"font-size: 8px;\">VERDE FRESCO<\/strong><\/td>\n<td style=\"text-align: center;\"><strong style=\"font-size: 8px;\">NEGRO<\/strong><\/td>\n<\/tr>\n<tr>\n<td style=\"background-color: #7e7e7e;\" height=\"30\"><\/td>\n<td style=\"background-image: url('https:\/\/www.pinturaselbex.com\/sitionuevo\/wp-content\/uploads\/2022\/04\/ELBEX_Elbelux_Aluminio.jpg'); background-repeat: no-repeat; background-size: 250px 180px;\"><\/td>\n<td style=\"background-color: #ffffff;\"><\/td>\n<td style=\"background-color: #ffffff;\"><\/td>\n<td style=\"background-color: #ffffff;\"><\/td>\n<\/tr>\n<tr>\n<td style=\"text-align: center;\"><strong style=\"font-size: 8px;\">GRIS PLATINIUM<\/strong><\/td>\n<td style=\"text-align: center;\"><strong style=\"font-size: 8px;\">ALUMINIO<\/strong><\/td>\n<td style=\"text-align: center;\"><\/td>\n<td style=\"text-align: center;\"><\/td>\n<td style=\"text-align: center;\"><\/td>\n<\/tr>\n<\/tbody>\n<\/table>\n","protected":false},"featured_media":3735,"template":"","meta":{"_monsterinsights_skip_tracking":false,"_monsterinsights_sitenote_active":false,"_monsterinsights_sitenote_note":"","_monsterinsights_sitenote_category":0},"product_brand":[],"product_cat":[40,97,73,74],"product_tag":[86],"class_list":{"0":"post-3201","1":"product","2":"type-product","3":"status-publish","4":"has-post-thumbnail","6":"product_cat-arquitectonica","7":"product_cat-destacados","8":"product_cat-esmaltes","9":"product_cat-maderas","10":"product_tag-metal","12":"first","13":"instock","14":"shipping-taxable","15":"product-type-simple"},"yoast_head":"<!-- This site is optimized with the Yoast SEO plugin v24.4 - https:\/\/yoast.com\/wordpress\/plugins\/seo\/ -->\n<title>Elbelux 3 en 1 - ELBEX Pinturas<\/title>\n<meta name=\"description\" content=\"ELBELUX 3 EN 1 es un Esmalte Sint\u00e9tico de primera calidad para decoraci\u00f3n y protecci\u00f3n de superficies interiores y exteriores. Ofrece la soluci\u00f3n de 3 productos en 1, porque act\u00faa como anticorrosivo, convertidor de \u00f3xido y esmalte de terminaci\u00f3n.\" \/>\n<meta name=\"robots\" content=\"index, follow, max-snippet:-1, max-image-preview:large, max-video-preview:-1\" \/>\n<link rel=\"canonical\" href=\"https:\/\/www.pinturaselbex.com\/sitionuevo\/producto\/elbelux-3-en-1\/\" \/>\n<meta property=\"og:locale\" content=\"es_ES\" \/>\n<meta property=\"og:type\" content=\"article\" \/>\n<meta property=\"og:title\" content=\"Elbelux 3 en 1 - ELBEX Pinturas\" \/>\n<meta property=\"og:description\" content=\"ELBELUX 3 EN 1 es un Esmalte Sint\u00e9tico de primera calidad para decoraci\u00f3n y protecci\u00f3n de superficies interiores y exteriores. Ofrece la soluci\u00f3n de 3 productos en 1, porque act\u00faa como anticorrosivo, convertidor de \u00f3xido y esmalte de terminaci\u00f3n.\" \/>\n<meta property=\"og:url\" content=\"https:\/\/www.pinturaselbex.com\/sitionuevo\/producto\/elbelux-3-en-1\/\" \/>\n<meta property=\"og:site_name\" content=\"ELBEX Pinturas\" \/>\n<meta property=\"article:modified_time\" content=\"2024-09-02T14:06:51+00:00\" \/>\n<meta property=\"og:image\" content=\"https:\/\/www.pinturaselbex.com\/sitionuevo\/wp-content\/uploads\/2022\/02\/Elbelux_3_en_1_2.jpg\" \/>\n\t<meta property=\"og:image:width\" content=\"800\" \/>\n\t<meta property=\"og:image:height\" content=\"800\" \/>\n\t<meta property=\"og:image:type\" content=\"image\/jpeg\" \/>\n<meta name=\"twitter:card\" content=\"summary_large_image\" \/>\n<script type=\"application\/ld+json\" class=\"yoast-schema-graph\">{\"@context\":\"https:\/\/schema.org\",\"@graph\":[{\"@type\":\"WebPage\",\"@id\":\"https:\/\/www.pinturaselbex.com\/sitionuevo\/producto\/elbelux-3-en-1\/\",\"url\":\"https:\/\/www.pinturaselbex.com\/sitionuevo\/producto\/elbelux-3-en-1\/\",\"name\":\"Elbelux 3 en 1 - ELBEX Pinturas\",\"isPartOf\":{\"@id\":\"https:\/\/www.pinturaselbex.com\/sitionuevo\/#website\"},\"primaryImageOfPage\":{\"@id\":\"https:\/\/www.pinturaselbex.com\/sitionuevo\/producto\/elbelux-3-en-1\/#primaryimage\"},\"image\":{\"@id\":\"https:\/\/www.pinturaselbex.com\/sitionuevo\/producto\/elbelux-3-en-1\/#primaryimage\"},\"thumbnailUrl\":\"https:\/\/www.pinturaselbex.com\/sitionuevo\/wp-content\/uploads\/2022\/02\/Elbelux_3_en_1_2.jpg\",\"datePublished\":\"2022-02-08T14:23:21+00:00\",\"dateModified\":\"2024-09-02T14:06:51+00:00\",\"description\":\"ELBELUX 3 EN 1 es un Esmalte Sint\u00e9tico de primera calidad para decoraci\u00f3n y protecci\u00f3n de superficies interiores y exteriores. Ofrece la soluci\u00f3n de 3 productos en 1, porque act\u00faa como anticorrosivo, convertidor de \u00f3xido y esmalte de terminaci\u00f3n.\",\"breadcrumb\":{\"@id\":\"https:\/\/www.pinturaselbex.com\/sitionuevo\/producto\/elbelux-3-en-1\/#breadcrumb\"},\"inLanguage\":\"es\",\"potentialAction\":[{\"@type\":\"ReadAction\",\"target\":[\"https:\/\/www.pinturaselbex.com\/sitionuevo\/producto\/elbelux-3-en-1\/\"]}]},{\"@type\":\"ImageObject\",\"inLanguage\":\"es\",\"@id\":\"https:\/\/www.pinturaselbex.com\/sitionuevo\/producto\/elbelux-3-en-1\/#primaryimage\",\"url\":\"https:\/\/www.pinturaselbex.com\/sitionuevo\/wp-content\/uploads\/2022\/02\/Elbelux_3_en_1_2.jpg\",\"contentUrl\":\"https:\/\/www.pinturaselbex.com\/sitionuevo\/wp-content\/uploads\/2022\/02\/Elbelux_3_en_1_2.jpg\",\"width\":800,\"height\":800},{\"@type\":\"BreadcrumbList\",\"@id\":\"https:\/\/www.pinturaselbex.com\/sitionuevo\/producto\/elbelux-3-en-1\/#breadcrumb\",\"itemListElement\":[{\"@type\":\"ListItem\",\"position\":1,\"name\":\"Portada\",\"item\":\"https:\/\/www.pinturaselbex.com\/sitionuevo\/\"},{\"@type\":\"ListItem\",\"position\":2,\"name\":\"Tienda\",\"item\":\"https:\/\/www.pinturaselbex.com\/sitionuevo\/tienda\/\"},{\"@type\":\"ListItem\",\"position\":3,\"name\":\"Elbelux 3 en 1\"}]},{\"@type\":\"WebSite\",\"@id\":\"https:\/\/www.pinturaselbex.com\/sitionuevo\/#website\",\"url\":\"https:\/\/www.pinturaselbex.com\/sitionuevo\/\",\"name\":\"ELBEX Pinturas\",\"description\":\"Pinturas para interiores y exteriores\",\"potentialAction\":[{\"@type\":\"SearchAction\",\"target\":{\"@type\":\"EntryPoint\",\"urlTemplate\":\"https:\/\/www.pinturaselbex.com\/sitionuevo\/?s={search_term_string}\"},\"query-input\":{\"@type\":\"PropertyValueSpecification\",\"valueRequired\":true,\"valueName\":\"search_term_string\"}}],\"inLanguage\":\"es\"}]}<\/script>\n<!-- \/ Yoast SEO plugin. -->","yoast_head_json":{"title":"Elbelux 3 en 1 - ELBEX Pinturas","description":"ELBELUX 3 EN 1 es un Esmalte Sint\u00e9tico de primera calidad para decoraci\u00f3n y protecci\u00f3n de superficies interiores y exteriores. Ofrece la soluci\u00f3n de 3 productos en 1, porque act\u00faa como anticorrosivo, convertidor de \u00f3xido y esmalte de terminaci\u00f3n.","robots":{"index":"index","follow":"follow","max-snippet":"max-snippet:-1","max-image-preview":"max-image-preview:large","max-video-preview":"max-video-preview:-1"},"canonical":"https:\/\/www.pinturaselbex.com\/sitionuevo\/producto\/elbelux-3-en-1\/","og_locale":"es_ES","og_type":"article","og_title":"Elbelux 3 en 1 - ELBEX Pinturas","og_description":"ELBELUX 3 EN 1 es un Esmalte Sint\u00e9tico de primera calidad para decoraci\u00f3n y protecci\u00f3n de superficies interiores y exteriores. Ofrece la soluci\u00f3n de 3 productos en 1, porque act\u00faa como anticorrosivo, convertidor de \u00f3xido y esmalte de terminaci\u00f3n.","og_url":"https:\/\/www.pinturaselbex.com\/sitionuevo\/producto\/elbelux-3-en-1\/","og_site_name":"ELBEX Pinturas","article_modified_time":"2024-09-02T14:06:51+00:00","og_image":[{"width":800,"height":800,"url":"https:\/\/www.pinturaselbex.com\/sitionuevo\/wp-content\/uploads\/2022\/02\/Elbelux_3_en_1_2.jpg","type":"image\/jpeg"}],"twitter_card":"summary_large_image","schema":{"@context":"https:\/\/schema.org","@graph":[{"@type":"WebPage","@id":"https:\/\/www.pinturaselbex.com\/sitionuevo\/producto\/elbelux-3-en-1\/","url":"https:\/\/www.pinturaselbex.com\/sitionuevo\/producto\/elbelux-3-en-1\/","name":"Elbelux 3 en 1 - ELBEX Pinturas","isPartOf":{"@id":"https:\/\/www.pinturaselbex.com\/sitionuevo\/#website"},"primaryImageOfPage":{"@id":"https:\/\/www.pinturaselbex.com\/sitionuevo\/producto\/elbelux-3-en-1\/#primaryimage"},"image":{"@id":"https:\/\/www.pinturaselbex.com\/sitionuevo\/producto\/elbelux-3-en-1\/#primaryimage"},"thumbnailUrl":"https:\/\/www.pinturaselbex.com\/sitionuevo\/wp-content\/uploads\/2022\/02\/Elbelux_3_en_1_2.jpg","datePublished":"2022-02-08T14:23:21+00:00","dateModified":"2024-09-02T14:06:51+00:00","description":"ELBELUX 3 EN 1 es un Esmalte Sint\u00e9tico de primera calidad para decoraci\u00f3n y protecci\u00f3n de superficies interiores y exteriores. Ofrece la soluci\u00f3n de 3 productos en 1, porque act\u00faa como anticorrosivo, convertidor de \u00f3xido y esmalte de terminaci\u00f3n.","breadcrumb":{"@id":"https:\/\/www.pinturaselbex.com\/sitionuevo\/producto\/elbelux-3-en-1\/#breadcrumb"},"inLanguage":"es","potentialAction":[{"@type":"ReadAction","target":["https:\/\/www.pinturaselbex.com\/sitionuevo\/producto\/elbelux-3-en-1\/"]}]},{"@type":"ImageObject","inLanguage":"es","@id":"https:\/\/www.pinturaselbex.com\/sitionuevo\/producto\/elbelux-3-en-1\/#primaryimage","url":"https:\/\/www.pinturaselbex.com\/sitionuevo\/wp-content\/uploads\/2022\/02\/Elbelux_3_en_1_2.jpg","contentUrl":"https:\/\/www.pinturaselbex.com\/sitionuevo\/wp-content\/uploads\/2022\/02\/Elbelux_3_en_1_2.jpg","width":800,"height":800},{"@type":"BreadcrumbList","@id":"https:\/\/www.pinturaselbex.com\/sitionuevo\/producto\/elbelux-3-en-1\/#breadcrumb","itemListElement":[{"@type":"ListItem","position":1,"name":"Portada","item":"https:\/\/www.pinturaselbex.com\/sitionuevo\/"},{"@type":"ListItem","position":2,"name":"Tienda","item":"https:\/\/www.pinturaselbex.com\/sitionuevo\/tienda\/"},{"@type":"ListItem","position":3,"name":"Elbelux 3 en 1"}]},{"@type":"WebSite","@id":"https:\/\/www.pinturaselbex.com\/sitionuevo\/#website","url":"https:\/\/www.pinturaselbex.com\/sitionuevo\/","name":"ELBEX Pinturas","description":"Pinturas para interiores y exteriores","potentialAction":[{"@type":"SearchAction","target":{"@type":"EntryPoint","urlTemplate":"https:\/\/www.pinturaselbex.com\/sitionuevo\/?s={search_term_string}"},"query-input":{"@type":"PropertyValueSpecification","valueRequired":true,"valueName":"search_term_string"}}],"inLanguage":"es"}]}},"_links":{"self":[{"href":"https:\/\/www.pinturaselbex.com\/sitionuevo\/wp-json\/wp\/v2\/product\/3201","targetHints":{"allow":["GET"]}}],"collection":[{"href":"https:\/\/www.pinturaselbex.com\/sitionuevo\/wp-json\/wp\/v2\/product"}],"about":[{"href":"https:\/\/www.pinturaselbex.com\/sitionuevo\/wp-json\/wp\/v2\/types\/product"}],"wp:featuredmedia":[{"embeddable":true,"href":"https:\/\/www.pinturaselbex.com\/sitionuevo\/wp-json\/wp\/v2\/media\/3735"}],"wp:attachment":[{"href":"https:\/\/www.pinturaselbex.com\/sitionuevo\/wp-json\/wp\/v2\/media?parent=3201"}],"wp:term":[{"taxonomy":"product_brand","embeddable":true,"href":"https:\/\/www.pinturaselbex.com\/sitionuevo\/wp-json\/wp\/v2\/product_brand?post=3201"},{"taxonomy":"product_cat","embeddable":true,"href":"https:\/\/www.pinturaselbex.com\/sitionuevo\/wp-json\/wp\/v2\/product_cat?post=3201"},{"taxonomy":"product_tag","embeddable":true,"href":"https:\/\/www.pinturaselbex.com\/sitionuevo\/wp-json\/wp\/v2\/product_tag?post=3201"}],"curies":[{"name":"wp","href":"https:\/\/api.w.org\/{rel}","templated":true}]}}