{"id":3191,"date":"2022-02-08T12:57:57","date_gmt":"2022-02-08T12:57:57","guid":{"rendered":"http:\/\/www.pinturaselbex.com\/sitionuevo\/?post_type=product&#038;p=3191"},"modified":"2024-09-02T14:08:38","modified_gmt":"2024-09-02T14:08:38","slug":"practico-latex","status":"publish","type":"product","link":"https:\/\/www.pinturaselbex.com\/sitionuevo\/producto\/practico-latex\/","title":{"rendered":"Pr\u00e1ctico L\u00e1tex"},"content":{"rendered":"","protected":false},"excerpt":{"rendered":"<p>Pintura acr\u00edlica interior y exterior de muy buena resistencia a la intemperie y alto poder cubritivo. Su pel\u00edcula forma una excelente barrera contra el desarrollo de hongos y algas.<\/p>\n<p class=\"tiLabel\" style=\"text-align: left;\"><strong>PRESENTACIONES:<\/strong><\/p>\n<p>9 \/ 3,6 \/ 10 \/ 18 lts.<\/p>\n<p class=\"tiLabel\" style=\"text-align: left;\"><strong>HERRAMIENTAS:<\/strong><\/p>\n<p>Pincel, rodillo, soplete<\/p>\n<p class=\"tiLabel\" style=\"text-align: left;\"><strong>RENDIMIENTO:<\/strong><\/p>\n<p class=\"tiInput\" style=\"text-align: left;\">10 m2 a 12 m2 por litro, por mano<\/p>\n<p class=\"tiLabel\" style=\"text-align: left;\"><strong>SECADO:<\/strong><\/p>\n<p class=\"tiInput\" style=\"text-align: left;\">30 minutos<\/p>\n<p class=\"tiLabel\" style=\"text-align: left;\"><strong>COLORES:<\/strong><\/p>\n<p class=\"tiInput\" style=\"text-align: left;\">Blanco, arena, atardecer, f\u00e9rtil, frutilla, verde manzana, concreto, azul, soleado, verde, ladrillo, uva, gris oscuro, naranja<\/p>\n<p class=\"tiLabel\" style=\"text-align: left;\"><strong>SISTEMA DE COLOR:<\/strong><\/p>\n<p class=\"tiInput\" style=\"text-align: left;\">NO<\/p>\n<table>\n<tbody>\n<tr>\n<th><a href=\"https:\/\/www.pinturaselbex.com\/sitionuevo\/wp-content\/uploads\/2022\/05\/ELBEX-Ficha-tecnica-Practico-Latex-Final.pdf\" target=\"_blank\" rel=\"noopener\"><img loading=\"lazy\" decoding=\"async\" class=\"alignnone size-full wp-image-3117\" src=\"https:\/\/www.pinturaselbex.com\/sitionuevo\/wp-content\/uploads\/2022\/01\/Icono-PDF.png\" alt=\"\" width=\"50\" height=\"50\" \/><\/a><\/th>\n<th><a href=\"https:\/\/www.pinturaselbex.com\/sitionuevo\/wp-content\/uploads\/2022\/05\/ELBEX-Ficha-tecnica-Practico-Latex-Final.pdf\" target=\"_blank\" rel=\"noopener\">Ficha t\u00e9cnica<\/a><\/th>\n<\/tr>\n<\/tbody>\n<\/table>\n<table>\n<tbody>\n<tr>\n<th><a href=\"https:\/\/www.pinturaselbex.com\/sitionuevo\/wp-content\/uploads\/2022\/02\/ELBEX-Ficha-tecnica-Protelbex-Frentes-Final.pdf\" target=\"_blank\" rel=\"noopener\"><img loading=\"lazy\" decoding=\"async\" class=\"alignnone size-full wp-image-3117\" src=\"https:\/\/www.pinturaselbex.com\/sitionuevo\/wp-content\/uploads\/2022\/01\/Icono-PDF.png\" alt=\"\" width=\"50\" height=\"50\" \/><\/a><\/th>\n<th><a href=\"https:\/\/www.pinturaselbex.com\/sitionuevo\/wp-content\/uploads\/2024\/09\/SDS-PRACTICO-LATEX-INT-EXT.pdf\" target=\"_blank\" rel=\"noopener\">Hoja de seguridad<\/a><\/th>\n<\/tr>\n<\/tbody>\n<\/table>\n<p><strong>CARTA DE COLORES<\/strong><\/p>\n<table class=\"default\" width=\"100%\" align=\"center\">\n<tbody>\n<tr>\n<td style=\"background-color: #ffffff;\" width=\"20%\" height=\"30\"><\/td>\n<td style=\"background-color: #fffbd6;\" width=\"20%\"><\/td>\n<td style=\"background-color: #fccf6b;\" width=\"20%\"><\/td>\n<td style=\"background-color: #daab78;\" width=\"20%\"><\/td>\n<td style=\"background-color: #f59596;\" width=\"20%\"><\/td>\n<\/tr>\n<tr>\n<td style=\"text-align: center;\"><strong style=\"font-size: 8px;\">BLANCO<\/strong><\/td>\n<td style=\"text-align: center;\"><strong style=\"font-size: 8px;\">ARENA<\/strong><\/td>\n<td style=\"text-align: center;\"><strong style=\"font-size: 8px;\">ATARDECER<\/strong><\/td>\n<td style=\"text-align: center;\"><strong style=\"font-size: 8px;\">F\u00c9RTIL<\/strong><\/td>\n<td style=\"text-align: center;\"><strong style=\"font-size: 8px;\">FRUTILLA<\/strong><\/td>\n<\/tr>\n<tr>\n<td style=\"background-color: #acd039;\" height=\"30\"><\/td>\n<td style=\"background-color: #879361;\"><\/td>\n<td style=\"background-color: #275f97;\"><\/td>\n<td style=\"background-color: #ffce2b;\"><\/td>\n<td style=\"background-color: #0e7039;\"><\/td>\n<\/tr>\n<tr>\n<td style=\"text-align: center;\"><strong style=\"font-size: 8px;\">VERDE MANZANA<\/strong><\/td>\n<td style=\"text-align: center;\"><strong style=\"font-size: 8px;\">CONCRETO<\/strong><\/td>\n<td style=\"text-align: center;\"><strong style=\"font-size: 8px;\">AZUL<\/strong><\/td>\n<td style=\"text-align: center;\"><strong style=\"font-size: 8px;\">SOLEADO<\/strong><\/td>\n<td style=\"text-align: center;\"><strong style=\"font-size: 8px;\">VERDE<\/strong><\/td>\n<\/tr>\n<tr>\n<td style=\"background-color: #a94723;\" height=\"30\"><\/td>\n<td style=\"background-color: #6a51a1;\"><\/td>\n<td style=\"background-color: #4e494b;\"><\/td>\n<td style=\"background-color: #f7942b;\"><\/td>\n<td style=\"background-color: #ffffff;\"><\/td>\n<\/tr>\n<tr>\n<td style=\"text-align: center;\"><strong style=\"font-size: 8px;\">LADRILLO<\/strong><\/td>\n<td style=\"text-align: center;\"><strong style=\"font-size: 8px;\">UVA<\/strong><\/td>\n<td style=\"text-align: center;\"><strong style=\"font-size: 8px;\">GRIS OSCURO<\/strong><\/td>\n<td style=\"text-align: center;\"><strong style=\"font-size: 8px;\">NARANJA<\/strong><\/td>\n<td style=\"text-align: center;\"><\/td>\n<\/tr>\n<\/tbody>\n<\/table>\n","protected":false},"featured_media":3751,"template":"","meta":{"_monsterinsights_skip_tracking":false,"_monsterinsights_sitenote_active":false,"_monsterinsights_sitenote_note":"","_monsterinsights_sitenote_category":0},"product_brand":[],"product_cat":[40,83],"product_tag":[85],"class_list":{"0":"post-3191","1":"product","2":"type-product","3":"status-publish","4":"has-post-thumbnail","6":"product_cat-arquitectonica","7":"product_cat-latex","8":"product_tag-linea-practico","10":"first","11":"instock","12":"shipping-taxable","13":"product-type-simple"},"yoast_head":"<!-- This site is optimized with the Yoast SEO plugin v24.4 - https:\/\/yoast.com\/wordpress\/plugins\/seo\/ -->\n<title>Pr\u00e1ctico L\u00e1tex - ELBEX Pinturas<\/title>\n<meta name=\"description\" content=\"Pintura acr\u00edlica interior y exterior de muy buena resistencia a la intemperie y alto poder cubritivo. Su pel\u00edcula forma una excelente barrera contra el desarrollo de hongos y algas.\" \/>\n<meta name=\"robots\" content=\"index, follow, max-snippet:-1, max-image-preview:large, max-video-preview:-1\" \/>\n<link rel=\"canonical\" href=\"https:\/\/www.pinturaselbex.com\/sitionuevo\/producto\/practico-latex\/\" \/>\n<meta property=\"og:locale\" content=\"es_ES\" \/>\n<meta property=\"og:type\" content=\"article\" \/>\n<meta property=\"og:title\" content=\"Pr\u00e1ctico L\u00e1tex - ELBEX Pinturas\" \/>\n<meta property=\"og:description\" content=\"Pintura acr\u00edlica interior y exterior de muy buena resistencia a la intemperie y alto poder cubritivo. Su pel\u00edcula forma una excelente barrera contra el desarrollo de hongos y algas.\" \/>\n<meta property=\"og:url\" content=\"https:\/\/www.pinturaselbex.com\/sitionuevo\/producto\/practico-latex\/\" \/>\n<meta property=\"og:site_name\" content=\"ELBEX Pinturas\" \/>\n<meta property=\"article:modified_time\" content=\"2024-09-02T14:08:38+00:00\" \/>\n<meta property=\"og:image\" content=\"https:\/\/www.pinturaselbex.com\/sitionuevo\/wp-content\/uploads\/2022\/02\/Practico_Latex-1.jpg\" \/>\n\t<meta property=\"og:image:width\" content=\"800\" \/>\n\t<meta property=\"og:image:height\" content=\"800\" \/>\n\t<meta property=\"og:image:type\" content=\"image\/jpeg\" \/>\n<meta name=\"twitter:card\" content=\"summary_large_image\" \/>\n<meta name=\"twitter:label1\" content=\"Tiempo de lectura\" \/>\n\t<meta name=\"twitter:data1\" content=\"1 minuto\" \/>\n<script type=\"application\/ld+json\" class=\"yoast-schema-graph\">{\"@context\":\"https:\/\/schema.org\",\"@graph\":[{\"@type\":\"WebPage\",\"@id\":\"https:\/\/www.pinturaselbex.com\/sitionuevo\/producto\/practico-latex\/\",\"url\":\"https:\/\/www.pinturaselbex.com\/sitionuevo\/producto\/practico-latex\/\",\"name\":\"Pr\u00e1ctico L\u00e1tex - ELBEX Pinturas\",\"isPartOf\":{\"@id\":\"https:\/\/www.pinturaselbex.com\/sitionuevo\/#website\"},\"primaryImageOfPage\":{\"@id\":\"https:\/\/www.pinturaselbex.com\/sitionuevo\/producto\/practico-latex\/#primaryimage\"},\"image\":{\"@id\":\"https:\/\/www.pinturaselbex.com\/sitionuevo\/producto\/practico-latex\/#primaryimage\"},\"thumbnailUrl\":\"https:\/\/www.pinturaselbex.com\/sitionuevo\/wp-content\/uploads\/2022\/02\/Practico_Latex-1.jpg\",\"datePublished\":\"2022-02-08T12:57:57+00:00\",\"dateModified\":\"2024-09-02T14:08:38+00:00\",\"description\":\"Pintura acr\u00edlica interior y exterior de muy buena resistencia a la intemperie y alto poder cubritivo. Su pel\u00edcula forma una excelente barrera contra el desarrollo de hongos y algas.\",\"breadcrumb\":{\"@id\":\"https:\/\/www.pinturaselbex.com\/sitionuevo\/producto\/practico-latex\/#breadcrumb\"},\"inLanguage\":\"es\",\"potentialAction\":[{\"@type\":\"ReadAction\",\"target\":[\"https:\/\/www.pinturaselbex.com\/sitionuevo\/producto\/practico-latex\/\"]}]},{\"@type\":\"ImageObject\",\"inLanguage\":\"es\",\"@id\":\"https:\/\/www.pinturaselbex.com\/sitionuevo\/producto\/practico-latex\/#primaryimage\",\"url\":\"https:\/\/www.pinturaselbex.com\/sitionuevo\/wp-content\/uploads\/2022\/02\/Practico_Latex-1.jpg\",\"contentUrl\":\"https:\/\/www.pinturaselbex.com\/sitionuevo\/wp-content\/uploads\/2022\/02\/Practico_Latex-1.jpg\",\"width\":800,\"height\":800},{\"@type\":\"BreadcrumbList\",\"@id\":\"https:\/\/www.pinturaselbex.com\/sitionuevo\/producto\/practico-latex\/#breadcrumb\",\"itemListElement\":[{\"@type\":\"ListItem\",\"position\":1,\"name\":\"Portada\",\"item\":\"https:\/\/www.pinturaselbex.com\/sitionuevo\/\"},{\"@type\":\"ListItem\",\"position\":2,\"name\":\"Tienda\",\"item\":\"https:\/\/www.pinturaselbex.com\/sitionuevo\/tienda\/\"},{\"@type\":\"ListItem\",\"position\":3,\"name\":\"Pr\u00e1ctico L\u00e1tex\"}]},{\"@type\":\"WebSite\",\"@id\":\"https:\/\/www.pinturaselbex.com\/sitionuevo\/#website\",\"url\":\"https:\/\/www.pinturaselbex.com\/sitionuevo\/\",\"name\":\"ELBEX Pinturas\",\"description\":\"Pinturas para interiores y exteriores\",\"potentialAction\":[{\"@type\":\"SearchAction\",\"target\":{\"@type\":\"EntryPoint\",\"urlTemplate\":\"https:\/\/www.pinturaselbex.com\/sitionuevo\/?s={search_term_string}\"},\"query-input\":{\"@type\":\"PropertyValueSpecification\",\"valueRequired\":true,\"valueName\":\"search_term_string\"}}],\"inLanguage\":\"es\"}]}<\/script>\n<!-- \/ Yoast SEO plugin. -->","yoast_head_json":{"title":"Pr\u00e1ctico L\u00e1tex - ELBEX Pinturas","description":"Pintura acr\u00edlica interior y exterior de muy buena resistencia a la intemperie y alto poder cubritivo. Su pel\u00edcula forma una excelente barrera contra el desarrollo de hongos y algas.","robots":{"index":"index","follow":"follow","max-snippet":"max-snippet:-1","max-image-preview":"max-image-preview:large","max-video-preview":"max-video-preview:-1"},"canonical":"https:\/\/www.pinturaselbex.com\/sitionuevo\/producto\/practico-latex\/","og_locale":"es_ES","og_type":"article","og_title":"Pr\u00e1ctico L\u00e1tex - ELBEX Pinturas","og_description":"Pintura acr\u00edlica interior y exterior de muy buena resistencia a la intemperie y alto poder cubritivo. Su pel\u00edcula forma una excelente barrera contra el desarrollo de hongos y algas.","og_url":"https:\/\/www.pinturaselbex.com\/sitionuevo\/producto\/practico-latex\/","og_site_name":"ELBEX Pinturas","article_modified_time":"2024-09-02T14:08:38+00:00","og_image":[{"width":800,"height":800,"url":"https:\/\/www.pinturaselbex.com\/sitionuevo\/wp-content\/uploads\/2022\/02\/Practico_Latex-1.jpg","type":"image\/jpeg"}],"twitter_card":"summary_large_image","twitter_misc":{"Tiempo de lectura":"1 minuto"},"schema":{"@context":"https:\/\/schema.org","@graph":[{"@type":"WebPage","@id":"https:\/\/www.pinturaselbex.com\/sitionuevo\/producto\/practico-latex\/","url":"https:\/\/www.pinturaselbex.com\/sitionuevo\/producto\/practico-latex\/","name":"Pr\u00e1ctico L\u00e1tex - ELBEX Pinturas","isPartOf":{"@id":"https:\/\/www.pinturaselbex.com\/sitionuevo\/#website"},"primaryImageOfPage":{"@id":"https:\/\/www.pinturaselbex.com\/sitionuevo\/producto\/practico-latex\/#primaryimage"},"image":{"@id":"https:\/\/www.pinturaselbex.com\/sitionuevo\/producto\/practico-latex\/#primaryimage"},"thumbnailUrl":"https:\/\/www.pinturaselbex.com\/sitionuevo\/wp-content\/uploads\/2022\/02\/Practico_Latex-1.jpg","datePublished":"2022-02-08T12:57:57+00:00","dateModified":"2024-09-02T14:08:38+00:00","description":"Pintura acr\u00edlica interior y exterior de muy buena resistencia a la intemperie y alto poder cubritivo. Su pel\u00edcula forma una excelente barrera contra el desarrollo de hongos y algas.","breadcrumb":{"@id":"https:\/\/www.pinturaselbex.com\/sitionuevo\/producto\/practico-latex\/#breadcrumb"},"inLanguage":"es","potentialAction":[{"@type":"ReadAction","target":["https:\/\/www.pinturaselbex.com\/sitionuevo\/producto\/practico-latex\/"]}]},{"@type":"ImageObject","inLanguage":"es","@id":"https:\/\/www.pinturaselbex.com\/sitionuevo\/producto\/practico-latex\/#primaryimage","url":"https:\/\/www.pinturaselbex.com\/sitionuevo\/wp-content\/uploads\/2022\/02\/Practico_Latex-1.jpg","contentUrl":"https:\/\/www.pinturaselbex.com\/sitionuevo\/wp-content\/uploads\/2022\/02\/Practico_Latex-1.jpg","width":800,"height":800},{"@type":"BreadcrumbList","@id":"https:\/\/www.pinturaselbex.com\/sitionuevo\/producto\/practico-latex\/#breadcrumb","itemListElement":[{"@type":"ListItem","position":1,"name":"Portada","item":"https:\/\/www.pinturaselbex.com\/sitionuevo\/"},{"@type":"ListItem","position":2,"name":"Tienda","item":"https:\/\/www.pinturaselbex.com\/sitionuevo\/tienda\/"},{"@type":"ListItem","position":3,"name":"Pr\u00e1ctico L\u00e1tex"}]},{"@type":"WebSite","@id":"https:\/\/www.pinturaselbex.com\/sitionuevo\/#website","url":"https:\/\/www.pinturaselbex.com\/sitionuevo\/","name":"ELBEX Pinturas","description":"Pinturas para interiores y exteriores","potentialAction":[{"@type":"SearchAction","target":{"@type":"EntryPoint","urlTemplate":"https:\/\/www.pinturaselbex.com\/sitionuevo\/?s={search_term_string}"},"query-input":{"@type":"PropertyValueSpecification","valueRequired":true,"valueName":"search_term_string"}}],"inLanguage":"es"}]}},"_links":{"self":[{"href":"https:\/\/www.pinturaselbex.com\/sitionuevo\/wp-json\/wp\/v2\/product\/3191","targetHints":{"allow":["GET"]}}],"collection":[{"href":"https:\/\/www.pinturaselbex.com\/sitionuevo\/wp-json\/wp\/v2\/product"}],"about":[{"href":"https:\/\/www.pinturaselbex.com\/sitionuevo\/wp-json\/wp\/v2\/types\/product"}],"wp:featuredmedia":[{"embeddable":true,"href":"https:\/\/www.pinturaselbex.com\/sitionuevo\/wp-json\/wp\/v2\/media\/3751"}],"wp:attachment":[{"href":"https:\/\/www.pinturaselbex.com\/sitionuevo\/wp-json\/wp\/v2\/media?parent=3191"}],"wp:term":[{"taxonomy":"product_brand","embeddable":true,"href":"https:\/\/www.pinturaselbex.com\/sitionuevo\/wp-json\/wp\/v2\/product_brand?post=3191"},{"taxonomy":"product_cat","embeddable":true,"href":"https:\/\/www.pinturaselbex.com\/sitionuevo\/wp-json\/wp\/v2\/product_cat?post=3191"},{"taxonomy":"product_tag","embeddable":true,"href":"https:\/\/www.pinturaselbex.com\/sitionuevo\/wp-json\/wp\/v2\/product_tag?post=3191"}],"curies":[{"name":"wp","href":"https:\/\/api.w.org\/{rel}","templated":true}]}}