{"id":3189,"date":"2022-02-08T12:56:27","date_gmt":"2022-02-08T12:56:27","guid":{"rendered":"http:\/\/www.pinturaselbex.com\/sitionuevo\/?post_type=product&#038;p=3189"},"modified":"2022-05-12T15:05:30","modified_gmt":"2022-05-12T15:05:30","slug":"practico-lux-esmalte","status":"publish","type":"product","link":"https:\/\/www.pinturaselbex.com\/sitionuevo\/producto\/practico-lux-esmalte\/","title":{"rendered":"Pr\u00e1ctico Lux"},"content":{"rendered":"","protected":false},"excerpt":{"rendered":"<p><strong><em>PR\u00c1CTICO LUX<\/em><\/strong> es un Esmalte Sint\u00e9tico de buena calidad para decoraci\u00f3n y protecci\u00f3n de superficies interiores y exteriores.<\/p>\n<p>&#8211; Buen brillo<\/p>\n<p>&#8211; Buena resistencia a la intemperie.<\/p>\n<p>&#8211; F\u00e1cil aplicaci\u00f3n.<\/p>\n<p>&#8211; Buena adherencia.<\/p>\n<p>&#8211; Muy buen nivelamiento y buen poder cubritivo.<\/p>\n<p>&nbsp;<\/p>\n<p class=\"tiLabel\" style=\"text-align: left;\"><strong>PRESENTACIONES:<\/strong><\/p>\n<p>0,25 \/ 0,9 \/ 3,6<\/p>\n<p class=\"tiLabel\" style=\"text-align: left;\"><strong>HERRAMIENTAS:<\/strong><\/p>\n<p>Pincel, rodillo, soplete<\/p>\n<p class=\"tiLabel\" style=\"text-align: left;\"><strong>RENDIMIENTO:<\/strong><\/p>\n<p class=\"tiInput\" style=\"text-align: left;\">8 a 10 m2 por litro, por mano<\/p>\n<p class=\"tiLabel\" style=\"text-align: left;\"><strong>SECADO:<\/strong><\/p>\n<p class=\"tiInput\" style=\"text-align: left;\">6 horas<\/p>\n<p class=\"tiLabel\" style=\"text-align: left;\"><strong>COLORES:<\/strong><\/p>\n<p class=\"tiInput\" style=\"text-align: left;\">Ver muestrario<\/p>\n<p class=\"tiLabel\" style=\"text-align: left;\"><strong>SISTEMA DE COLOR:<\/strong><\/p>\n<p class=\"tiInput\" style=\"text-align: left;\">Se puede obtener una gama muy amplia de colores con el sistema tradicional de entonado por sachets de <strong>TONELBEX,<\/strong> utilizar hasta un sachet por litro.<\/p>\n<table>\n<tbody>\n<tr>\n<th><a href=\"https:\/\/www.pinturaselbex.com\/sitionuevo\/wp-content\/uploads\/2022\/02\/ELBEX-Ficha-tecnica-Practico-Lux-Final.pdf\" target=\"_blank\" rel=\"noopener\"><img loading=\"lazy\" decoding=\"async\" class=\"alignnone size-full wp-image-3117\" src=\"https:\/\/www.pinturaselbex.com\/sitionuevo\/wp-content\/uploads\/2022\/01\/Icono-PDF.png\" alt=\"\" width=\"50\" height=\"50\" \/><\/a><\/th>\n<th><a href=\"https:\/\/www.pinturaselbex.com\/sitionuevo\/wp-content\/uploads\/2022\/02\/ELBEX-Ficha-tecnica-Practico-Lux-Final.pdf\" target=\"_blank\" rel=\"noopener\">Ficha t\u00e9cnica<\/a><\/th>\n<\/tr>\n<\/tbody>\n<\/table>\n<p>&nbsp;<\/p>\n<p><strong>CARTA DE COLORES<\/strong><\/p>\n<p>&nbsp;<\/p>\n<table class=\"default\" width=\"100%\" align=\"center\">\n<tbody>\n<tr>\n<td style=\"background-color: #ffffff;\" width=\"20%\" height=\"30\"><\/td>\n<td style=\"background-color: #e2bb45;\" width=\"20%\"><\/td>\n<td style=\"background-color: #f36e21;\" width=\"20%\"><\/td>\n<td style=\"background-color: #c2262c;\" width=\"20%\"><\/td>\n<td style=\"background-color: #6b3e16;\" width=\"20%\"><\/td>\n<\/tr>\n<tr>\n<td style=\"text-align: center;\"><strong style=\"font-size: 8px;\">BLANCO<\/strong><\/td>\n<td style=\"text-align: center;\"><strong style=\"font-size: 8px;\">AMARILLO<\/strong><\/td>\n<td style=\"text-align: center;\"><strong style=\"font-size: 8px;\">NARANJA<\/strong><\/td>\n<td style=\"text-align: center;\"><strong style=\"font-size: 8px;\">BERMELL\u00d3N<\/strong><\/td>\n<td style=\"text-align: center;\"><strong style=\"font-size: 8px;\">TABACO<\/strong><\/td>\n<\/tr>\n<tr>\n<td style=\"background-color: #381200;\" height=\"30\"><\/td>\n<td style=\"background-color: #8bc4e7;\"><\/td>\n<td style=\"background-color: #35bfc2;\"><\/td>\n<td style=\"background-color: #328cc8;\"><\/td>\n<td style=\"background-color: #f280ae;\"><\/td>\n<\/tr>\n<tr>\n<td style=\"text-align: center;\"><strong style=\"font-size: 8px;\">MARR\u00d3N<\/strong><\/td>\n<td style=\"text-align: center;\"><strong style=\"font-size: 8px;\">CELESTE<\/strong><\/td>\n<td style=\"text-align: center;\"><strong style=\"font-size: 8px;\">TURQUESA<\/strong><\/td>\n<td style=\"text-align: center;\"><strong style=\"font-size: 8px;\">AZUL TRAFUL<\/strong><\/td>\n<td style=\"text-align: center;\"><strong style=\"font-size: 8px;\">FUCSIA<\/strong><\/td>\n<\/tr>\n<tr>\n<td style=\"background-color: #804d93;\" width=\"20%\" height=\"30\"><\/td>\n<td style=\"background-color: #1b1457;\" width=\"20%\"><\/td>\n<td style=\"background-color: #c1c4c5;\" width=\"20%\"><\/td>\n<td style=\"background-color: #a9cf38;\" width=\"20%\"><\/td>\n<td style=\"background-color: #15341c;\" width=\"20%\"><\/td>\n<\/tr>\n<tr>\n<td style=\"text-align: center;\"><strong style=\"font-size: 8px;\">VIOLETA<\/strong><\/td>\n<td style=\"text-align: center;\"><strong style=\"font-size: 8px;\">AZUL MARINO<\/strong><\/td>\n<td style=\"text-align: center;\"><strong style=\"font-size: 8px;\">GRIS PLATINO<\/strong><\/td>\n<td style=\"text-align: center;\"><strong style=\"font-size: 8px;\">VERDE MANZANA<\/strong><\/td>\n<td style=\"text-align: center;\"><strong style=\"font-size: 8px;\">VERDE INGL\u00c9S<\/strong><\/td>\n<\/tr>\n<tr>\n<td style=\"background-color: #56565e;\" height=\"30\"><\/td>\n<td style=\"background-color: #000000;\"><\/td>\n<td style=\"background-color: #ffffff;\"><\/td>\n<td style=\"background-color: #ffffff;\"><\/td>\n<td style=\"background-color: #ffffff;\"><\/td>\n<\/tr>\n<tr>\n<td style=\"text-align: center;\"><strong style=\"font-size: 8px;\">GRIS<\/strong><\/td>\n<td style=\"text-align: center;\"><strong style=\"font-size: 8px;\">NEGRO<\/strong><\/td>\n<td style=\"text-align: center;\"><\/td>\n<td style=\"text-align: center;\"><\/td>\n<td style=\"text-align: center;\"><\/td>\n<\/tr>\n<\/tbody>\n<\/table>\n<ul>\n<li>Blanco en terminaci\u00f3n mate, satinado y brillante<\/li>\n<li>Negro en terminaci\u00f3n mate, satinado y brillante<\/li>\n<\/ul>\n","protected":false},"featured_media":3749,"template":"","meta":{"_monsterinsights_skip_tracking":false,"_monsterinsights_sitenote_active":false,"_monsterinsights_sitenote_note":"","_monsterinsights_sitenote_category":0},"product_brand":[],"product_cat":[40,73,74],"product_tag":[85],"class_list":{"0":"post-3189","1":"product","2":"type-product","3":"status-publish","4":"has-post-thumbnail","6":"product_cat-arquitectonica","7":"product_cat-esmaltes","8":"product_cat-maderas","9":"product_tag-linea-practico","11":"first","12":"instock","13":"shipping-taxable","14":"product-type-simple"},"yoast_head":"<!-- This site is optimized with the Yoast SEO plugin v24.4 - https:\/\/yoast.com\/wordpress\/plugins\/seo\/ -->\n<title>Pr\u00e1ctico Lux - ELBEX Pinturas<\/title>\n<meta name=\"description\" content=\"PR\u00c1CTICO LUX es un Esmalte Sint\u00e9tico de buena calidad para decoraci\u00f3n y protecci\u00f3n de superficies interiores y exteriores.\" \/>\n<meta name=\"robots\" content=\"index, follow, max-snippet:-1, max-image-preview:large, max-video-preview:-1\" \/>\n<link rel=\"canonical\" href=\"https:\/\/www.pinturaselbex.com\/sitionuevo\/producto\/practico-lux-esmalte\/\" \/>\n<meta property=\"og:locale\" content=\"es_ES\" \/>\n<meta property=\"og:type\" content=\"article\" \/>\n<meta property=\"og:title\" content=\"Pr\u00e1ctico Lux - ELBEX Pinturas\" \/>\n<meta property=\"og:description\" content=\"PR\u00c1CTICO LUX es un Esmalte Sint\u00e9tico de buena calidad para decoraci\u00f3n y protecci\u00f3n de superficies interiores y exteriores.\" \/>\n<meta property=\"og:url\" content=\"https:\/\/www.pinturaselbex.com\/sitionuevo\/producto\/practico-lux-esmalte\/\" \/>\n<meta property=\"og:site_name\" content=\"ELBEX Pinturas\" \/>\n<meta property=\"article:modified_time\" content=\"2022-05-12T15:05:30+00:00\" \/>\n<meta property=\"og:image\" content=\"http:\/\/www.pinturaselbex.com\/sitionuevo\/wp-content\/uploads\/2022\/02\/Practico_Esmalte_2.jpg\" \/>\n\t<meta property=\"og:image:width\" content=\"800\" \/>\n\t<meta property=\"og:image:height\" content=\"800\" \/>\n\t<meta property=\"og:image:type\" content=\"image\/jpeg\" \/>\n<meta name=\"twitter:card\" content=\"summary_large_image\" \/>\n<script type=\"application\/ld+json\" class=\"yoast-schema-graph\">{\"@context\":\"https:\/\/schema.org\",\"@graph\":[{\"@type\":\"WebPage\",\"@id\":\"https:\/\/www.pinturaselbex.com\/sitionuevo\/producto\/practico-lux-esmalte\/\",\"url\":\"https:\/\/www.pinturaselbex.com\/sitionuevo\/producto\/practico-lux-esmalte\/\",\"name\":\"Pr\u00e1ctico Lux - ELBEX Pinturas\",\"isPartOf\":{\"@id\":\"https:\/\/www.pinturaselbex.com\/sitionuevo\/#website\"},\"primaryImageOfPage\":{\"@id\":\"https:\/\/www.pinturaselbex.com\/sitionuevo\/producto\/practico-lux-esmalte\/#primaryimage\"},\"image\":{\"@id\":\"https:\/\/www.pinturaselbex.com\/sitionuevo\/producto\/practico-lux-esmalte\/#primaryimage\"},\"thumbnailUrl\":\"https:\/\/www.pinturaselbex.com\/sitionuevo\/wp-content\/uploads\/2022\/02\/Practico_Esmalte_2.jpg\",\"datePublished\":\"2022-02-08T12:56:27+00:00\",\"dateModified\":\"2022-05-12T15:05:30+00:00\",\"description\":\"PR\u00c1CTICO LUX es un Esmalte Sint\u00e9tico de buena calidad para decoraci\u00f3n y protecci\u00f3n de superficies interiores y exteriores.\",\"breadcrumb\":{\"@id\":\"https:\/\/www.pinturaselbex.com\/sitionuevo\/producto\/practico-lux-esmalte\/#breadcrumb\"},\"inLanguage\":\"es\",\"potentialAction\":[{\"@type\":\"ReadAction\",\"target\":[\"https:\/\/www.pinturaselbex.com\/sitionuevo\/producto\/practico-lux-esmalte\/\"]}]},{\"@type\":\"ImageObject\",\"inLanguage\":\"es\",\"@id\":\"https:\/\/www.pinturaselbex.com\/sitionuevo\/producto\/practico-lux-esmalte\/#primaryimage\",\"url\":\"https:\/\/www.pinturaselbex.com\/sitionuevo\/wp-content\/uploads\/2022\/02\/Practico_Esmalte_2.jpg\",\"contentUrl\":\"https:\/\/www.pinturaselbex.com\/sitionuevo\/wp-content\/uploads\/2022\/02\/Practico_Esmalte_2.jpg\",\"width\":800,\"height\":800},{\"@type\":\"BreadcrumbList\",\"@id\":\"https:\/\/www.pinturaselbex.com\/sitionuevo\/producto\/practico-lux-esmalte\/#breadcrumb\",\"itemListElement\":[{\"@type\":\"ListItem\",\"position\":1,\"name\":\"Portada\",\"item\":\"https:\/\/www.pinturaselbex.com\/sitionuevo\/\"},{\"@type\":\"ListItem\",\"position\":2,\"name\":\"Tienda\",\"item\":\"https:\/\/www.pinturaselbex.com\/sitionuevo\/tienda\/\"},{\"@type\":\"ListItem\",\"position\":3,\"name\":\"Pr\u00e1ctico Lux\"}]},{\"@type\":\"WebSite\",\"@id\":\"https:\/\/www.pinturaselbex.com\/sitionuevo\/#website\",\"url\":\"https:\/\/www.pinturaselbex.com\/sitionuevo\/\",\"name\":\"ELBEX Pinturas\",\"description\":\"Pinturas para interiores y exteriores\",\"potentialAction\":[{\"@type\":\"SearchAction\",\"target\":{\"@type\":\"EntryPoint\",\"urlTemplate\":\"https:\/\/www.pinturaselbex.com\/sitionuevo\/?s={search_term_string}\"},\"query-input\":{\"@type\":\"PropertyValueSpecification\",\"valueRequired\":true,\"valueName\":\"search_term_string\"}}],\"inLanguage\":\"es\"}]}<\/script>\n<!-- \/ Yoast SEO plugin. -->","yoast_head_json":{"title":"Pr\u00e1ctico Lux - ELBEX Pinturas","description":"PR\u00c1CTICO LUX es un Esmalte Sint\u00e9tico de buena calidad para decoraci\u00f3n y protecci\u00f3n de superficies interiores y exteriores.","robots":{"index":"index","follow":"follow","max-snippet":"max-snippet:-1","max-image-preview":"max-image-preview:large","max-video-preview":"max-video-preview:-1"},"canonical":"https:\/\/www.pinturaselbex.com\/sitionuevo\/producto\/practico-lux-esmalte\/","og_locale":"es_ES","og_type":"article","og_title":"Pr\u00e1ctico Lux - ELBEX Pinturas","og_description":"PR\u00c1CTICO LUX es un Esmalte Sint\u00e9tico de buena calidad para decoraci\u00f3n y protecci\u00f3n de superficies interiores y exteriores.","og_url":"https:\/\/www.pinturaselbex.com\/sitionuevo\/producto\/practico-lux-esmalte\/","og_site_name":"ELBEX Pinturas","article_modified_time":"2022-05-12T15:05:30+00:00","og_image":[{"width":800,"height":800,"url":"http:\/\/www.pinturaselbex.com\/sitionuevo\/wp-content\/uploads\/2022\/02\/Practico_Esmalte_2.jpg","type":"image\/jpeg"}],"twitter_card":"summary_large_image","schema":{"@context":"https:\/\/schema.org","@graph":[{"@type":"WebPage","@id":"https:\/\/www.pinturaselbex.com\/sitionuevo\/producto\/practico-lux-esmalte\/","url":"https:\/\/www.pinturaselbex.com\/sitionuevo\/producto\/practico-lux-esmalte\/","name":"Pr\u00e1ctico Lux - ELBEX Pinturas","isPartOf":{"@id":"https:\/\/www.pinturaselbex.com\/sitionuevo\/#website"},"primaryImageOfPage":{"@id":"https:\/\/www.pinturaselbex.com\/sitionuevo\/producto\/practico-lux-esmalte\/#primaryimage"},"image":{"@id":"https:\/\/www.pinturaselbex.com\/sitionuevo\/producto\/practico-lux-esmalte\/#primaryimage"},"thumbnailUrl":"https:\/\/www.pinturaselbex.com\/sitionuevo\/wp-content\/uploads\/2022\/02\/Practico_Esmalte_2.jpg","datePublished":"2022-02-08T12:56:27+00:00","dateModified":"2022-05-12T15:05:30+00:00","description":"PR\u00c1CTICO LUX es un Esmalte Sint\u00e9tico de buena calidad para decoraci\u00f3n y protecci\u00f3n de superficies interiores y exteriores.","breadcrumb":{"@id":"https:\/\/www.pinturaselbex.com\/sitionuevo\/producto\/practico-lux-esmalte\/#breadcrumb"},"inLanguage":"es","potentialAction":[{"@type":"ReadAction","target":["https:\/\/www.pinturaselbex.com\/sitionuevo\/producto\/practico-lux-esmalte\/"]}]},{"@type":"ImageObject","inLanguage":"es","@id":"https:\/\/www.pinturaselbex.com\/sitionuevo\/producto\/practico-lux-esmalte\/#primaryimage","url":"https:\/\/www.pinturaselbex.com\/sitionuevo\/wp-content\/uploads\/2022\/02\/Practico_Esmalte_2.jpg","contentUrl":"https:\/\/www.pinturaselbex.com\/sitionuevo\/wp-content\/uploads\/2022\/02\/Practico_Esmalte_2.jpg","width":800,"height":800},{"@type":"BreadcrumbList","@id":"https:\/\/www.pinturaselbex.com\/sitionuevo\/producto\/practico-lux-esmalte\/#breadcrumb","itemListElement":[{"@type":"ListItem","position":1,"name":"Portada","item":"https:\/\/www.pinturaselbex.com\/sitionuevo\/"},{"@type":"ListItem","position":2,"name":"Tienda","item":"https:\/\/www.pinturaselbex.com\/sitionuevo\/tienda\/"},{"@type":"ListItem","position":3,"name":"Pr\u00e1ctico Lux"}]},{"@type":"WebSite","@id":"https:\/\/www.pinturaselbex.com\/sitionuevo\/#website","url":"https:\/\/www.pinturaselbex.com\/sitionuevo\/","name":"ELBEX Pinturas","description":"Pinturas para interiores y exteriores","potentialAction":[{"@type":"SearchAction","target":{"@type":"EntryPoint","urlTemplate":"https:\/\/www.pinturaselbex.com\/sitionuevo\/?s={search_term_string}"},"query-input":{"@type":"PropertyValueSpecification","valueRequired":true,"valueName":"search_term_string"}}],"inLanguage":"es"}]}},"_links":{"self":[{"href":"https:\/\/www.pinturaselbex.com\/sitionuevo\/wp-json\/wp\/v2\/product\/3189","targetHints":{"allow":["GET"]}}],"collection":[{"href":"https:\/\/www.pinturaselbex.com\/sitionuevo\/wp-json\/wp\/v2\/product"}],"about":[{"href":"https:\/\/www.pinturaselbex.com\/sitionuevo\/wp-json\/wp\/v2\/types\/product"}],"wp:featuredmedia":[{"embeddable":true,"href":"https:\/\/www.pinturaselbex.com\/sitionuevo\/wp-json\/wp\/v2\/media\/3749"}],"wp:attachment":[{"href":"https:\/\/www.pinturaselbex.com\/sitionuevo\/wp-json\/wp\/v2\/media?parent=3189"}],"wp:term":[{"taxonomy":"product_brand","embeddable":true,"href":"https:\/\/www.pinturaselbex.com\/sitionuevo\/wp-json\/wp\/v2\/product_brand?post=3189"},{"taxonomy":"product_cat","embeddable":true,"href":"https:\/\/www.pinturaselbex.com\/sitionuevo\/wp-json\/wp\/v2\/product_cat?post=3189"},{"taxonomy":"product_tag","embeddable":true,"href":"https:\/\/www.pinturaselbex.com\/sitionuevo\/wp-json\/wp\/v2\/product_tag?post=3189"}],"curies":[{"name":"wp","href":"https:\/\/api.w.org\/{rel}","templated":true}]}}