{"id":3186,"date":"2022-02-08T12:53:43","date_gmt":"2022-02-08T12:53:43","guid":{"rendered":"http:\/\/www.pinturaselbex.com\/sitionuevo\/?post_type=product&#038;p=3186"},"modified":"2022-05-10T18:25:15","modified_gmt":"2022-05-10T18:25:15","slug":"practico-impermeabilizante-fibrado","status":"publish","type":"product","link":"https:\/\/www.pinturaselbex.com\/sitionuevo\/producto\/practico-impermeabilizante-fibrado\/","title":{"rendered":"Pr\u00e1ctico Impermeabilizante Fibrado"},"content":{"rendered":"","protected":false},"excerpt":{"rendered":"<p>Recubrimiento acr\u00edlico con caracter\u00edsticas de membrana l\u00edquida. Una vez aplicado en el espesor recomendado, forma una pel\u00edcula impermeable de gran elasticidad, alta resistencia mec\u00e1nica y a los factores clim\u00e1ticos.<br \/>\nLa incorporaci\u00f3n de fibras de polipropileno mejora la resistencia mec\u00e1nica y el poder de relleno, haciendo a este producto ideal para impermeabilizar azoteas transitables.<\/p>\n<p class=\"tiLabel\" style=\"text-align: left;\"><strong>PRESENTACIONES:<\/strong><\/p>\n<p>20 kgs.<\/p>\n<p class=\"tiLabel\" style=\"text-align: left;\"><strong>HERRAMIENTAS:<\/strong><\/p>\n<p>Pincel, rodillo<\/p>\n<p class=\"tiLabel\" style=\"text-align: left;\"><strong>RENDIMIENTO:<\/strong><\/p>\n<p class=\"tiInput\" style=\"text-align: left;\">1 kg. por m2 (trabajo terminado)<\/p>\n<p class=\"tiLabel\" style=\"text-align: left;\"><strong>SECADO:<\/strong><\/p>\n<p class=\"tiInput\" style=\"text-align: left;\">Secado tacto: 1 hora \/ Repintado: 6 horas<\/p>\n<p class=\"tiLabel\" style=\"text-align: left;\"><strong>COLORES:<\/strong><\/p>\n<p class=\"tiInput\" style=\"text-align: left;\">Blanco<\/p>\n<p class=\"tiLabel\" style=\"text-align: left;\"><strong>SISTEMA DE COLOR:<\/strong><\/p>\n<p class=\"tiInput\" style=\"text-align: left;\">Se puede obtener una gama muy amplia de colores con el sistema tradicional de entonado por sachets de <strong>TONELBEX.<\/strong><\/p>\n<p>&nbsp;<\/p>\n<table>\n<tbody>\n<tr>\n<th><a href=\"https:\/\/www.pinturaselbex.com\/sitionuevo\/wp-content\/uploads\/2022\/04\/ELBEX-Ficha-tecnica-Practico-Fibrado2.pdf\" target=\"_blank\" rel=\"noopener\"><img loading=\"lazy\" decoding=\"async\" class=\"alignnone size-full wp-image-3117\" src=\"https:\/\/www.pinturaselbex.com\/sitionuevo\/wp-content\/uploads\/2022\/01\/Icono-PDF.png\" alt=\"\" width=\"50\" height=\"50\" \/><\/a><\/th>\n<th><a href=\"https:\/\/www.pinturaselbex.com\/sitionuevo\/wp-content\/uploads\/2022\/04\/ELBEX-Ficha-tecnica-Practico-Fibrado2.pdf\" target=\"_blank\" rel=\"noopener\">Ficha t\u00e9cnica<\/a><\/th>\n<\/tr>\n<\/tbody>\n<\/table>\n<p>&nbsp;<\/p>\n","protected":false},"featured_media":3750,"template":"","meta":{"_monsterinsights_skip_tracking":false,"_monsterinsights_sitenote_active":false,"_monsterinsights_sitenote_note":"","_monsterinsights_sitenote_category":0},"product_brand":[],"product_cat":[36,89],"product_tag":[85],"class_list":{"0":"post-3186","1":"product","2":"type-product","3":"status-publish","4":"has-post-thumbnail","6":"product_cat-sin-categorizar","7":"product_cat-impermeabilizantes","8":"product_tag-linea-practico","10":"first","11":"instock","12":"shipping-taxable","13":"product-type-simple"},"yoast_head":"<!-- This site is optimized with the Yoast SEO plugin v24.4 - https:\/\/yoast.com\/wordpress\/plugins\/seo\/ -->\n<title>Pr\u00e1ctico Impermeabilizante Fibrado - ELBEX Pinturas<\/title>\n<meta name=\"robots\" content=\"index, follow, max-snippet:-1, max-image-preview:large, max-video-preview:-1\" \/>\n<link rel=\"canonical\" href=\"https:\/\/www.pinturaselbex.com\/sitionuevo\/producto\/practico-impermeabilizante-fibrado\/\" \/>\n<meta property=\"og:locale\" content=\"es_ES\" \/>\n<meta property=\"og:type\" content=\"article\" \/>\n<meta property=\"og:title\" content=\"Pr\u00e1ctico Impermeabilizante Fibrado - ELBEX Pinturas\" \/>\n<meta property=\"og:description\" content=\"Recubrimiento acr\u00edlico con caracter\u00edsticas de membrana l\u00edquida. Una vez aplicado en el espesor recomendado, forma una pel\u00edcula impermeable de gran elasticidad, alta resistencia mec\u00e1nica y a los factores clim\u00e1ticos. La incorporaci\u00f3n de fibras de polipropileno mejora la resistencia mec\u00e1nica y el poder de relleno, haciendo a este producto ideal para impermeabilizar azoteas transitables. PRESENTACIONES: 20 kgs. HERRAMIENTAS: Pincel, rodillo RENDIMIENTO: 1 kg. por m2 (trabajo terminado) SECADO: Secado tacto: 1 hora \/ Repintado: 6 horas COLORES: Blanco SISTEMA DE COLOR: Se puede obtener una gama muy amplia de colores con el sistema tradicional de entonado por sachets de TONELBEX. &nbsp;     Ficha t\u00e9cnica    &nbsp;\" \/>\n<meta property=\"og:url\" content=\"https:\/\/www.pinturaselbex.com\/sitionuevo\/producto\/practico-impermeabilizante-fibrado\/\" \/>\n<meta property=\"og:site_name\" content=\"ELBEX Pinturas\" \/>\n<meta property=\"article:modified_time\" content=\"2022-05-10T18:25:15+00:00\" \/>\n<meta property=\"og:image\" content=\"http:\/\/www.pinturaselbex.com\/sitionuevo\/wp-content\/uploads\/2022\/02\/Practico_Fibrado_2.jpg\" \/>\n\t<meta property=\"og:image:width\" content=\"800\" \/>\n\t<meta property=\"og:image:height\" content=\"800\" \/>\n\t<meta property=\"og:image:type\" content=\"image\/jpeg\" \/>\n<meta name=\"twitter:card\" content=\"summary_large_image\" \/>\n<script type=\"application\/ld+json\" class=\"yoast-schema-graph\">{\"@context\":\"https:\/\/schema.org\",\"@graph\":[{\"@type\":\"WebPage\",\"@id\":\"https:\/\/www.pinturaselbex.com\/sitionuevo\/producto\/practico-impermeabilizante-fibrado\/\",\"url\":\"https:\/\/www.pinturaselbex.com\/sitionuevo\/producto\/practico-impermeabilizante-fibrado\/\",\"name\":\"Pr\u00e1ctico Impermeabilizante Fibrado - ELBEX Pinturas\",\"isPartOf\":{\"@id\":\"https:\/\/www.pinturaselbex.com\/sitionuevo\/#website\"},\"primaryImageOfPage\":{\"@id\":\"https:\/\/www.pinturaselbex.com\/sitionuevo\/producto\/practico-impermeabilizante-fibrado\/#primaryimage\"},\"image\":{\"@id\":\"https:\/\/www.pinturaselbex.com\/sitionuevo\/producto\/practico-impermeabilizante-fibrado\/#primaryimage\"},\"thumbnailUrl\":\"https:\/\/www.pinturaselbex.com\/sitionuevo\/wp-content\/uploads\/2022\/02\/Practico_Fibrado_2.jpg\",\"datePublished\":\"2022-02-08T12:53:43+00:00\",\"dateModified\":\"2022-05-10T18:25:15+00:00\",\"breadcrumb\":{\"@id\":\"https:\/\/www.pinturaselbex.com\/sitionuevo\/producto\/practico-impermeabilizante-fibrado\/#breadcrumb\"},\"inLanguage\":\"es\",\"potentialAction\":[{\"@type\":\"ReadAction\",\"target\":[\"https:\/\/www.pinturaselbex.com\/sitionuevo\/producto\/practico-impermeabilizante-fibrado\/\"]}]},{\"@type\":\"ImageObject\",\"inLanguage\":\"es\",\"@id\":\"https:\/\/www.pinturaselbex.com\/sitionuevo\/producto\/practico-impermeabilizante-fibrado\/#primaryimage\",\"url\":\"https:\/\/www.pinturaselbex.com\/sitionuevo\/wp-content\/uploads\/2022\/02\/Practico_Fibrado_2.jpg\",\"contentUrl\":\"https:\/\/www.pinturaselbex.com\/sitionuevo\/wp-content\/uploads\/2022\/02\/Practico_Fibrado_2.jpg\",\"width\":800,\"height\":800},{\"@type\":\"BreadcrumbList\",\"@id\":\"https:\/\/www.pinturaselbex.com\/sitionuevo\/producto\/practico-impermeabilizante-fibrado\/#breadcrumb\",\"itemListElement\":[{\"@type\":\"ListItem\",\"position\":1,\"name\":\"Portada\",\"item\":\"https:\/\/www.pinturaselbex.com\/sitionuevo\/\"},{\"@type\":\"ListItem\",\"position\":2,\"name\":\"Tienda\",\"item\":\"https:\/\/www.pinturaselbex.com\/sitionuevo\/tienda\/\"},{\"@type\":\"ListItem\",\"position\":3,\"name\":\"Pr\u00e1ctico Impermeabilizante Fibrado\"}]},{\"@type\":\"WebSite\",\"@id\":\"https:\/\/www.pinturaselbex.com\/sitionuevo\/#website\",\"url\":\"https:\/\/www.pinturaselbex.com\/sitionuevo\/\",\"name\":\"ELBEX Pinturas\",\"description\":\"Pinturas para interiores y exteriores\",\"potentialAction\":[{\"@type\":\"SearchAction\",\"target\":{\"@type\":\"EntryPoint\",\"urlTemplate\":\"https:\/\/www.pinturaselbex.com\/sitionuevo\/?s={search_term_string}\"},\"query-input\":{\"@type\":\"PropertyValueSpecification\",\"valueRequired\":true,\"valueName\":\"search_term_string\"}}],\"inLanguage\":\"es\"}]}<\/script>\n<!-- \/ Yoast SEO plugin. -->","yoast_head_json":{"title":"Pr\u00e1ctico Impermeabilizante Fibrado - ELBEX Pinturas","robots":{"index":"index","follow":"follow","max-snippet":"max-snippet:-1","max-image-preview":"max-image-preview:large","max-video-preview":"max-video-preview:-1"},"canonical":"https:\/\/www.pinturaselbex.com\/sitionuevo\/producto\/practico-impermeabilizante-fibrado\/","og_locale":"es_ES","og_type":"article","og_title":"Pr\u00e1ctico Impermeabilizante Fibrado - ELBEX Pinturas","og_description":"Recubrimiento acr\u00edlico con caracter\u00edsticas de membrana l\u00edquida. Una vez aplicado en el espesor recomendado, forma una pel\u00edcula impermeable de gran elasticidad, alta resistencia mec\u00e1nica y a los factores clim\u00e1ticos. La incorporaci\u00f3n de fibras de polipropileno mejora la resistencia mec\u00e1nica y el poder de relleno, haciendo a este producto ideal para impermeabilizar azoteas transitables. PRESENTACIONES: 20 kgs. HERRAMIENTAS: Pincel, rodillo RENDIMIENTO: 1 kg. por m2 (trabajo terminado) SECADO: Secado tacto: 1 hora \/ Repintado: 6 horas COLORES: Blanco SISTEMA DE COLOR: Se puede obtener una gama muy amplia de colores con el sistema tradicional de entonado por sachets de TONELBEX. &nbsp;     Ficha t\u00e9cnica    &nbsp;","og_url":"https:\/\/www.pinturaselbex.com\/sitionuevo\/producto\/practico-impermeabilizante-fibrado\/","og_site_name":"ELBEX Pinturas","article_modified_time":"2022-05-10T18:25:15+00:00","og_image":[{"width":800,"height":800,"url":"http:\/\/www.pinturaselbex.com\/sitionuevo\/wp-content\/uploads\/2022\/02\/Practico_Fibrado_2.jpg","type":"image\/jpeg"}],"twitter_card":"summary_large_image","schema":{"@context":"https:\/\/schema.org","@graph":[{"@type":"WebPage","@id":"https:\/\/www.pinturaselbex.com\/sitionuevo\/producto\/practico-impermeabilizante-fibrado\/","url":"https:\/\/www.pinturaselbex.com\/sitionuevo\/producto\/practico-impermeabilizante-fibrado\/","name":"Pr\u00e1ctico Impermeabilizante Fibrado - ELBEX Pinturas","isPartOf":{"@id":"https:\/\/www.pinturaselbex.com\/sitionuevo\/#website"},"primaryImageOfPage":{"@id":"https:\/\/www.pinturaselbex.com\/sitionuevo\/producto\/practico-impermeabilizante-fibrado\/#primaryimage"},"image":{"@id":"https:\/\/www.pinturaselbex.com\/sitionuevo\/producto\/practico-impermeabilizante-fibrado\/#primaryimage"},"thumbnailUrl":"https:\/\/www.pinturaselbex.com\/sitionuevo\/wp-content\/uploads\/2022\/02\/Practico_Fibrado_2.jpg","datePublished":"2022-02-08T12:53:43+00:00","dateModified":"2022-05-10T18:25:15+00:00","breadcrumb":{"@id":"https:\/\/www.pinturaselbex.com\/sitionuevo\/producto\/practico-impermeabilizante-fibrado\/#breadcrumb"},"inLanguage":"es","potentialAction":[{"@type":"ReadAction","target":["https:\/\/www.pinturaselbex.com\/sitionuevo\/producto\/practico-impermeabilizante-fibrado\/"]}]},{"@type":"ImageObject","inLanguage":"es","@id":"https:\/\/www.pinturaselbex.com\/sitionuevo\/producto\/practico-impermeabilizante-fibrado\/#primaryimage","url":"https:\/\/www.pinturaselbex.com\/sitionuevo\/wp-content\/uploads\/2022\/02\/Practico_Fibrado_2.jpg","contentUrl":"https:\/\/www.pinturaselbex.com\/sitionuevo\/wp-content\/uploads\/2022\/02\/Practico_Fibrado_2.jpg","width":800,"height":800},{"@type":"BreadcrumbList","@id":"https:\/\/www.pinturaselbex.com\/sitionuevo\/producto\/practico-impermeabilizante-fibrado\/#breadcrumb","itemListElement":[{"@type":"ListItem","position":1,"name":"Portada","item":"https:\/\/www.pinturaselbex.com\/sitionuevo\/"},{"@type":"ListItem","position":2,"name":"Tienda","item":"https:\/\/www.pinturaselbex.com\/sitionuevo\/tienda\/"},{"@type":"ListItem","position":3,"name":"Pr\u00e1ctico Impermeabilizante Fibrado"}]},{"@type":"WebSite","@id":"https:\/\/www.pinturaselbex.com\/sitionuevo\/#website","url":"https:\/\/www.pinturaselbex.com\/sitionuevo\/","name":"ELBEX Pinturas","description":"Pinturas para interiores y exteriores","potentialAction":[{"@type":"SearchAction","target":{"@type":"EntryPoint","urlTemplate":"https:\/\/www.pinturaselbex.com\/sitionuevo\/?s={search_term_string}"},"query-input":{"@type":"PropertyValueSpecification","valueRequired":true,"valueName":"search_term_string"}}],"inLanguage":"es"}]}},"_links":{"self":[{"href":"https:\/\/www.pinturaselbex.com\/sitionuevo\/wp-json\/wp\/v2\/product\/3186","targetHints":{"allow":["GET"]}}],"collection":[{"href":"https:\/\/www.pinturaselbex.com\/sitionuevo\/wp-json\/wp\/v2\/product"}],"about":[{"href":"https:\/\/www.pinturaselbex.com\/sitionuevo\/wp-json\/wp\/v2\/types\/product"}],"wp:featuredmedia":[{"embeddable":true,"href":"https:\/\/www.pinturaselbex.com\/sitionuevo\/wp-json\/wp\/v2\/media\/3750"}],"wp:attachment":[{"href":"https:\/\/www.pinturaselbex.com\/sitionuevo\/wp-json\/wp\/v2\/media?parent=3186"}],"wp:term":[{"taxonomy":"product_brand","embeddable":true,"href":"https:\/\/www.pinturaselbex.com\/sitionuevo\/wp-json\/wp\/v2\/product_brand?post=3186"},{"taxonomy":"product_cat","embeddable":true,"href":"https:\/\/www.pinturaselbex.com\/sitionuevo\/wp-json\/wp\/v2\/product_cat?post=3186"},{"taxonomy":"product_tag","embeddable":true,"href":"https:\/\/www.pinturaselbex.com\/sitionuevo\/wp-json\/wp\/v2\/product_tag?post=3186"}],"curies":[{"name":"wp","href":"https:\/\/api.w.org\/{rel}","templated":true}]}}