{"id":3180,"date":"2022-02-08T12:10:02","date_gmt":"2022-02-08T12:10:02","guid":{"rendered":"http:\/\/www.pinturaselbex.com\/sitionuevo\/?post_type=product&#038;p=3180"},"modified":"2024-09-02T12:39:20","modified_gmt":"2024-09-02T12:39:20","slug":"protelbex-frentes","status":"publish","type":"product","link":"https:\/\/www.pinturaselbex.com\/sitionuevo\/producto\/protelbex-frentes\/","title":{"rendered":"Protelbex Frentes"},"content":{"rendered":"","protected":false},"excerpt":{"rendered":"<p>PROTELBEX FRENTES es un l\u00edquido pl\u00e1stico diluible con agua, de un solo componente que al secar forma un recubrimiento sin juntas, impermeable y el\u00e1stico, muy resistente a los factores clim\u00e1ticos.<\/p>\n<p>Contiene un elevado contenido de pol\u00edmero acr\u00edlico, lo que genera una barrera contra la humedad proveniente del exterior. Es anti-algas y anti-hongos. Su formulaci\u00f3n con \u201cpart\u00edculas inteligentes\u201d (Smart Paint) le otorga una repelencia m\u00e1xima al agua y a la suciedad.<\/p>\n<p>Aunque se ofrece en varios colores, el blanco es el que presenta mayor reflexi\u00f3n solar, logr\u00e1ndose ambientes de temperaturas agradables a\u00fan en tiempos muy calurosos<\/p>\n<p>Se aplica con m\u00ednimo salpicado y buena nivelaci\u00f3n. Protege y decora las paredes exteriores y se mantiene impecable durante a\u00f1os.<\/p>\n<p>Al evitar filtraciones protege tambi\u00e9n los ambientes interiores.<\/p>\n<p>&nbsp;<\/p>\n<p class=\"tiLabel\" style=\"text-align: left;\"><strong>PRESENTACIONES:<\/strong><\/p>\n<p>4 y 20 lts.<\/p>\n<p class=\"tiLabel\" style=\"text-align: left;\"><strong>HERRAMIENTAS:<\/strong><\/p>\n<p>Pincel, rodillo, soplete<\/p>\n<p class=\"tiLabel\" style=\"text-align: left;\"><strong>RENDIMIENTO:<\/strong><\/p>\n<p class=\"tiInput\" style=\"text-align: left;\">3 m2 por litro ( trabajo terminado)<\/p>\n<p class=\"tiLabel\" style=\"text-align: left;\"><strong>SECADO:<\/strong><\/p>\n<p class=\"tiInput\" style=\"text-align: left;\">Secado tacto : 30 minutos<br \/>\nRepintado m\u00ednimo : 3 horas<\/p>\n<p class=\"tiLabel\" style=\"text-align: left;\"><strong>COLORES:<\/strong><\/p>\n<p class=\"tiInput\" style=\"text-align: left;\">Ver muestrario<\/p>\n<p class=\"tiLabel\" style=\"text-align: left;\"><strong>SISTEMA DE COLOR:<\/strong><\/p>\n<p class=\"tiInput\" style=\"text-align: left;\">Apto para ser entonado con Entonador Universal TONELBEX (hasta un m\u00e1ximo 1 sachet\/ litro) y con el Sistema de Color COLORELBEX.<\/p>\n<table>\n<tbody>\n<tr>\n<th><a href=\"https:\/\/www.pinturaselbex.com\/sitionuevo\/wp-content\/uploads\/2022\/02\/ELBEX-Ficha-tecnica-Protelbex-Frentes-Final.pdf\" target=\"_blank\" rel=\"noopener\"><img loading=\"lazy\" decoding=\"async\" class=\"alignnone size-full wp-image-3117\" src=\"https:\/\/www.pinturaselbex.com\/sitionuevo\/wp-content\/uploads\/2022\/01\/Icono-PDF.png\" alt=\"\" width=\"50\" height=\"50\" \/><\/a><\/th>\n<th><a href=\"https:\/\/www.pinturaselbex.com\/sitionuevo\/wp-content\/uploads\/2022\/02\/ELBEX-Ficha-tecnica-Protelbex-Frentes-Final.pdf\" target=\"_blank\" rel=\"noopener\">Ficha t\u00e9cnica<\/a><\/th>\n<\/tr>\n<\/tbody>\n<\/table>\n<table>\n<tbody>\n<tr>\n<th><a href=\"https:\/\/www.pinturaselbex.com\/sitionuevo\/wp-content\/uploads\/2022\/02\/ELBEX-Ficha-tecnica-Protelbex-Frentes-Final.pdf\" target=\"_blank\" rel=\"noopener\"><img loading=\"lazy\" decoding=\"async\" class=\"alignnone size-full wp-image-3117\" src=\"https:\/\/www.pinturaselbex.com\/sitionuevo\/wp-content\/uploads\/2022\/01\/Icono-PDF.png\" alt=\"\" width=\"50\" height=\"50\" \/><\/a><\/th>\n<th><a href=\"https:\/\/www.pinturaselbex.com\/sitionuevo\/wp-content\/uploads\/2024\/09\/SDS-PROTELBEX-FRENTES.pdf\" target=\"_blank\" rel=\"noopener\">Hoja de seguridad<\/a><\/th>\n<\/tr>\n<\/tbody>\n<\/table>\n","protected":false},"featured_media":3277,"template":"","meta":{"_monsterinsights_skip_tracking":false,"_monsterinsights_sitenote_active":false,"_monsterinsights_sitenote_note":"","_monsterinsights_sitenote_category":0},"product_brand":[],"product_cat":[40,97,89],"product_tag":[82],"class_list":{"0":"post-3180","1":"product","2":"type-product","3":"status-publish","4":"has-post-thumbnail","6":"product_cat-arquitectonica","7":"product_cat-destacados","8":"product_cat-impermeabilizantes","9":"product_tag-protelbex","11":"first","12":"instock","13":"shipping-taxable","14":"product-type-simple"},"yoast_head":"<!-- This site is optimized with the Yoast SEO plugin v24.4 - https:\/\/yoast.com\/wordpress\/plugins\/seo\/ -->\n<title>Protelbex Frentes - ELBEX Pinturas<\/title>\n<meta name=\"description\" content=\"PROTELBEX FRENTES es un l\u00edquido pl\u00e1stico diluible con agua, de un solo componente que al secar forma un recubrimiento sin juntas, impermeable y el\u00e1stico, muy resistente a los factores clim\u00e1ticos.\" \/>\n<meta name=\"robots\" content=\"index, follow, max-snippet:-1, max-image-preview:large, max-video-preview:-1\" \/>\n<link rel=\"canonical\" href=\"https:\/\/www.pinturaselbex.com\/sitionuevo\/producto\/protelbex-frentes\/\" \/>\n<meta property=\"og:locale\" content=\"es_ES\" \/>\n<meta property=\"og:type\" content=\"article\" \/>\n<meta property=\"og:title\" content=\"Protelbex Frentes - ELBEX Pinturas\" \/>\n<meta property=\"og:description\" content=\"PROTELBEX FRENTES es un l\u00edquido pl\u00e1stico diluible con agua, de un solo componente que al secar forma un recubrimiento sin juntas, impermeable y el\u00e1stico, muy resistente a los factores clim\u00e1ticos.\" \/>\n<meta property=\"og:url\" content=\"https:\/\/www.pinturaselbex.com\/sitionuevo\/producto\/protelbex-frentes\/\" \/>\n<meta property=\"og:site_name\" content=\"ELBEX Pinturas\" \/>\n<meta property=\"article:modified_time\" content=\"2024-09-02T12:39:20+00:00\" \/>\n<meta property=\"og:image\" content=\"https:\/\/www.pinturaselbex.com\/sitionuevo\/wp-content\/uploads\/2022\/02\/Protelbex_Frentes-1.jpg\" \/>\n\t<meta property=\"og:image:width\" content=\"800\" \/>\n\t<meta property=\"og:image:height\" content=\"800\" \/>\n\t<meta property=\"og:image:type\" content=\"image\/jpeg\" \/>\n<meta name=\"twitter:card\" content=\"summary_large_image\" \/>\n<script type=\"application\/ld+json\" class=\"yoast-schema-graph\">{\"@context\":\"https:\/\/schema.org\",\"@graph\":[{\"@type\":\"WebPage\",\"@id\":\"https:\/\/www.pinturaselbex.com\/sitionuevo\/producto\/protelbex-frentes\/\",\"url\":\"https:\/\/www.pinturaselbex.com\/sitionuevo\/producto\/protelbex-frentes\/\",\"name\":\"Protelbex Frentes - ELBEX Pinturas\",\"isPartOf\":{\"@id\":\"https:\/\/www.pinturaselbex.com\/sitionuevo\/#website\"},\"primaryImageOfPage\":{\"@id\":\"https:\/\/www.pinturaselbex.com\/sitionuevo\/producto\/protelbex-frentes\/#primaryimage\"},\"image\":{\"@id\":\"https:\/\/www.pinturaselbex.com\/sitionuevo\/producto\/protelbex-frentes\/#primaryimage\"},\"thumbnailUrl\":\"https:\/\/www.pinturaselbex.com\/sitionuevo\/wp-content\/uploads\/2022\/02\/Protelbex_Frentes-1.jpg\",\"datePublished\":\"2022-02-08T12:10:02+00:00\",\"dateModified\":\"2024-09-02T12:39:20+00:00\",\"description\":\"PROTELBEX FRENTES es un l\u00edquido pl\u00e1stico diluible con agua, de un solo componente que al secar forma un recubrimiento sin juntas, impermeable y el\u00e1stico, muy resistente a los factores clim\u00e1ticos.\",\"breadcrumb\":{\"@id\":\"https:\/\/www.pinturaselbex.com\/sitionuevo\/producto\/protelbex-frentes\/#breadcrumb\"},\"inLanguage\":\"es\",\"potentialAction\":[{\"@type\":\"ReadAction\",\"target\":[\"https:\/\/www.pinturaselbex.com\/sitionuevo\/producto\/protelbex-frentes\/\"]}]},{\"@type\":\"ImageObject\",\"inLanguage\":\"es\",\"@id\":\"https:\/\/www.pinturaselbex.com\/sitionuevo\/producto\/protelbex-frentes\/#primaryimage\",\"url\":\"https:\/\/www.pinturaselbex.com\/sitionuevo\/wp-content\/uploads\/2022\/02\/Protelbex_Frentes-1.jpg\",\"contentUrl\":\"https:\/\/www.pinturaselbex.com\/sitionuevo\/wp-content\/uploads\/2022\/02\/Protelbex_Frentes-1.jpg\",\"width\":800,\"height\":800},{\"@type\":\"BreadcrumbList\",\"@id\":\"https:\/\/www.pinturaselbex.com\/sitionuevo\/producto\/protelbex-frentes\/#breadcrumb\",\"itemListElement\":[{\"@type\":\"ListItem\",\"position\":1,\"name\":\"Portada\",\"item\":\"https:\/\/www.pinturaselbex.com\/sitionuevo\/\"},{\"@type\":\"ListItem\",\"position\":2,\"name\":\"Tienda\",\"item\":\"https:\/\/www.pinturaselbex.com\/sitionuevo\/tienda\/\"},{\"@type\":\"ListItem\",\"position\":3,\"name\":\"Protelbex Frentes\"}]},{\"@type\":\"WebSite\",\"@id\":\"https:\/\/www.pinturaselbex.com\/sitionuevo\/#website\",\"url\":\"https:\/\/www.pinturaselbex.com\/sitionuevo\/\",\"name\":\"ELBEX Pinturas\",\"description\":\"Pinturas para interiores y exteriores\",\"potentialAction\":[{\"@type\":\"SearchAction\",\"target\":{\"@type\":\"EntryPoint\",\"urlTemplate\":\"https:\/\/www.pinturaselbex.com\/sitionuevo\/?s={search_term_string}\"},\"query-input\":{\"@type\":\"PropertyValueSpecification\",\"valueRequired\":true,\"valueName\":\"search_term_string\"}}],\"inLanguage\":\"es\"}]}<\/script>\n<!-- \/ Yoast SEO plugin. -->","yoast_head_json":{"title":"Protelbex Frentes - ELBEX Pinturas","description":"PROTELBEX FRENTES es un l\u00edquido pl\u00e1stico diluible con agua, de un solo componente que al secar forma un recubrimiento sin juntas, impermeable y el\u00e1stico, muy resistente a los factores clim\u00e1ticos.","robots":{"index":"index","follow":"follow","max-snippet":"max-snippet:-1","max-image-preview":"max-image-preview:large","max-video-preview":"max-video-preview:-1"},"canonical":"https:\/\/www.pinturaselbex.com\/sitionuevo\/producto\/protelbex-frentes\/","og_locale":"es_ES","og_type":"article","og_title":"Protelbex Frentes - ELBEX Pinturas","og_description":"PROTELBEX FRENTES es un l\u00edquido pl\u00e1stico diluible con agua, de un solo componente que al secar forma un recubrimiento sin juntas, impermeable y el\u00e1stico, muy resistente a los factores clim\u00e1ticos.","og_url":"https:\/\/www.pinturaselbex.com\/sitionuevo\/producto\/protelbex-frentes\/","og_site_name":"ELBEX Pinturas","article_modified_time":"2024-09-02T12:39:20+00:00","og_image":[{"width":800,"height":800,"url":"https:\/\/www.pinturaselbex.com\/sitionuevo\/wp-content\/uploads\/2022\/02\/Protelbex_Frentes-1.jpg","type":"image\/jpeg"}],"twitter_card":"summary_large_image","schema":{"@context":"https:\/\/schema.org","@graph":[{"@type":"WebPage","@id":"https:\/\/www.pinturaselbex.com\/sitionuevo\/producto\/protelbex-frentes\/","url":"https:\/\/www.pinturaselbex.com\/sitionuevo\/producto\/protelbex-frentes\/","name":"Protelbex Frentes - ELBEX Pinturas","isPartOf":{"@id":"https:\/\/www.pinturaselbex.com\/sitionuevo\/#website"},"primaryImageOfPage":{"@id":"https:\/\/www.pinturaselbex.com\/sitionuevo\/producto\/protelbex-frentes\/#primaryimage"},"image":{"@id":"https:\/\/www.pinturaselbex.com\/sitionuevo\/producto\/protelbex-frentes\/#primaryimage"},"thumbnailUrl":"https:\/\/www.pinturaselbex.com\/sitionuevo\/wp-content\/uploads\/2022\/02\/Protelbex_Frentes-1.jpg","datePublished":"2022-02-08T12:10:02+00:00","dateModified":"2024-09-02T12:39:20+00:00","description":"PROTELBEX FRENTES es un l\u00edquido pl\u00e1stico diluible con agua, de un solo componente que al secar forma un recubrimiento sin juntas, impermeable y el\u00e1stico, muy resistente a los factores clim\u00e1ticos.","breadcrumb":{"@id":"https:\/\/www.pinturaselbex.com\/sitionuevo\/producto\/protelbex-frentes\/#breadcrumb"},"inLanguage":"es","potentialAction":[{"@type":"ReadAction","target":["https:\/\/www.pinturaselbex.com\/sitionuevo\/producto\/protelbex-frentes\/"]}]},{"@type":"ImageObject","inLanguage":"es","@id":"https:\/\/www.pinturaselbex.com\/sitionuevo\/producto\/protelbex-frentes\/#primaryimage","url":"https:\/\/www.pinturaselbex.com\/sitionuevo\/wp-content\/uploads\/2022\/02\/Protelbex_Frentes-1.jpg","contentUrl":"https:\/\/www.pinturaselbex.com\/sitionuevo\/wp-content\/uploads\/2022\/02\/Protelbex_Frentes-1.jpg","width":800,"height":800},{"@type":"BreadcrumbList","@id":"https:\/\/www.pinturaselbex.com\/sitionuevo\/producto\/protelbex-frentes\/#breadcrumb","itemListElement":[{"@type":"ListItem","position":1,"name":"Portada","item":"https:\/\/www.pinturaselbex.com\/sitionuevo\/"},{"@type":"ListItem","position":2,"name":"Tienda","item":"https:\/\/www.pinturaselbex.com\/sitionuevo\/tienda\/"},{"@type":"ListItem","position":3,"name":"Protelbex Frentes"}]},{"@type":"WebSite","@id":"https:\/\/www.pinturaselbex.com\/sitionuevo\/#website","url":"https:\/\/www.pinturaselbex.com\/sitionuevo\/","name":"ELBEX Pinturas","description":"Pinturas para interiores y exteriores","potentialAction":[{"@type":"SearchAction","target":{"@type":"EntryPoint","urlTemplate":"https:\/\/www.pinturaselbex.com\/sitionuevo\/?s={search_term_string}"},"query-input":{"@type":"PropertyValueSpecification","valueRequired":true,"valueName":"search_term_string"}}],"inLanguage":"es"}]}},"_links":{"self":[{"href":"https:\/\/www.pinturaselbex.com\/sitionuevo\/wp-json\/wp\/v2\/product\/3180","targetHints":{"allow":["GET"]}}],"collection":[{"href":"https:\/\/www.pinturaselbex.com\/sitionuevo\/wp-json\/wp\/v2\/product"}],"about":[{"href":"https:\/\/www.pinturaselbex.com\/sitionuevo\/wp-json\/wp\/v2\/types\/product"}],"wp:featuredmedia":[{"embeddable":true,"href":"https:\/\/www.pinturaselbex.com\/sitionuevo\/wp-json\/wp\/v2\/media\/3277"}],"wp:attachment":[{"href":"https:\/\/www.pinturaselbex.com\/sitionuevo\/wp-json\/wp\/v2\/media?parent=3180"}],"wp:term":[{"taxonomy":"product_brand","embeddable":true,"href":"https:\/\/www.pinturaselbex.com\/sitionuevo\/wp-json\/wp\/v2\/product_brand?post=3180"},{"taxonomy":"product_cat","embeddable":true,"href":"https:\/\/www.pinturaselbex.com\/sitionuevo\/wp-json\/wp\/v2\/product_cat?post=3180"},{"taxonomy":"product_tag","embeddable":true,"href":"https:\/\/www.pinturaselbex.com\/sitionuevo\/wp-json\/wp\/v2\/product_tag?post=3180"}],"curies":[{"name":"wp","href":"https:\/\/api.w.org\/{rel}","templated":true}]}}