{"id":3159,"date":"2022-02-07T16:13:15","date_gmt":"2022-02-07T16:13:15","guid":{"rendered":"http:\/\/www.pinturaselbex.com\/sitionuevo\/?post_type=product&#038;p=3159"},"modified":"2022-07-20T13:37:45","modified_gmt":"2022-07-20T13:37:45","slug":"protelbex-membrana-poliuretanica","status":"publish","type":"product","link":"https:\/\/www.pinturaselbex.com\/sitionuevo\/producto\/protelbex-membrana-poliuretanica\/","title":{"rendered":"PROTELBEX Membrana Poliuret\u00e1nica"},"content":{"rendered":"","protected":false},"excerpt":{"rendered":"<p>Recubrimiento poliuret\u00e1nico diluible en agua, con caracter\u00edsticas de \u00abmembrana l\u00edquida\u00bb. Aplicado en el espesor recomendado, una vez seco forma una pel\u00edcula de gran elasticidad, alta resistencia mec\u00e1nica y a los factores clim\u00e1ticos.<\/p>\n<p>&nbsp;<\/p>\n<p class=\"tiLabel\" style=\"text-align: left;\"><strong>PRESENTACIONES:<\/strong><\/p>\n<p>4 y 20 kgs.<\/p>\n<p class=\"tiLabel\" style=\"text-align: left;\"><strong>HERRAMIENTAS:<\/strong><\/p>\n<p>Pincel, rodillo o soplete<\/p>\n<p class=\"tiLabel\" style=\"text-align: left;\"><strong>RENDIMIENTO:<\/strong><\/p>\n<p class=\"tiInput\" style=\"text-align: left;\">1 kg. por m2 (trabajo terminado)<\/p>\n<p class=\"tiLabel\" style=\"text-align: left;\"><strong>SECADO:<\/strong><\/p>\n<p class=\"tiInput\" style=\"text-align: left;\">&#8211; Secado tacto : 30 minutos<br \/>\n&#8211; Repintado m\u00ednimo : 3 horas<\/p>\n<p class=\"tiLabel\" style=\"text-align: left;\"><strong>COLORES:<\/strong><\/p>\n<p class=\"tiInput\" style=\"text-align: left;\">Blanco, Teja<\/p>\n<p class=\"tiLabel\" style=\"text-align: left;\"><strong>SISTEMA DE COLOR:<\/strong><\/p>\n<p class=\"tiInput\" style=\"text-align: left;\">No<\/p>\n<table>\n<tbody>\n<tr>\n<th><a style=\"font-weight: 400;\" href=\"https:\/\/www.pinturaselbex.com\/sitionuevo\/wp-content\/uploads\/2022\/02\/ELBEX-Ficha-tecnica-Protelbex-Membrana-Final.pdf\" target=\"_blank\" rel=\"noopener\"><span style=\"color: #333333;\"><img loading=\"lazy\" decoding=\"async\" class=\"alignnone size-full wp-image-3117\" src=\"https:\/\/www.pinturaselbex.com\/sitionuevo\/wp-content\/uploads\/2022\/01\/Icono-PDF.png\" alt=\"\" width=\"50\" height=\"50\" \/><\/span><\/a><\/th>\n<th><a style=\"font-weight: 400;\" href=\"https:\/\/www.pinturaselbex.com\/sitionuevo\/wp-content\/uploads\/2022\/02\/ELBEX-Ficha-tecnica-Protelbex-Membrana-Final.pdf\" target=\"_blank\" rel=\"noopener\"><span style=\"color: #333333;\"><strong>Ficha t\u00e9cnica<\/strong><\/span><\/a><\/th>\n<\/tr>\n<\/tbody>\n<\/table>\n<p><strong>CARTA DE COLORES<\/strong><\/p>\n<table class=\"default\" width=\"100%\" align=\"center\">\n<tbody>\n<tr>\n<td style=\"background-color: #ffffff;\" width=\"20%\" height=\"30\"><\/td>\n<td style=\"background-color: #a04412;\" width=\"20%\"><\/td>\n<td style=\"background-color: #ffffff;\" width=\"20%\"><\/td>\n<td style=\"background-color: #ffffff;\" width=\"20%\"><\/td>\n<td style=\"background-color: #ffffff;\" width=\"20%\"><\/td>\n<\/tr>\n<tr>\n<td style=\"text-align: center;\"><strong style=\"font-size: 8px;\">BLANCO<\/strong><\/td>\n<td style=\"text-align: center;\"><strong style=\"font-size: 8px;\">TEJA<\/strong><\/td>\n<td style=\"text-align: center;\"><\/td>\n<td style=\"text-align: center;\"><\/td>\n<td style=\"text-align: center;\"><\/td>\n<\/tr>\n<\/tbody>\n<\/table>\n","protected":false},"featured_media":3160,"template":"","meta":{"_monsterinsights_skip_tracking":false,"_monsterinsights_sitenote_active":false,"_monsterinsights_sitenote_note":"","_monsterinsights_sitenote_category":0},"product_brand":[],"product_cat":[40,97,89],"product_tag":[82],"class_list":{"0":"post-3159","1":"product","2":"type-product","3":"status-publish","4":"has-post-thumbnail","6":"product_cat-arquitectonica","7":"product_cat-destacados","8":"product_cat-impermeabilizantes","9":"product_tag-protelbex","11":"first","12":"instock","13":"shipping-taxable","14":"product-type-simple"},"yoast_head":"<!-- This site is optimized with the Yoast SEO plugin v24.4 - https:\/\/yoast.com\/wordpress\/plugins\/seo\/ -->\n<title>PROTELBEX Membrana Poliuret\u00e1nica - ELBEX Pinturas<\/title>\n<meta name=\"description\" content=\"Recubrimiento poliuret\u00e1nico diluible en agua, con caracter\u00edsticas de &quot;membrana l\u00edquida&quot;. Aplicado en el espesor recomendado, una vez seco forma una pel\u00edcula de gran elasticidad, alta resistencia mec\u00e1nica y a los factores clim\u00e1ticos.\" \/>\n<meta name=\"robots\" content=\"index, follow, max-snippet:-1, max-image-preview:large, max-video-preview:-1\" \/>\n<link rel=\"canonical\" href=\"https:\/\/www.pinturaselbex.com\/sitionuevo\/producto\/protelbex-membrana-poliuretanica\/\" \/>\n<meta property=\"og:locale\" content=\"es_ES\" \/>\n<meta property=\"og:type\" content=\"article\" \/>\n<meta property=\"og:title\" content=\"PROTELBEX Membrana Poliuret\u00e1nica - ELBEX Pinturas\" \/>\n<meta property=\"og:description\" content=\"Recubrimiento poliuret\u00e1nico diluible en agua, con caracter\u00edsticas de &quot;membrana l\u00edquida&quot;. Aplicado en el espesor recomendado, una vez seco forma una pel\u00edcula de gran elasticidad, alta resistencia mec\u00e1nica y a los factores clim\u00e1ticos.\" \/>\n<meta property=\"og:url\" content=\"https:\/\/www.pinturaselbex.com\/sitionuevo\/producto\/protelbex-membrana-poliuretanica\/\" \/>\n<meta property=\"og:site_name\" content=\"ELBEX Pinturas\" \/>\n<meta property=\"article:modified_time\" content=\"2022-07-20T13:37:45+00:00\" \/>\n<meta property=\"og:image\" content=\"http:\/\/www.pinturaselbex.com\/sitionuevo\/wp-content\/uploads\/2022\/02\/Protelbex_Membrana.jpg\" \/>\n\t<meta property=\"og:image:width\" content=\"800\" \/>\n\t<meta property=\"og:image:height\" content=\"800\" \/>\n\t<meta property=\"og:image:type\" content=\"image\/jpeg\" \/>\n<meta name=\"twitter:card\" content=\"summary_large_image\" \/>\n<script type=\"application\/ld+json\" class=\"yoast-schema-graph\">{\"@context\":\"https:\/\/schema.org\",\"@graph\":[{\"@type\":\"WebPage\",\"@id\":\"https:\/\/www.pinturaselbex.com\/sitionuevo\/producto\/protelbex-membrana-poliuretanica\/\",\"url\":\"https:\/\/www.pinturaselbex.com\/sitionuevo\/producto\/protelbex-membrana-poliuretanica\/\",\"name\":\"PROTELBEX Membrana Poliuret\u00e1nica - ELBEX Pinturas\",\"isPartOf\":{\"@id\":\"https:\/\/www.pinturaselbex.com\/sitionuevo\/#website\"},\"primaryImageOfPage\":{\"@id\":\"https:\/\/www.pinturaselbex.com\/sitionuevo\/producto\/protelbex-membrana-poliuretanica\/#primaryimage\"},\"image\":{\"@id\":\"https:\/\/www.pinturaselbex.com\/sitionuevo\/producto\/protelbex-membrana-poliuretanica\/#primaryimage\"},\"thumbnailUrl\":\"https:\/\/www.pinturaselbex.com\/sitionuevo\/wp-content\/uploads\/2022\/02\/Protelbex_Membrana.jpg\",\"datePublished\":\"2022-02-07T16:13:15+00:00\",\"dateModified\":\"2022-07-20T13:37:45+00:00\",\"description\":\"Recubrimiento poliuret\u00e1nico diluible en agua, con caracter\u00edsticas de \\\"membrana l\u00edquida\\\". Aplicado en el espesor recomendado, una vez seco forma una pel\u00edcula de gran elasticidad, alta resistencia mec\u00e1nica y a los factores clim\u00e1ticos.\",\"breadcrumb\":{\"@id\":\"https:\/\/www.pinturaselbex.com\/sitionuevo\/producto\/protelbex-membrana-poliuretanica\/#breadcrumb\"},\"inLanguage\":\"es\",\"potentialAction\":[{\"@type\":\"ReadAction\",\"target\":[\"https:\/\/www.pinturaselbex.com\/sitionuevo\/producto\/protelbex-membrana-poliuretanica\/\"]}]},{\"@type\":\"ImageObject\",\"inLanguage\":\"es\",\"@id\":\"https:\/\/www.pinturaselbex.com\/sitionuevo\/producto\/protelbex-membrana-poliuretanica\/#primaryimage\",\"url\":\"https:\/\/www.pinturaselbex.com\/sitionuevo\/wp-content\/uploads\/2022\/02\/Protelbex_Membrana.jpg\",\"contentUrl\":\"https:\/\/www.pinturaselbex.com\/sitionuevo\/wp-content\/uploads\/2022\/02\/Protelbex_Membrana.jpg\",\"width\":800,\"height\":800},{\"@type\":\"BreadcrumbList\",\"@id\":\"https:\/\/www.pinturaselbex.com\/sitionuevo\/producto\/protelbex-membrana-poliuretanica\/#breadcrumb\",\"itemListElement\":[{\"@type\":\"ListItem\",\"position\":1,\"name\":\"Portada\",\"item\":\"https:\/\/www.pinturaselbex.com\/sitionuevo\/\"},{\"@type\":\"ListItem\",\"position\":2,\"name\":\"Tienda\",\"item\":\"https:\/\/www.pinturaselbex.com\/sitionuevo\/tienda\/\"},{\"@type\":\"ListItem\",\"position\":3,\"name\":\"PROTELBEX Membrana Poliuret\u00e1nica\"}]},{\"@type\":\"WebSite\",\"@id\":\"https:\/\/www.pinturaselbex.com\/sitionuevo\/#website\",\"url\":\"https:\/\/www.pinturaselbex.com\/sitionuevo\/\",\"name\":\"ELBEX Pinturas\",\"description\":\"Pinturas para interiores y exteriores\",\"potentialAction\":[{\"@type\":\"SearchAction\",\"target\":{\"@type\":\"EntryPoint\",\"urlTemplate\":\"https:\/\/www.pinturaselbex.com\/sitionuevo\/?s={search_term_string}\"},\"query-input\":{\"@type\":\"PropertyValueSpecification\",\"valueRequired\":true,\"valueName\":\"search_term_string\"}}],\"inLanguage\":\"es\"}]}<\/script>\n<!-- \/ Yoast SEO plugin. -->","yoast_head_json":{"title":"PROTELBEX Membrana Poliuret\u00e1nica - ELBEX Pinturas","description":"Recubrimiento poliuret\u00e1nico diluible en agua, con caracter\u00edsticas de \"membrana l\u00edquida\". Aplicado en el espesor recomendado, una vez seco forma una pel\u00edcula de gran elasticidad, alta resistencia mec\u00e1nica y a los factores clim\u00e1ticos.","robots":{"index":"index","follow":"follow","max-snippet":"max-snippet:-1","max-image-preview":"max-image-preview:large","max-video-preview":"max-video-preview:-1"},"canonical":"https:\/\/www.pinturaselbex.com\/sitionuevo\/producto\/protelbex-membrana-poliuretanica\/","og_locale":"es_ES","og_type":"article","og_title":"PROTELBEX Membrana Poliuret\u00e1nica - ELBEX Pinturas","og_description":"Recubrimiento poliuret\u00e1nico diluible en agua, con caracter\u00edsticas de \"membrana l\u00edquida\". Aplicado en el espesor recomendado, una vez seco forma una pel\u00edcula de gran elasticidad, alta resistencia mec\u00e1nica y a los factores clim\u00e1ticos.","og_url":"https:\/\/www.pinturaselbex.com\/sitionuevo\/producto\/protelbex-membrana-poliuretanica\/","og_site_name":"ELBEX Pinturas","article_modified_time":"2022-07-20T13:37:45+00:00","og_image":[{"width":800,"height":800,"url":"http:\/\/www.pinturaselbex.com\/sitionuevo\/wp-content\/uploads\/2022\/02\/Protelbex_Membrana.jpg","type":"image\/jpeg"}],"twitter_card":"summary_large_image","schema":{"@context":"https:\/\/schema.org","@graph":[{"@type":"WebPage","@id":"https:\/\/www.pinturaselbex.com\/sitionuevo\/producto\/protelbex-membrana-poliuretanica\/","url":"https:\/\/www.pinturaselbex.com\/sitionuevo\/producto\/protelbex-membrana-poliuretanica\/","name":"PROTELBEX Membrana Poliuret\u00e1nica - ELBEX Pinturas","isPartOf":{"@id":"https:\/\/www.pinturaselbex.com\/sitionuevo\/#website"},"primaryImageOfPage":{"@id":"https:\/\/www.pinturaselbex.com\/sitionuevo\/producto\/protelbex-membrana-poliuretanica\/#primaryimage"},"image":{"@id":"https:\/\/www.pinturaselbex.com\/sitionuevo\/producto\/protelbex-membrana-poliuretanica\/#primaryimage"},"thumbnailUrl":"https:\/\/www.pinturaselbex.com\/sitionuevo\/wp-content\/uploads\/2022\/02\/Protelbex_Membrana.jpg","datePublished":"2022-02-07T16:13:15+00:00","dateModified":"2022-07-20T13:37:45+00:00","description":"Recubrimiento poliuret\u00e1nico diluible en agua, con caracter\u00edsticas de \"membrana l\u00edquida\". Aplicado en el espesor recomendado, una vez seco forma una pel\u00edcula de gran elasticidad, alta resistencia mec\u00e1nica y a los factores clim\u00e1ticos.","breadcrumb":{"@id":"https:\/\/www.pinturaselbex.com\/sitionuevo\/producto\/protelbex-membrana-poliuretanica\/#breadcrumb"},"inLanguage":"es","potentialAction":[{"@type":"ReadAction","target":["https:\/\/www.pinturaselbex.com\/sitionuevo\/producto\/protelbex-membrana-poliuretanica\/"]}]},{"@type":"ImageObject","inLanguage":"es","@id":"https:\/\/www.pinturaselbex.com\/sitionuevo\/producto\/protelbex-membrana-poliuretanica\/#primaryimage","url":"https:\/\/www.pinturaselbex.com\/sitionuevo\/wp-content\/uploads\/2022\/02\/Protelbex_Membrana.jpg","contentUrl":"https:\/\/www.pinturaselbex.com\/sitionuevo\/wp-content\/uploads\/2022\/02\/Protelbex_Membrana.jpg","width":800,"height":800},{"@type":"BreadcrumbList","@id":"https:\/\/www.pinturaselbex.com\/sitionuevo\/producto\/protelbex-membrana-poliuretanica\/#breadcrumb","itemListElement":[{"@type":"ListItem","position":1,"name":"Portada","item":"https:\/\/www.pinturaselbex.com\/sitionuevo\/"},{"@type":"ListItem","position":2,"name":"Tienda","item":"https:\/\/www.pinturaselbex.com\/sitionuevo\/tienda\/"},{"@type":"ListItem","position":3,"name":"PROTELBEX Membrana Poliuret\u00e1nica"}]},{"@type":"WebSite","@id":"https:\/\/www.pinturaselbex.com\/sitionuevo\/#website","url":"https:\/\/www.pinturaselbex.com\/sitionuevo\/","name":"ELBEX Pinturas","description":"Pinturas para interiores y exteriores","potentialAction":[{"@type":"SearchAction","target":{"@type":"EntryPoint","urlTemplate":"https:\/\/www.pinturaselbex.com\/sitionuevo\/?s={search_term_string}"},"query-input":{"@type":"PropertyValueSpecification","valueRequired":true,"valueName":"search_term_string"}}],"inLanguage":"es"}]}},"_links":{"self":[{"href":"https:\/\/www.pinturaselbex.com\/sitionuevo\/wp-json\/wp\/v2\/product\/3159","targetHints":{"allow":["GET"]}}],"collection":[{"href":"https:\/\/www.pinturaselbex.com\/sitionuevo\/wp-json\/wp\/v2\/product"}],"about":[{"href":"https:\/\/www.pinturaselbex.com\/sitionuevo\/wp-json\/wp\/v2\/types\/product"}],"wp:featuredmedia":[{"embeddable":true,"href":"https:\/\/www.pinturaselbex.com\/sitionuevo\/wp-json\/wp\/v2\/media\/3160"}],"wp:attachment":[{"href":"https:\/\/www.pinturaselbex.com\/sitionuevo\/wp-json\/wp\/v2\/media?parent=3159"}],"wp:term":[{"taxonomy":"product_brand","embeddable":true,"href":"https:\/\/www.pinturaselbex.com\/sitionuevo\/wp-json\/wp\/v2\/product_brand?post=3159"},{"taxonomy":"product_cat","embeddable":true,"href":"https:\/\/www.pinturaselbex.com\/sitionuevo\/wp-json\/wp\/v2\/product_cat?post=3159"},{"taxonomy":"product_tag","embeddable":true,"href":"https:\/\/www.pinturaselbex.com\/sitionuevo\/wp-json\/wp\/v2\/product_tag?post=3159"}],"curies":[{"name":"wp","href":"https:\/\/api.w.org\/{rel}","templated":true}]}}