{"id":3150,"date":"2022-02-07T15:32:50","date_gmt":"2022-02-07T15:32:50","guid":{"rendered":"http:\/\/www.pinturaselbex.com\/sitionuevo\/?post_type=product&#038;p=3150"},"modified":"2022-06-15T18:00:24","modified_gmt":"2022-06-15T18:00:24","slug":"primer-paso-imprimacion-trasnparente-concentrada-al-agua","status":"publish","type":"product","link":"https:\/\/www.pinturaselbex.com\/sitionuevo\/producto\/primer-paso-imprimacion-trasnparente-concentrada-al-agua\/","title":{"rendered":"PRIMER PASO &#8211; Imprimaci\u00f3n transparente concentrada al agua"},"content":{"rendered":"","protected":false},"excerpt":{"rendered":"<p>Fijador \u2013 Sellador concentrado e incoloro que fija, sella y uniforma la absorci\u00f3n de las superficies de yeso, enduido pl\u00e1stico, revoque, hormig\u00f3n, ladrillos, bloques, paneles pre-construidos, etc.<\/p>\n<p>Optimiza el rendimiento y la performance de la pintura de terminaci\u00f3n.<\/p>\n<p>&nbsp;<\/p>\n<p class=\"tiLabel\" style=\"text-align: left;\"><strong>PRESENTACIONES:<\/strong><\/p>\n<p>0,9 y 3,6 lts.<\/p>\n<p class=\"tiLabel\" style=\"text-align: left;\"><strong>HERRAMIENTAS:<\/strong><\/p>\n<p>Pincel, rodillo o soplete<\/p>\n<p class=\"tiLabel\" style=\"text-align: left;\"><strong>RENDIMIENTO:<\/strong><\/p>\n<p class=\"tiInput\" style=\"text-align: left;\">10 a 20 mt2 por litro<\/p>\n<p class=\"tiLabel\" style=\"text-align: left;\"><strong>SECADO:<\/strong><\/p>\n<p class=\"tiInput\" style=\"text-align: left;\">30 minutos<\/p>\n<p class=\"tiLabel\" style=\"text-align: left;\"><strong>COLORES:<\/strong><\/p>\n<p class=\"tiInput\" style=\"text-align: left;\">Incoloro<\/p>\n<p class=\"tiLabel\" style=\"text-align: left;\"><strong>SISTEMA DE COLOR:<\/strong><\/p>\n<p class=\"tiInput\" style=\"text-align: left;\">Puede ser te\u00f1ido con una peque\u00f1a cantidad de Entonador Universal TONELBEX, lo que permite detectar f\u00e1cil y r\u00e1pidamente las zonas donde se aplic\u00f3.<\/p>\n<table>\n<tbody>\n<tr>\n<th><a style=\"font-weight: 400;\" href=\"https:\/\/www.pinturaselbex.com\/sitionuevo\/wp-content\/uploads\/2022\/02\/ELBEX-Ficha-tecnica-Imprimacion-Transparente-Final.pdf\" target=\"_blank\" rel=\"noopener\"><span style=\"color: #333333;\"><img loading=\"lazy\" decoding=\"async\" class=\"alignnone size-full wp-image-3117\" src=\"https:\/\/www.pinturaselbex.com\/sitionuevo\/wp-content\/uploads\/2022\/01\/Icono-PDF.png\" alt=\"\" width=\"50\" height=\"50\" \/><\/span><\/a><\/th>\n<th><a style=\"font-weight: 400;\" href=\"https:\/\/www.pinturaselbex.com\/sitionuevo\/wp-content\/uploads\/2022\/02\/ELBEX-Ficha-tecnica-Imprimacion-Transparente-Final.pdf\" target=\"_blank\" rel=\"noopener\"><span style=\"color: #333333;\"><strong>Ficha t\u00e9cnica<\/strong><\/span><\/a><\/th>\n<\/tr>\n<\/tbody>\n<\/table>\n<p>&nbsp;<\/p>\n","protected":false},"featured_media":3756,"template":"","meta":{"_monsterinsights_skip_tracking":false,"_monsterinsights_sitenote_active":false,"_monsterinsights_sitenote_note":"","_monsterinsights_sitenote_category":0},"product_brand":[],"product_cat":[40,75],"product_tag":[87],"class_list":{"0":"post-3150","1":"product","2":"type-product","3":"status-publish","4":"has-post-thumbnail","6":"product_cat-arquitectonica","7":"product_cat-preparacion","8":"product_tag-preparacion","10":"first","11":"instock","12":"shipping-taxable","13":"product-type-simple"},"yoast_head":"<!-- This site is optimized with the Yoast SEO plugin v24.4 - https:\/\/yoast.com\/wordpress\/plugins\/seo\/ -->\n<title>PRIMER PASO - Imprimaci\u00f3n transparente concentrada al agua - ELBEX Pinturas<\/title>\n<meta name=\"description\" content=\"Fijador \u2013 Sellador concentrado e incoloro que fija, sella y uniforma la absorci\u00f3n de las superficies de yeso, enduido pl\u00e1stico, revoque, hormig\u00f3n, ladrillos, bloques, paneles pre-construidos, etc.Optimiza el rendimiento y la performance de la pintura de terminaci\u00f3n.\" \/>\n<meta name=\"robots\" content=\"index, follow, max-snippet:-1, max-image-preview:large, max-video-preview:-1\" \/>\n<link rel=\"canonical\" href=\"https:\/\/www.pinturaselbex.com\/sitionuevo\/producto\/primer-paso-imprimacion-trasnparente-concentrada-al-agua\/\" \/>\n<meta property=\"og:locale\" content=\"es_ES\" \/>\n<meta property=\"og:type\" content=\"article\" \/>\n<meta property=\"og:title\" content=\"PRIMER PASO - Imprimaci\u00f3n transparente concentrada al agua - ELBEX Pinturas\" \/>\n<meta property=\"og:description\" content=\"Fijador \u2013 Sellador concentrado e incoloro que fija, sella y uniforma la absorci\u00f3n de las superficies de yeso, enduido pl\u00e1stico, revoque, hormig\u00f3n, ladrillos, bloques, paneles pre-construidos, etc.Optimiza el rendimiento y la performance de la pintura de terminaci\u00f3n.\" \/>\n<meta property=\"og:url\" content=\"https:\/\/www.pinturaselbex.com\/sitionuevo\/producto\/primer-paso-imprimacion-trasnparente-concentrada-al-agua\/\" \/>\n<meta property=\"og:site_name\" content=\"ELBEX Pinturas\" \/>\n<meta property=\"article:modified_time\" content=\"2022-06-15T18:00:24+00:00\" \/>\n<meta property=\"og:image\" content=\"http:\/\/www.pinturaselbex.com\/sitionuevo\/wp-content\/uploads\/2022\/02\/Primer_paso_2.jpg\" \/>\n\t<meta property=\"og:image:width\" content=\"800\" \/>\n\t<meta property=\"og:image:height\" content=\"800\" \/>\n\t<meta property=\"og:image:type\" content=\"image\/jpeg\" \/>\n<meta name=\"twitter:card\" content=\"summary_large_image\" \/>\n<script type=\"application\/ld+json\" class=\"yoast-schema-graph\">{\"@context\":\"https:\/\/schema.org\",\"@graph\":[{\"@type\":\"WebPage\",\"@id\":\"https:\/\/www.pinturaselbex.com\/sitionuevo\/producto\/primer-paso-imprimacion-trasnparente-concentrada-al-agua\/\",\"url\":\"https:\/\/www.pinturaselbex.com\/sitionuevo\/producto\/primer-paso-imprimacion-trasnparente-concentrada-al-agua\/\",\"name\":\"PRIMER PASO - Imprimaci\u00f3n transparente concentrada al agua - ELBEX Pinturas\",\"isPartOf\":{\"@id\":\"https:\/\/www.pinturaselbex.com\/sitionuevo\/#website\"},\"primaryImageOfPage\":{\"@id\":\"https:\/\/www.pinturaselbex.com\/sitionuevo\/producto\/primer-paso-imprimacion-trasnparente-concentrada-al-agua\/#primaryimage\"},\"image\":{\"@id\":\"https:\/\/www.pinturaselbex.com\/sitionuevo\/producto\/primer-paso-imprimacion-trasnparente-concentrada-al-agua\/#primaryimage\"},\"thumbnailUrl\":\"https:\/\/www.pinturaselbex.com\/sitionuevo\/wp-content\/uploads\/2022\/02\/Primer_paso_2.jpg\",\"datePublished\":\"2022-02-07T15:32:50+00:00\",\"dateModified\":\"2022-06-15T18:00:24+00:00\",\"description\":\"Fijador \u2013 Sellador concentrado e incoloro que fija, sella y uniforma la absorci\u00f3n de las superficies de yeso, enduido pl\u00e1stico, revoque, hormig\u00f3n, ladrillos, bloques, paneles pre-construidos, etc.Optimiza el rendimiento y la performance de la pintura de terminaci\u00f3n.\",\"breadcrumb\":{\"@id\":\"https:\/\/www.pinturaselbex.com\/sitionuevo\/producto\/primer-paso-imprimacion-trasnparente-concentrada-al-agua\/#breadcrumb\"},\"inLanguage\":\"es\",\"potentialAction\":[{\"@type\":\"ReadAction\",\"target\":[\"https:\/\/www.pinturaselbex.com\/sitionuevo\/producto\/primer-paso-imprimacion-trasnparente-concentrada-al-agua\/\"]}]},{\"@type\":\"ImageObject\",\"inLanguage\":\"es\",\"@id\":\"https:\/\/www.pinturaselbex.com\/sitionuevo\/producto\/primer-paso-imprimacion-trasnparente-concentrada-al-agua\/#primaryimage\",\"url\":\"https:\/\/www.pinturaselbex.com\/sitionuevo\/wp-content\/uploads\/2022\/02\/Primer_paso_2.jpg\",\"contentUrl\":\"https:\/\/www.pinturaselbex.com\/sitionuevo\/wp-content\/uploads\/2022\/02\/Primer_paso_2.jpg\",\"width\":800,\"height\":800},{\"@type\":\"BreadcrumbList\",\"@id\":\"https:\/\/www.pinturaselbex.com\/sitionuevo\/producto\/primer-paso-imprimacion-trasnparente-concentrada-al-agua\/#breadcrumb\",\"itemListElement\":[{\"@type\":\"ListItem\",\"position\":1,\"name\":\"Portada\",\"item\":\"https:\/\/www.pinturaselbex.com\/sitionuevo\/\"},{\"@type\":\"ListItem\",\"position\":2,\"name\":\"Tienda\",\"item\":\"https:\/\/www.pinturaselbex.com\/sitionuevo\/tienda\/\"},{\"@type\":\"ListItem\",\"position\":3,\"name\":\"PRIMER PASO &#8211; Imprimaci\u00f3n transparente concentrada al agua\"}]},{\"@type\":\"WebSite\",\"@id\":\"https:\/\/www.pinturaselbex.com\/sitionuevo\/#website\",\"url\":\"https:\/\/www.pinturaselbex.com\/sitionuevo\/\",\"name\":\"ELBEX Pinturas\",\"description\":\"Pinturas para interiores y exteriores\",\"potentialAction\":[{\"@type\":\"SearchAction\",\"target\":{\"@type\":\"EntryPoint\",\"urlTemplate\":\"https:\/\/www.pinturaselbex.com\/sitionuevo\/?s={search_term_string}\"},\"query-input\":{\"@type\":\"PropertyValueSpecification\",\"valueRequired\":true,\"valueName\":\"search_term_string\"}}],\"inLanguage\":\"es\"}]}<\/script>\n<!-- \/ Yoast SEO plugin. -->","yoast_head_json":{"title":"PRIMER PASO - Imprimaci\u00f3n transparente concentrada al agua - ELBEX Pinturas","description":"Fijador \u2013 Sellador concentrado e incoloro que fija, sella y uniforma la absorci\u00f3n de las superficies de yeso, enduido pl\u00e1stico, revoque, hormig\u00f3n, ladrillos, bloques, paneles pre-construidos, etc.Optimiza el rendimiento y la performance de la pintura de terminaci\u00f3n.","robots":{"index":"index","follow":"follow","max-snippet":"max-snippet:-1","max-image-preview":"max-image-preview:large","max-video-preview":"max-video-preview:-1"},"canonical":"https:\/\/www.pinturaselbex.com\/sitionuevo\/producto\/primer-paso-imprimacion-trasnparente-concentrada-al-agua\/","og_locale":"es_ES","og_type":"article","og_title":"PRIMER PASO - Imprimaci\u00f3n transparente concentrada al agua - ELBEX Pinturas","og_description":"Fijador \u2013 Sellador concentrado e incoloro que fija, sella y uniforma la absorci\u00f3n de las superficies de yeso, enduido pl\u00e1stico, revoque, hormig\u00f3n, ladrillos, bloques, paneles pre-construidos, etc.Optimiza el rendimiento y la performance de la pintura de terminaci\u00f3n.","og_url":"https:\/\/www.pinturaselbex.com\/sitionuevo\/producto\/primer-paso-imprimacion-trasnparente-concentrada-al-agua\/","og_site_name":"ELBEX Pinturas","article_modified_time":"2022-06-15T18:00:24+00:00","og_image":[{"width":800,"height":800,"url":"http:\/\/www.pinturaselbex.com\/sitionuevo\/wp-content\/uploads\/2022\/02\/Primer_paso_2.jpg","type":"image\/jpeg"}],"twitter_card":"summary_large_image","schema":{"@context":"https:\/\/schema.org","@graph":[{"@type":"WebPage","@id":"https:\/\/www.pinturaselbex.com\/sitionuevo\/producto\/primer-paso-imprimacion-trasnparente-concentrada-al-agua\/","url":"https:\/\/www.pinturaselbex.com\/sitionuevo\/producto\/primer-paso-imprimacion-trasnparente-concentrada-al-agua\/","name":"PRIMER PASO - Imprimaci\u00f3n transparente concentrada al agua - ELBEX Pinturas","isPartOf":{"@id":"https:\/\/www.pinturaselbex.com\/sitionuevo\/#website"},"primaryImageOfPage":{"@id":"https:\/\/www.pinturaselbex.com\/sitionuevo\/producto\/primer-paso-imprimacion-trasnparente-concentrada-al-agua\/#primaryimage"},"image":{"@id":"https:\/\/www.pinturaselbex.com\/sitionuevo\/producto\/primer-paso-imprimacion-trasnparente-concentrada-al-agua\/#primaryimage"},"thumbnailUrl":"https:\/\/www.pinturaselbex.com\/sitionuevo\/wp-content\/uploads\/2022\/02\/Primer_paso_2.jpg","datePublished":"2022-02-07T15:32:50+00:00","dateModified":"2022-06-15T18:00:24+00:00","description":"Fijador \u2013 Sellador concentrado e incoloro que fija, sella y uniforma la absorci\u00f3n de las superficies de yeso, enduido pl\u00e1stico, revoque, hormig\u00f3n, ladrillos, bloques, paneles pre-construidos, etc.Optimiza el rendimiento y la performance de la pintura de terminaci\u00f3n.","breadcrumb":{"@id":"https:\/\/www.pinturaselbex.com\/sitionuevo\/producto\/primer-paso-imprimacion-trasnparente-concentrada-al-agua\/#breadcrumb"},"inLanguage":"es","potentialAction":[{"@type":"ReadAction","target":["https:\/\/www.pinturaselbex.com\/sitionuevo\/producto\/primer-paso-imprimacion-trasnparente-concentrada-al-agua\/"]}]},{"@type":"ImageObject","inLanguage":"es","@id":"https:\/\/www.pinturaselbex.com\/sitionuevo\/producto\/primer-paso-imprimacion-trasnparente-concentrada-al-agua\/#primaryimage","url":"https:\/\/www.pinturaselbex.com\/sitionuevo\/wp-content\/uploads\/2022\/02\/Primer_paso_2.jpg","contentUrl":"https:\/\/www.pinturaselbex.com\/sitionuevo\/wp-content\/uploads\/2022\/02\/Primer_paso_2.jpg","width":800,"height":800},{"@type":"BreadcrumbList","@id":"https:\/\/www.pinturaselbex.com\/sitionuevo\/producto\/primer-paso-imprimacion-trasnparente-concentrada-al-agua\/#breadcrumb","itemListElement":[{"@type":"ListItem","position":1,"name":"Portada","item":"https:\/\/www.pinturaselbex.com\/sitionuevo\/"},{"@type":"ListItem","position":2,"name":"Tienda","item":"https:\/\/www.pinturaselbex.com\/sitionuevo\/tienda\/"},{"@type":"ListItem","position":3,"name":"PRIMER PASO &#8211; Imprimaci\u00f3n transparente concentrada al agua"}]},{"@type":"WebSite","@id":"https:\/\/www.pinturaselbex.com\/sitionuevo\/#website","url":"https:\/\/www.pinturaselbex.com\/sitionuevo\/","name":"ELBEX Pinturas","description":"Pinturas para interiores y exteriores","potentialAction":[{"@type":"SearchAction","target":{"@type":"EntryPoint","urlTemplate":"https:\/\/www.pinturaselbex.com\/sitionuevo\/?s={search_term_string}"},"query-input":{"@type":"PropertyValueSpecification","valueRequired":true,"valueName":"search_term_string"}}],"inLanguage":"es"}]}},"_links":{"self":[{"href":"https:\/\/www.pinturaselbex.com\/sitionuevo\/wp-json\/wp\/v2\/product\/3150","targetHints":{"allow":["GET"]}}],"collection":[{"href":"https:\/\/www.pinturaselbex.com\/sitionuevo\/wp-json\/wp\/v2\/product"}],"about":[{"href":"https:\/\/www.pinturaselbex.com\/sitionuevo\/wp-json\/wp\/v2\/types\/product"}],"wp:featuredmedia":[{"embeddable":true,"href":"https:\/\/www.pinturaselbex.com\/sitionuevo\/wp-json\/wp\/v2\/media\/3756"}],"wp:attachment":[{"href":"https:\/\/www.pinturaselbex.com\/sitionuevo\/wp-json\/wp\/v2\/media?parent=3150"}],"wp:term":[{"taxonomy":"product_brand","embeddable":true,"href":"https:\/\/www.pinturaselbex.com\/sitionuevo\/wp-json\/wp\/v2\/product_brand?post=3150"},{"taxonomy":"product_cat","embeddable":true,"href":"https:\/\/www.pinturaselbex.com\/sitionuevo\/wp-json\/wp\/v2\/product_cat?post=3150"},{"taxonomy":"product_tag","embeddable":true,"href":"https:\/\/www.pinturaselbex.com\/sitionuevo\/wp-json\/wp\/v2\/product_tag?post=3150"}],"curies":[{"name":"wp","href":"https:\/\/api.w.org\/{rel}","templated":true}]}}