{"id":3007,"date":"2022-01-25T15:24:51","date_gmt":"2022-01-25T15:24:51","guid":{"rendered":"http:\/\/www.pinturaselbex.com\/sitionuevo\/producto\/hoodie-with-logo\/"},"modified":"2024-09-02T14:22:45","modified_gmt":"2024-09-02T14:22:45","slug":"protelbex-interior-lavable","status":"publish","type":"product","link":"https:\/\/www.pinturaselbex.com\/sitionuevo\/producto\/protelbex-interior-lavable\/","title":{"rendered":"Protelbex Interior Lavable"},"content":{"rendered":"","protected":false},"excerpt":{"rendered":"<p>Producto de primer nivel para proteger y decorar las paredes interiores.<br \/>\nEsta\u0301 especialmente formulado para brindar todas las prestaciones que se le puede exigir a un recubrimiento para ambientes interiores de alta gama:<br \/>\n\u2013 Alto poder cubritivo<br \/>\n\u2013 Excelente nivelamiento y mi\u0301nimo salpicado<br \/>\n\u2013 Gran resistencia al frote hu\u0301medo (lavabilidad)<br \/>\n\u2013 Durabilidad y adherencia excelentes<br \/>\n\u2013 Barrera especial contra el desarrollo de hongos y moho \u2013 Fa\u0301cil aplicacio\u0301n, ra\u0301pido secado y no deja olor.<\/p>\n<p>&nbsp;<\/p>\n<p class=\"tiLabel\" style=\"text-align: left;\"><strong>PRESENTACIONES:<\/strong><\/p>\n<p>1, 4, 20 litros<\/p>\n<p class=\"tiLabel\" style=\"text-align: left;\"><strong>HERRAMIENTAS:<\/strong><\/p>\n<p>Brocha, rodillo, soplete<\/p>\n<p class=\"tiLabel\" style=\"text-align: left;\"><strong>RENDIMIENTO:<\/strong><\/p>\n<p class=\"tiInput\" style=\"text-align: left;\">12 a 14 m\u00b2 por litro por mano<\/p>\n<p class=\"tiLabel\" style=\"text-align: left;\"><strong>SECADO:<\/strong><\/p>\n<p class=\"tiInput\" style=\"text-align: left;\">&#8211; Secado tacto : 30 minutos.<br \/>\n&#8211; Repintado m\u00ednimo : 3 horas.<\/p>\n<p class=\"tiLabel\" style=\"text-align: left;\"><strong>COLORES:<\/strong><\/p>\n<p class=\"tiInput\" style=\"text-align: left;\">Ver muestrario<\/p>\n<p class=\"tiLabel\" style=\"text-align: left;\"><strong>SISTEMA DE COLOR:<\/strong><\/p>\n<p class=\"tiInput\" style=\"text-align: left;\">PROTELBEX INTERIOR MATE Y SATINADO son aptos para ser entonados con Entonador Universal TONELBEX (hasta un m\u00e1ximo 1 sachet\/ litro) y con el Sistema de Color COLORELBEX.<\/p>\n<p>&nbsp;<\/p>\n<table>\n<tbody>\n<tr>\n<th><a style=\"font-weight: 400;\" href=\"https:\/\/www.pinturaselbex.com\/sitionuevo\/wp-content\/uploads\/2022\/02\/ELBEX-Ficha-tecnica-Protelbex-Interior-Final.pdf\" target=\"_blank\" rel=\"noopener\"><span style=\"color: #333333;\"><img loading=\"lazy\" decoding=\"async\" class=\"alignnone size-full wp-image-3117\" src=\"https:\/\/www.pinturaselbex.com\/sitionuevo\/wp-content\/uploads\/2022\/01\/Icono-PDF.png\" alt=\"\" width=\"50\" height=\"50\" \/><\/span><\/a><\/th>\n<th><a style=\"font-weight: 400;\" href=\"https:\/\/www.pinturaselbex.com\/sitionuevo\/wp-content\/uploads\/2022\/02\/ELBEX-Ficha-tecnica-Protelbex-Interior-Final.pdf\" target=\"_blank\" rel=\"noopener\"><span style=\"color: #333333;\">Ficha t\u00e9cnica<\/span><\/a><\/th>\n<\/tr>\n<\/tbody>\n<\/table>\n<table>\n<tbody>\n<tr>\n<th><a href=\"https:\/\/www.pinturaselbex.com\/sitionuevo\/wp-content\/uploads\/2022\/02\/ELBEX-Ficha-tecnica-Protelbex-Frentes-Final.pdf\" target=\"_blank\" rel=\"noopener\"><img loading=\"lazy\" decoding=\"async\" class=\"alignnone size-full wp-image-3117\" src=\"https:\/\/www.pinturaselbex.com\/sitionuevo\/wp-content\/uploads\/2022\/01\/Icono-PDF.png\" alt=\"\" width=\"50\" height=\"50\" \/><\/a><\/th>\n<th><a href=\"https:\/\/www.pinturaselbex.com\/sitionuevo\/wp-content\/uploads\/2024\/09\/sds-Protelbex-interior.pdf\" target=\"_blank\" rel=\"noopener\">Hoja de seguridad<\/a><\/th>\n<\/tr>\n<\/tbody>\n<\/table>\n","protected":false},"featured_media":3761,"template":"","meta":{"_monsterinsights_skip_tracking":false,"_monsterinsights_sitenote_active":false,"_monsterinsights_sitenote_note":"","_monsterinsights_sitenote_category":0},"product_brand":[],"product_cat":[40,83],"product_tag":[82],"class_list":{"0":"post-3007","1":"product","2":"type-product","3":"status-publish","4":"has-post-thumbnail","6":"product_cat-arquitectonica","7":"product_cat-latex","8":"product_tag-protelbex","10":"first","11":"outofstock","12":"shipping-taxable","13":"product-type-simple"},"yoast_head":"<!-- This site is optimized with the Yoast SEO plugin v24.4 - https:\/\/yoast.com\/wordpress\/plugins\/seo\/ -->\n<title>Protelbex Interior Lavable - ELBEX Pinturas<\/title>\n<meta name=\"description\" content=\"Producto de primer nivel para proteger y decorar las paredes interiores. Recubrimiento acr\u00edlico lavable de primer nivel para proteger y decorar las paredes interiores, de f\u00e1cil aplicaci\u00f3n con m\u00ednimo salpicado y bajo olor. Su pel\u00edcula forma una excelente barrera contra el desarrollo de hongos y moho.\" \/>\n<meta name=\"robots\" content=\"index, follow, max-snippet:-1, max-image-preview:large, max-video-preview:-1\" \/>\n<link rel=\"canonical\" href=\"https:\/\/www.pinturaselbex.com\/sitionuevo\/producto\/protelbex-interior-lavable\/\" \/>\n<meta property=\"og:locale\" content=\"es_ES\" \/>\n<meta property=\"og:type\" content=\"article\" \/>\n<meta property=\"og:title\" content=\"Protelbex Interior Lavable - ELBEX Pinturas\" \/>\n<meta property=\"og:description\" content=\"Producto de primer nivel para proteger y decorar las paredes interiores. Recubrimiento acr\u00edlico lavable de primer nivel para proteger y decorar las paredes interiores, de f\u00e1cil aplicaci\u00f3n con m\u00ednimo salpicado y bajo olor. Su pel\u00edcula forma una excelente barrera contra el desarrollo de hongos y moho.\" \/>\n<meta property=\"og:url\" content=\"https:\/\/www.pinturaselbex.com\/sitionuevo\/producto\/protelbex-interior-lavable\/\" \/>\n<meta property=\"og:site_name\" content=\"ELBEX Pinturas\" \/>\n<meta property=\"article:modified_time\" content=\"2024-09-02T14:22:45+00:00\" \/>\n<meta property=\"og:image\" content=\"https:\/\/www.pinturaselbex.com\/sitionuevo\/wp-content\/uploads\/2022\/01\/Protelbex_InteriorLavable_2.jpg\" \/>\n\t<meta property=\"og:image:width\" content=\"800\" \/>\n\t<meta property=\"og:image:height\" content=\"800\" \/>\n\t<meta property=\"og:image:type\" content=\"image\/jpeg\" \/>\n<meta name=\"twitter:card\" content=\"summary_large_image\" \/>\n<script type=\"application\/ld+json\" class=\"yoast-schema-graph\">{\"@context\":\"https:\/\/schema.org\",\"@graph\":[{\"@type\":\"WebPage\",\"@id\":\"https:\/\/www.pinturaselbex.com\/sitionuevo\/producto\/protelbex-interior-lavable\/\",\"url\":\"https:\/\/www.pinturaselbex.com\/sitionuevo\/producto\/protelbex-interior-lavable\/\",\"name\":\"Protelbex Interior Lavable - ELBEX Pinturas\",\"isPartOf\":{\"@id\":\"https:\/\/www.pinturaselbex.com\/sitionuevo\/#website\"},\"primaryImageOfPage\":{\"@id\":\"https:\/\/www.pinturaselbex.com\/sitionuevo\/producto\/protelbex-interior-lavable\/#primaryimage\"},\"image\":{\"@id\":\"https:\/\/www.pinturaselbex.com\/sitionuevo\/producto\/protelbex-interior-lavable\/#primaryimage\"},\"thumbnailUrl\":\"https:\/\/www.pinturaselbex.com\/sitionuevo\/wp-content\/uploads\/2022\/01\/Protelbex_InteriorLavable_2.jpg\",\"datePublished\":\"2022-01-25T15:24:51+00:00\",\"dateModified\":\"2024-09-02T14:22:45+00:00\",\"description\":\"Producto de primer nivel para proteger y decorar las paredes interiores. Recubrimiento acr\u00edlico lavable de primer nivel para proteger y decorar las paredes interiores, de f\u00e1cil aplicaci\u00f3n con m\u00ednimo salpicado y bajo olor. Su pel\u00edcula forma una excelente barrera contra el desarrollo de hongos y moho.\",\"breadcrumb\":{\"@id\":\"https:\/\/www.pinturaselbex.com\/sitionuevo\/producto\/protelbex-interior-lavable\/#breadcrumb\"},\"inLanguage\":\"es\",\"potentialAction\":[{\"@type\":\"ReadAction\",\"target\":[\"https:\/\/www.pinturaselbex.com\/sitionuevo\/producto\/protelbex-interior-lavable\/\"]}]},{\"@type\":\"ImageObject\",\"inLanguage\":\"es\",\"@id\":\"https:\/\/www.pinturaselbex.com\/sitionuevo\/producto\/protelbex-interior-lavable\/#primaryimage\",\"url\":\"https:\/\/www.pinturaselbex.com\/sitionuevo\/wp-content\/uploads\/2022\/01\/Protelbex_InteriorLavable_2.jpg\",\"contentUrl\":\"https:\/\/www.pinturaselbex.com\/sitionuevo\/wp-content\/uploads\/2022\/01\/Protelbex_InteriorLavable_2.jpg\",\"width\":800,\"height\":800},{\"@type\":\"BreadcrumbList\",\"@id\":\"https:\/\/www.pinturaselbex.com\/sitionuevo\/producto\/protelbex-interior-lavable\/#breadcrumb\",\"itemListElement\":[{\"@type\":\"ListItem\",\"position\":1,\"name\":\"Portada\",\"item\":\"https:\/\/www.pinturaselbex.com\/sitionuevo\/\"},{\"@type\":\"ListItem\",\"position\":2,\"name\":\"Tienda\",\"item\":\"https:\/\/www.pinturaselbex.com\/sitionuevo\/tienda\/\"},{\"@type\":\"ListItem\",\"position\":3,\"name\":\"Protelbex Interior Lavable\"}]},{\"@type\":\"WebSite\",\"@id\":\"https:\/\/www.pinturaselbex.com\/sitionuevo\/#website\",\"url\":\"https:\/\/www.pinturaselbex.com\/sitionuevo\/\",\"name\":\"ELBEX Pinturas\",\"description\":\"Pinturas para interiores y exteriores\",\"potentialAction\":[{\"@type\":\"SearchAction\",\"target\":{\"@type\":\"EntryPoint\",\"urlTemplate\":\"https:\/\/www.pinturaselbex.com\/sitionuevo\/?s={search_term_string}\"},\"query-input\":{\"@type\":\"PropertyValueSpecification\",\"valueRequired\":true,\"valueName\":\"search_term_string\"}}],\"inLanguage\":\"es\"}]}<\/script>\n<!-- \/ Yoast SEO plugin. -->","yoast_head_json":{"title":"Protelbex Interior Lavable - ELBEX Pinturas","description":"Producto de primer nivel para proteger y decorar las paredes interiores. Recubrimiento acr\u00edlico lavable de primer nivel para proteger y decorar las paredes interiores, de f\u00e1cil aplicaci\u00f3n con m\u00ednimo salpicado y bajo olor. Su pel\u00edcula forma una excelente barrera contra el desarrollo de hongos y moho.","robots":{"index":"index","follow":"follow","max-snippet":"max-snippet:-1","max-image-preview":"max-image-preview:large","max-video-preview":"max-video-preview:-1"},"canonical":"https:\/\/www.pinturaselbex.com\/sitionuevo\/producto\/protelbex-interior-lavable\/","og_locale":"es_ES","og_type":"article","og_title":"Protelbex Interior Lavable - ELBEX Pinturas","og_description":"Producto de primer nivel para proteger y decorar las paredes interiores. Recubrimiento acr\u00edlico lavable de primer nivel para proteger y decorar las paredes interiores, de f\u00e1cil aplicaci\u00f3n con m\u00ednimo salpicado y bajo olor. Su pel\u00edcula forma una excelente barrera contra el desarrollo de hongos y moho.","og_url":"https:\/\/www.pinturaselbex.com\/sitionuevo\/producto\/protelbex-interior-lavable\/","og_site_name":"ELBEX Pinturas","article_modified_time":"2024-09-02T14:22:45+00:00","og_image":[{"width":800,"height":800,"url":"https:\/\/www.pinturaselbex.com\/sitionuevo\/wp-content\/uploads\/2022\/01\/Protelbex_InteriorLavable_2.jpg","type":"image\/jpeg"}],"twitter_card":"summary_large_image","schema":{"@context":"https:\/\/schema.org","@graph":[{"@type":"WebPage","@id":"https:\/\/www.pinturaselbex.com\/sitionuevo\/producto\/protelbex-interior-lavable\/","url":"https:\/\/www.pinturaselbex.com\/sitionuevo\/producto\/protelbex-interior-lavable\/","name":"Protelbex Interior Lavable - ELBEX Pinturas","isPartOf":{"@id":"https:\/\/www.pinturaselbex.com\/sitionuevo\/#website"},"primaryImageOfPage":{"@id":"https:\/\/www.pinturaselbex.com\/sitionuevo\/producto\/protelbex-interior-lavable\/#primaryimage"},"image":{"@id":"https:\/\/www.pinturaselbex.com\/sitionuevo\/producto\/protelbex-interior-lavable\/#primaryimage"},"thumbnailUrl":"https:\/\/www.pinturaselbex.com\/sitionuevo\/wp-content\/uploads\/2022\/01\/Protelbex_InteriorLavable_2.jpg","datePublished":"2022-01-25T15:24:51+00:00","dateModified":"2024-09-02T14:22:45+00:00","description":"Producto de primer nivel para proteger y decorar las paredes interiores. Recubrimiento acr\u00edlico lavable de primer nivel para proteger y decorar las paredes interiores, de f\u00e1cil aplicaci\u00f3n con m\u00ednimo salpicado y bajo olor. Su pel\u00edcula forma una excelente barrera contra el desarrollo de hongos y moho.","breadcrumb":{"@id":"https:\/\/www.pinturaselbex.com\/sitionuevo\/producto\/protelbex-interior-lavable\/#breadcrumb"},"inLanguage":"es","potentialAction":[{"@type":"ReadAction","target":["https:\/\/www.pinturaselbex.com\/sitionuevo\/producto\/protelbex-interior-lavable\/"]}]},{"@type":"ImageObject","inLanguage":"es","@id":"https:\/\/www.pinturaselbex.com\/sitionuevo\/producto\/protelbex-interior-lavable\/#primaryimage","url":"https:\/\/www.pinturaselbex.com\/sitionuevo\/wp-content\/uploads\/2022\/01\/Protelbex_InteriorLavable_2.jpg","contentUrl":"https:\/\/www.pinturaselbex.com\/sitionuevo\/wp-content\/uploads\/2022\/01\/Protelbex_InteriorLavable_2.jpg","width":800,"height":800},{"@type":"BreadcrumbList","@id":"https:\/\/www.pinturaselbex.com\/sitionuevo\/producto\/protelbex-interior-lavable\/#breadcrumb","itemListElement":[{"@type":"ListItem","position":1,"name":"Portada","item":"https:\/\/www.pinturaselbex.com\/sitionuevo\/"},{"@type":"ListItem","position":2,"name":"Tienda","item":"https:\/\/www.pinturaselbex.com\/sitionuevo\/tienda\/"},{"@type":"ListItem","position":3,"name":"Protelbex Interior Lavable"}]},{"@type":"WebSite","@id":"https:\/\/www.pinturaselbex.com\/sitionuevo\/#website","url":"https:\/\/www.pinturaselbex.com\/sitionuevo\/","name":"ELBEX Pinturas","description":"Pinturas para interiores y exteriores","potentialAction":[{"@type":"SearchAction","target":{"@type":"EntryPoint","urlTemplate":"https:\/\/www.pinturaselbex.com\/sitionuevo\/?s={search_term_string}"},"query-input":{"@type":"PropertyValueSpecification","valueRequired":true,"valueName":"search_term_string"}}],"inLanguage":"es"}]}},"_links":{"self":[{"href":"https:\/\/www.pinturaselbex.com\/sitionuevo\/wp-json\/wp\/v2\/product\/3007","targetHints":{"allow":["GET"]}}],"collection":[{"href":"https:\/\/www.pinturaselbex.com\/sitionuevo\/wp-json\/wp\/v2\/product"}],"about":[{"href":"https:\/\/www.pinturaselbex.com\/sitionuevo\/wp-json\/wp\/v2\/types\/product"}],"wp:featuredmedia":[{"embeddable":true,"href":"https:\/\/www.pinturaselbex.com\/sitionuevo\/wp-json\/wp\/v2\/media\/3761"}],"wp:attachment":[{"href":"https:\/\/www.pinturaselbex.com\/sitionuevo\/wp-json\/wp\/v2\/media?parent=3007"}],"wp:term":[{"taxonomy":"product_brand","embeddable":true,"href":"https:\/\/www.pinturaselbex.com\/sitionuevo\/wp-json\/wp\/v2\/product_brand?post=3007"},{"taxonomy":"product_cat","embeddable":true,"href":"https:\/\/www.pinturaselbex.com\/sitionuevo\/wp-json\/wp\/v2\/product_cat?post=3007"},{"taxonomy":"product_tag","embeddable":true,"href":"https:\/\/www.pinturaselbex.com\/sitionuevo\/wp-json\/wp\/v2\/product_tag?post=3007"}],"curies":[{"name":"wp","href":"https:\/\/api.w.org\/{rel}","templated":true}]}}